{"id":107396,"date":"2026-04-15T09:32:17","date_gmt":"2026-04-15T09:32:17","guid":{"rendered":"https:\/\/e.kosmolat.eu\/product\/bradoline-sana-kaju-puder-bez-talka-augu-speks-100-g\/"},"modified":"2026-04-15T09:32:26","modified_gmt":"2026-04-15T09:32:26","slug":"bradoline-sana-kaju-puder-bez-talka-augu-speks-100-g","status":"publish","type":"product","link":"https:\/\/e.kosmolat.eu\/lt\/produktas\/bradoline-sana-kaju-puder-bez-talka-augu-speks-100-g\/","title":{"rendered":"BRADOLINE Sana p\u0117d\u0173 pudra be talko, Augal\u0173 galia, 100 g"},"content":{"rendered":"<p>Sud\u0117tyje yra antiperspiranto, raminan\u010dio isop\u0173 ekstrakto ir citrin\u017eoli\u0173 aliejaus. \u0160is kvap\u0105 sugeriantis dezodorantas maitina od\u0105 ir palaiko p\u0117das sausas.<\/p>\n<p>\u012esp\u0117jimas: Venkite \u012fkv\u0117pti milteli\u0173!<\/p>\n","protected":false},"excerpt":{"rendered":"<p>Sud\u0117tyje yra antiperspiranto, raminan\u010dio isop\u0173 ekstrakto ir citrin\u017eoli\u0173 aliejaus. \u0160is kvap\u0105 sugeriantis dezodorantas maitina od\u0105 ir palaiko p\u0117das sausas. \u012esp\u0117jimas: Venkite \u012fkv\u0117pti milteli\u0173!<\/p>\n","protected":false},"featured_media":107398,"template":"","meta":[],"product_cat":[1763],"product_tag":[],"class_list":{"0":"post-107396","1":"product","2":"type-product","3":"status-publish","4":"has-post-thumbnail","6":"product_brand-florin_hu-lt","7":"product_cat-koju-prieziuros-kosmetika","9":"first","10":"instock","11":"taxable","12":"shipping-taxable","13":"product-type-simple"},"_links":{"self":[{"href":"https:\/\/e.kosmolat.eu\/lt\/wp-json\/wp\/v2\/product\/107396","targetHints":{"allow":["GET"]}}],"collection":[{"href":"https:\/\/e.kosmolat.eu\/lt\/wp-json\/wp\/v2\/product"}],"about":[{"href":"https:\/\/e.kosmolat.eu\/lt\/wp-json\/wp\/v2\/types\/product"}],"wp:featuredmedia":[{"embeddable":true,"href":"https:\/\/e.kosmolat.eu\/lt\/wp-json\/wp\/v2\/media\/107398"}],"wp:attachment":[{"href":"https:\/\/e.kosmolat.eu\/lt\/wp-json\/wp\/v2\/media?parent=107396"}],"wp:term":[{"taxonomy":"product_cat","embeddable":true,"href":"https:\/\/e.kosmolat.eu\/lt\/wp-json\/wp\/v2\/product_cat?post=107396"},{"taxonomy":"product_tag","embeddable":true,"href":"https:\/\/e.kosmolat.eu\/lt\/wp-json\/wp\/v2\/product_tag?post=107396"}],"curies":[{"name":"wp","href":"https:\/\/api.w.org\/{rel}","templated":true}]}}