{"id":107388,"date":"2026-04-15T09:31:58","date_gmt":"2026-04-15T09:31:58","guid":{"rendered":"https:\/\/e.kosmolat.eu\/product\/bradoline-sana-kaju-kops-krems-3-in-1-augu-speks-100-ml\/"},"modified":"2026-04-15T09:32:08","modified_gmt":"2026-04-15T09:32:08","slug":"bradoline-sana-kaju-kops-krems-3-in-1-augu-speks-100-ml","status":"publish","type":"product","link":"https:\/\/e.kosmolat.eu\/lt\/produktas\/bradoline-sana-kaju-kops-krems-3-in-1-augu-speks-100-ml\/","title":{"rendered":"BRADOLINE Sana 3 in1 p\u0117d\u0173 prie\u017ei\u016bros kremas augal\u0173 galia, 100 ml"},"content":{"rendered":"<p>Dr\u0117kina, maitina ir padeda i\u0161vengti nemaloni\u0173 kvap\u0173.<\/p>\n<p>Praturtintas botaniniais aktyviais ingredientais, \u201eSana 3-in-1\u201c p\u0117d\u0173 kremas rekomenduojamas kasdienei p\u0117d\u0173 prie\u017ei\u016brai. D\u0117l \u0161lapalo ir maitinam\u0173j\u0173 veikli\u0173j\u0173 med\u017eiag\u0173 sausa p\u0117d\u0173 oda tampa sudr\u0117kinta ir \u0161velni. Kremo formul\u0117 nepalieka riebios pl\u0117vel\u0117s ir lengvai \u012fsigeria. Jis padeda suma\u017einti prakaitavim\u0105, apsaugo nuo nemalonaus kvapo ir, d\u0117ka eterini\u0173 aliej\u0173, sustiprina dezodoruojant\u012f poveik\u012f.<\/p>\n<p>Naudojimas: Tepkite krem\u0105 ant \u0161vari\u0173 p\u0117d\u0173 ir kruop\u0161\u010diai \u012fmasa\u017euokite, ypating\u0105 d\u0117mes\u012f skirdami sri\u010diai tarp pir\u0161t\u0173.<\/p>\n","protected":false},"excerpt":{"rendered":"<p>Dr\u0117kina, maitina ir padeda i\u0161vengti nemaloni\u0173 kvap\u0173. Praturtintas botaniniais aktyviais ingredientais, \u201eSana 3-in-1\u201c p\u0117d\u0173 kremas rekomenduojamas kasdienei p\u0117d\u0173 prie\u017ei\u016brai. D\u0117l \u0161lapalo ir maitinam\u0173j\u0173 veikli\u0173j\u0173 med\u017eiag\u0173 sausa p\u0117d\u0173 oda tampa sudr\u0117kinta ir \u0161velni. Kremo formul\u0117 nepalieka riebios pl\u0117vel\u0117s ir lengvai \u012fsigeria. Jis padeda suma\u017einti prakaitavim\u0105, apsaugo nuo nemalonaus kvapo ir, d\u0117ka eterini\u0173 aliej\u0173, sustiprina dezodoruojant\u012f poveik\u012f. [&#8230;]\n","protected":false},"featured_media":107390,"template":"","meta":[],"product_cat":[1763],"product_tag":[],"class_list":{"0":"post-107388","1":"product","2":"type-product","3":"status-publish","4":"has-post-thumbnail","6":"product_brand-florin_hu-lt","7":"product_cat-koju-prieziuros-kosmetika","9":"first","10":"instock","11":"taxable","12":"shipping-taxable","13":"product-type-simple"},"_links":{"self":[{"href":"https:\/\/e.kosmolat.eu\/lt\/wp-json\/wp\/v2\/product\/107388","targetHints":{"allow":["GET"]}}],"collection":[{"href":"https:\/\/e.kosmolat.eu\/lt\/wp-json\/wp\/v2\/product"}],"about":[{"href":"https:\/\/e.kosmolat.eu\/lt\/wp-json\/wp\/v2\/types\/product"}],"wp:featuredmedia":[{"embeddable":true,"href":"https:\/\/e.kosmolat.eu\/lt\/wp-json\/wp\/v2\/media\/107390"}],"wp:attachment":[{"href":"https:\/\/e.kosmolat.eu\/lt\/wp-json\/wp\/v2\/media?parent=107388"}],"wp:term":[{"taxonomy":"product_cat","embeddable":true,"href":"https:\/\/e.kosmolat.eu\/lt\/wp-json\/wp\/v2\/product_cat?post=107388"},{"taxonomy":"product_tag","embeddable":true,"href":"https:\/\/e.kosmolat.eu\/lt\/wp-json\/wp\/v2\/product_tag?post=107388"}],"curies":[{"name":"wp","href":"https:\/\/api.w.org\/{rel}","templated":true}]}}