{"id":107363,"date":"2026-04-15T08:45:29","date_gmt":"2026-04-15T08:45:29","guid":{"rendered":"https:\/\/e.kosmolat.eu\/product\/c-organic-mimi-roku-krems-fruit-mix-50-ml\/"},"modified":"2026-04-17T05:57:40","modified_gmt":"2026-04-17T05:57:40","slug":"c-organic-mimi-roku-krems-fruit-mix-50-ml","status":"publish","type":"product","link":"https:\/\/e.kosmolat.eu\/lt\/produktas\/c-organic-mimi-roku-krems-fruit-mix-50-ml\/","title":{"rendered":"ORGANIC MIMI Vaisi\u0173 mi\u0161inio rank\u0173 kremas, 50 ml"},"content":{"rendered":"<p>Su kolagenu, ekologi\u0161ku avokad\u0173 aliejumi ir fig\u0173 ekstraktu.<\/p>\n<p>Naudojimas: tepkite ant \u0161vari\u0173, saus\u0173 rank\u0173. Tik i\u0161oriniam naudojimui.<\/p>\n","protected":false},"excerpt":{"rendered":"<p>Su kolagenu, ekologi\u0161ku avokad\u0173 aliejumi ir fig\u0173 ekstraktu. Naudojimas: tepkite ant \u0161vari\u0173, saus\u0173 rank\u0173. Tik i\u0161oriniam naudojimui.<\/p>\n","protected":false},"featured_media":107365,"template":"","meta":[],"product_cat":[1304],"product_tag":[],"class_list":{"0":"post-107363","1":"product","2":"type-product","3":"status-publish","4":"has-post-thumbnail","6":"product_brand-ecolab_cs-lt","7":"product_cat-ranku-prieziuros-kosmetika","9":"first","10":"instock","11":"taxable","12":"shipping-taxable","13":"product-type-simple"},"_links":{"self":[{"href":"https:\/\/e.kosmolat.eu\/lt\/wp-json\/wp\/v2\/product\/107363","targetHints":{"allow":["GET"]}}],"collection":[{"href":"https:\/\/e.kosmolat.eu\/lt\/wp-json\/wp\/v2\/product"}],"about":[{"href":"https:\/\/e.kosmolat.eu\/lt\/wp-json\/wp\/v2\/types\/product"}],"wp:featuredmedia":[{"embeddable":true,"href":"https:\/\/e.kosmolat.eu\/lt\/wp-json\/wp\/v2\/media\/107365"}],"wp:attachment":[{"href":"https:\/\/e.kosmolat.eu\/lt\/wp-json\/wp\/v2\/media?parent=107363"}],"wp:term":[{"taxonomy":"product_cat","embeddable":true,"href":"https:\/\/e.kosmolat.eu\/lt\/wp-json\/wp\/v2\/product_cat?post=107363"},{"taxonomy":"product_tag","embeddable":true,"href":"https:\/\/e.kosmolat.eu\/lt\/wp-json\/wp\/v2\/product_tag?post=107363"}],"curies":[{"name":"wp","href":"https:\/\/api.w.org\/{rel}","templated":true}]}}