{"id":107327,"date":"2026-04-15T05:51:03","date_gmt":"2026-04-15T05:51:03","guid":{"rendered":"https:\/\/e.kosmolat.eu\/product\/pl-pienins-kosmet-nonems-visiem-adas-tip-100-ml\/"},"modified":"2026-04-17T05:57:26","modified_gmt":"2026-04-17T05:57:26","slug":"pl-pienins-kosmet-nonems-visiem-adas-tip-100-ml","status":"publish","type":"product","link":"https:\/\/e.kosmolat.eu\/lt\/produktas\/pl-pienins-kosmet-nonems-visiem-adas-tip-100-ml\/","title":{"rendered":"PURE LINE Pienelis makia\u017eo valymui bet kokiai odai \u017eoleli\u0173 nuoviro pagrindu, 100 ml"},"content":{"rendered":"<p>Su brukni\u0173 ekstraktu. Maitinimas ir elastingumas. Sud\u0117tyje yra Nature Plus 5 ekstrakt\u0173 ir aliej\u0173 esencija (verben\u0173, bij\u016bn\u0173 ekstraktai, migdol\u0173, lin\u0173, alyvuogi\u0173 aliejai). Brukni\u0173 ekstraktas apsaugo nuo odos elastingumo praradimo. <\/p>\n<p>Naudojimas: U\u017etepkite pienelio ant vatos diskelio ir \u0161velniai nuvalykite od\u0105. Nereikia nuplauti. Tai n\u0117ra vaistinis preparatas. N\u0117ra maisto produktas. Atidarius sunaudoti per 12 m\u0117nesi\u0173. <\/p>\n<p>Saugojimo temperat\u016bra: +5 \u00b0C &#8211; +25 \u00b0C.<\/p>\n","protected":false},"excerpt":{"rendered":"<p>Su brukni\u0173 ekstraktu. Maitinimas ir elastingumas. Sud\u0117tyje yra Nature Plus 5 ekstrakt\u0173 ir aliej\u0173 esencija (verben\u0173, bij\u016bn\u0173 ekstraktai, migdol\u0173, lin\u0173, alyvuogi\u0173 aliejai). Brukni\u0173 ekstraktas apsaugo nuo odos elastingumo praradimo. Naudojimas: U\u017etepkite pienelio ant vatos diskelio ir \u0161velniai nuvalykite od\u0105. Nereikia nuplauti. Tai n\u0117ra vaistinis preparatas. N\u0117ra maisto produktas. Atidarius sunaudoti per 12 m\u0117nesi\u0173. Saugojimo temperat\u016bra: [&#8230;]\n","protected":false},"featured_media":107329,"template":"","meta":[],"product_cat":[1574],"product_tag":[],"class_list":{"0":"post-107327","1":"product","2":"type-product","3":"status-publish","4":"has-post-thumbnail","6":"product_brand-private-label-lt","7":"product_cat-pieneliai-ir-aliejai","9":"first","10":"instock","11":"taxable","12":"shipping-taxable","13":"product-type-simple"},"_links":{"self":[{"href":"https:\/\/e.kosmolat.eu\/lt\/wp-json\/wp\/v2\/product\/107327","targetHints":{"allow":["GET"]}}],"collection":[{"href":"https:\/\/e.kosmolat.eu\/lt\/wp-json\/wp\/v2\/product"}],"about":[{"href":"https:\/\/e.kosmolat.eu\/lt\/wp-json\/wp\/v2\/types\/product"}],"wp:featuredmedia":[{"embeddable":true,"href":"https:\/\/e.kosmolat.eu\/lt\/wp-json\/wp\/v2\/media\/107329"}],"wp:attachment":[{"href":"https:\/\/e.kosmolat.eu\/lt\/wp-json\/wp\/v2\/media?parent=107327"}],"wp:term":[{"taxonomy":"product_cat","embeddable":true,"href":"https:\/\/e.kosmolat.eu\/lt\/wp-json\/wp\/v2\/product_cat?post=107327"},{"taxonomy":"product_tag","embeddable":true,"href":"https:\/\/e.kosmolat.eu\/lt\/wp-json\/wp\/v2\/product_tag?post=107327"}],"curies":[{"name":"wp","href":"https:\/\/api.w.org\/{rel}","templated":true}]}}