{"id":107323,"date":"2026-04-14T16:23:28","date_gmt":"2026-04-14T16:23:28","guid":{"rendered":"https:\/\/e.kosmolat.eu\/product\/ip-scalp-care-sampuns-matu-atjaunosanai-250-ml\/"},"modified":"2026-04-24T06:29:54","modified_gmt":"2026-04-24T06:29:54","slug":"ip-scalp-care-sampuns-matu-atjaunosanai-250-ml","status":"publish","type":"product","link":"https:\/\/e.kosmolat.eu\/lt\/produktas\/ip-scalp-care-sampuns-matu-atjaunosanai-250-ml\/","title":{"rendered":"INOPHARM Scalp Care  \u0160amp\u016bnas plauk\u0173 augimui, 250 ml"},"content":{"rendered":"<p>\u0160amp\u016bnas, skatinantis nauj\u0173 plauk\u0173 augim\u0105.<br \/>\nFormul\u0117 su kofeinu, niacinamidu ir cinku valo ir maitina galvos od\u0105. Kofeinas stimuliuoja plauk\u0173 folikulus ir skatina nauj\u0173 plauk\u0173 augim\u0105. \u0160is \u0161amp\u016bnas pasi\u017eymi stipriu maitinamuoju poveikiu, didina gyvybingum\u0105, apimt\u012f ir stor\u012f. Reguliariai naudojant, galvos oda ir plaukai yra apsaugoti nuo laisv\u0173j\u0173 radikal\u0173 ir oksidacinio streso.<\/p>\n<p>Naudojimo instrukcijos:<br \/>\nNedidel\u012f kiek\u012f \u0161amp\u016bno u\u017etepkite ant dr\u0117gn\u0173 plauk\u0173 ir galvos odos, masa\u017euokite, kol susidarys putos, tada nuplaukite. Kasdieniam naudojimui.<\/p>\n<p>Atsargumo priemon\u0117s:<br \/>\nTik i\u0161oriniam naudojimui. Venkite patekimo \u012f akis.Patekus \u012f akis praplaukite vandeniu.<\/p>\n","protected":false},"excerpt":{"rendered":"<p>\u0160amp\u016bnas, skatinantis nauj\u0173 plauk\u0173 augim\u0105. Formul\u0117 su kofeinu, niacinamidu ir cinku valo ir maitina galvos od\u0105. Kofeinas stimuliuoja plauk\u0173 folikulus ir skatina nauj\u0173 plauk\u0173 augim\u0105. \u0160is \u0161amp\u016bnas pasi\u017eymi stipriu maitinamuoju poveikiu, didina gyvybingum\u0105, apimt\u012f ir stor\u012f. Reguliariai naudojant, galvos oda ir plaukai yra apsaugoti nuo laisv\u0173j\u0173 radikal\u0173 ir oksidacinio streso. Naudojimo instrukcijos: Nedidel\u012f kiek\u012f \u0161amp\u016bno [&#8230;]\n","protected":false},"featured_media":0,"template":"","meta":[],"product_cat":[1251],"product_tag":[],"class_list":{"0":"post-107323","1":"product","2":"type-product","3":"status-publish","5":"product_brand-rubella-bg-lt","6":"product_cat-sampunai","8":"first","9":"instock","10":"taxable","11":"shipping-taxable","12":"product-type-simple"},"_links":{"self":[{"href":"https:\/\/e.kosmolat.eu\/lt\/wp-json\/wp\/v2\/product\/107323","targetHints":{"allow":["GET"]}}],"collection":[{"href":"https:\/\/e.kosmolat.eu\/lt\/wp-json\/wp\/v2\/product"}],"about":[{"href":"https:\/\/e.kosmolat.eu\/lt\/wp-json\/wp\/v2\/types\/product"}],"wp:attachment":[{"href":"https:\/\/e.kosmolat.eu\/lt\/wp-json\/wp\/v2\/media?parent=107323"}],"wp:term":[{"taxonomy":"product_cat","embeddable":true,"href":"https:\/\/e.kosmolat.eu\/lt\/wp-json\/wp\/v2\/product_cat?post=107323"},{"taxonomy":"product_tag","embeddable":true,"href":"https:\/\/e.kosmolat.eu\/lt\/wp-json\/wp\/v2\/product_tag?post=107323"}],"curies":[{"name":"wp","href":"https:\/\/api.w.org\/{rel}","templated":true}]}}