{"id":107279,"date":"2026-04-14T13:43:32","date_gmt":"2026-04-14T13:43:32","guid":{"rendered":"https:\/\/e.kosmolat.eu\/product\/ecl-organic-aloe-vera-sejas-sprejs-jut-adai-150-ml\/"},"modified":"2026-04-22T06:12:44","modified_gmt":"2026-04-22T06:12:44","slug":"ecl-organic-aloe-vera-sejas-sprejs-jut-adai-150-ml","status":"publish","type":"product","link":"https:\/\/e.kosmolat.eu\/lt\/produktas\/ecl-organic-aloe-vera-sejas-sprejs-jut-adai-150-ml\/","title":{"rendered":"ECOLATIER Organic Aloe Vera Veido pur\u0161kiklis jautriai odai, 150 ml"},"content":{"rendered":"<p>Sud\u0117tyje yra 100 % ekologi\u0161k\u0173 alavij\u0173 sul\u010di\u0173, idealiai tinka jautriai odai. Jis giliai dr\u0117kina, mink\u0161tina ir tonizuoja od\u0105, tod\u0117l ji tampa mink\u0161ta, elastinga ir atjaun\u0117jusi.<\/p>\n<p>Pur\u0161kiklis greitai \u012fsigeria ir palaiko nat\u016brali\u0105 odos pH pusiausvyr\u0105. Rekomenduojama naudoti po prausimosi ir prie\u0161 tepant krem\u0105 ar kauk\u0119. Siekiant pagerinti nauding\u0173 ingredient\u0173 \u012fsiskverbim\u0105.<\/p>\n<p>Organiniai ingredientai: ekologi\u0161kos alavij\u0173 sultys, i\u0161gautos tiesiai i\u0161 augalo, yra gausios vitamin\u0173, aminor\u016bg\u0161\u010di\u0173, mineral\u0173, polisacharid\u0173 ir fitoncid\u0173, kurie skatina l\u0105steli\u0173 atsinaujinim\u0105 epidermio lygmenyje. Efektyviai dr\u0117kina ir mink\u0161tina od\u0105. Veiklioji med\u017eiaga: hialurono r\u016bg\u0161tis (ma\u017eos molekulin\u0117s mas\u0117s) \u2013 pasi\u017eymi intensyviu dr\u0117kinamuoju ir atkuriamuoju poveikiu, gerina odos stangrum\u0105 ir elastingum\u0105.<\/p>\n<p>Naudojimas: u\u017epurk\u0161kite ant odos arba u\u017etepkite vatos diskeliu. Tinka naudoti kasdien. Nereikia nuplauti vandeniu. Galimos nat\u016bralios nuos\u0117dos. Tik i\u0161oriniam naudojimui.<\/p>\n","protected":false},"excerpt":{"rendered":"<p>Sud\u0117tyje yra 100 % ekologi\u0161k\u0173 alavij\u0173 sul\u010di\u0173, idealiai tinka jautriai odai. Jis giliai dr\u0117kina, mink\u0161tina ir tonizuoja od\u0105, tod\u0117l ji tampa mink\u0161ta, elastinga ir atjaun\u0117jusi. Pur\u0161kiklis greitai \u012fsigeria ir palaiko nat\u016brali\u0105 odos pH pusiausvyr\u0105. Rekomenduojama naudoti po prausimosi ir prie\u0161 tepant krem\u0105 ar kauk\u0119. Siekiant pagerinti nauding\u0173 ingredient\u0173 \u012fsiskverbim\u0105. Organiniai ingredientai: ekologi\u0161kos alavij\u0173 sultys, i\u0161gautos [&#8230;]\n","protected":false},"featured_media":107281,"template":"","meta":[],"product_cat":[1599],"product_tag":[],"class_list":{"0":"post-107279","1":"product","2":"type-product","3":"status-publish","4":"has-post-thumbnail","6":"product_brand-ecolab_cs-lt","7":"product_cat-aliejai-ir-kitos-specifines-priemones","9":"first","10":"instock","11":"taxable","12":"shipping-taxable","13":"product-type-simple"},"_links":{"self":[{"href":"https:\/\/e.kosmolat.eu\/lt\/wp-json\/wp\/v2\/product\/107279","targetHints":{"allow":["GET"]}}],"collection":[{"href":"https:\/\/e.kosmolat.eu\/lt\/wp-json\/wp\/v2\/product"}],"about":[{"href":"https:\/\/e.kosmolat.eu\/lt\/wp-json\/wp\/v2\/types\/product"}],"wp:featuredmedia":[{"embeddable":true,"href":"https:\/\/e.kosmolat.eu\/lt\/wp-json\/wp\/v2\/media\/107281"}],"wp:attachment":[{"href":"https:\/\/e.kosmolat.eu\/lt\/wp-json\/wp\/v2\/media?parent=107279"}],"wp:term":[{"taxonomy":"product_cat","embeddable":true,"href":"https:\/\/e.kosmolat.eu\/lt\/wp-json\/wp\/v2\/product_cat?post=107279"},{"taxonomy":"product_tag","embeddable":true,"href":"https:\/\/e.kosmolat.eu\/lt\/wp-json\/wp\/v2\/product_tag?post=107279"}],"curies":[{"name":"wp","href":"https:\/\/api.w.org\/{rel}","templated":true}]}}