{"id":107227,"date":"2026-04-14T06:30:39","date_gmt":"2026-04-14T06:30:39","guid":{"rendered":"https:\/\/e.kosmolat.eu\/product\/viorica-baroj-un-atjaun-sampuns-55-loti-saus-un-boj-mat-400-ml\/"},"modified":"2026-04-22T09:51:37","modified_gmt":"2026-04-22T09:51:37","slug":"viorica-baroj-un-atjaun-sampuns-55-loti-saus-un-boj-mat-400-ml","status":"publish","type":"product","link":"https:\/\/e.kosmolat.eu\/lt\/produktas\/viorica-baroj-un-atjaun-sampuns-55-loti-saus-un-boj-mat-400-ml\/","title":{"rendered":"VIORICA Maitinamasis ir atstatomasis \u0161amp\u016bnas 5+5 labai sausiems ir pa\u017eeistiems plaukams, 400 ml"},"content":{"rendered":"<p>Turtinga formul\u0117 \u0161velniam labai saus\u0173 ir pa\u017eeist\u0173 plauk\u0173 valymui ir prie\u017ei\u016brai. Gaivina, dr\u0117kina, intensyviai maitina ir stiprina susilpn\u0117jusius plaukus, atkuria j\u0173 buvus\u012f stiprum\u0105 ir tekst\u016br\u0105. Verting\u0173 avokad\u0173, migdol\u0173, kamelij\u0173, alyvuogi\u0173 ir medviln\u0117s s\u0117kl\u0173, taip pat mango ir kakavos aliej\u0173 derinys maitina sruogas ir kovoja su j\u0173 poringumu, i\u0161laikant nat\u016brali\u0105 apimt\u012f. Stiprinantis mineral\u0173 kompleksas i\u0161 kalcio, magnio, cinko, vario ir mangano suteikia pa\u017eeid\u017eiamiems plaukams energijos ir sveik\u0105 i\u0161vaizd\u0105.<\/p>\n<p>Naudojimas: u\u017etepkite \u0161amp\u016bn\u0105 ant dr\u0117gn\u0173 plauk\u0173, suputokite, masa\u017euokite. Kruop\u0161\u010diai nuplaukite \u0161iltu vandeniu. Jei reikia, pakartokite proced\u016br\u0105. Nor\u0117dami gauti maksimal\u0173 ir ilgalaik\u012f rezultat\u0105, naudokite kartu su \u0161ios serijos balzamu ir plauk\u0173 kauke.<\/p>\n<p>Laikyti nuo +5 \u00b0C iki +25 \u00b0C temperat\u016broje, saugoti nuo tiesiogini\u0173 saul\u0117s spinduli\u0173. <\/p>\n<p>Geriausias: 30 m\u0117nesi\u0173 nuo pagaminimo datos.<\/p>\n","protected":false},"excerpt":{"rendered":"<p>Turtinga formul\u0117 \u0161velniam labai saus\u0173 ir pa\u017eeist\u0173 plauk\u0173 valymui ir prie\u017ei\u016brai. Gaivina, dr\u0117kina, intensyviai maitina ir stiprina susilpn\u0117jusius plaukus, atkuria j\u0173 buvus\u012f stiprum\u0105 ir tekst\u016br\u0105. Verting\u0173 avokad\u0173, migdol\u0173, kamelij\u0173, alyvuogi\u0173 ir medviln\u0117s s\u0117kl\u0173, taip pat mango ir kakavos aliej\u0173 derinys maitina sruogas ir kovoja su j\u0173 poringumu, i\u0161laikant nat\u016brali\u0105 apimt\u012f. Stiprinantis mineral\u0173 kompleksas i\u0161 kalcio, [&#8230;]\n","protected":false},"featured_media":107229,"template":"","meta":[],"product_cat":[2181],"product_tag":[],"class_list":{"0":"post-107227","1":"product","2":"type-product","3":"status-publish","4":"has-post-thumbnail","6":"product_brand-viorica-cosmeplant_bg-lt","7":"product_cat-bez-kategorijas-lt","9":"first","10":"instock","11":"taxable","12":"shipping-taxable","13":"product-type-simple"},"_links":{"self":[{"href":"https:\/\/e.kosmolat.eu\/lt\/wp-json\/wp\/v2\/product\/107227","targetHints":{"allow":["GET"]}}],"collection":[{"href":"https:\/\/e.kosmolat.eu\/lt\/wp-json\/wp\/v2\/product"}],"about":[{"href":"https:\/\/e.kosmolat.eu\/lt\/wp-json\/wp\/v2\/types\/product"}],"wp:featuredmedia":[{"embeddable":true,"href":"https:\/\/e.kosmolat.eu\/lt\/wp-json\/wp\/v2\/media\/107229"}],"wp:attachment":[{"href":"https:\/\/e.kosmolat.eu\/lt\/wp-json\/wp\/v2\/media?parent=107227"}],"wp:term":[{"taxonomy":"product_cat","embeddable":true,"href":"https:\/\/e.kosmolat.eu\/lt\/wp-json\/wp\/v2\/product_cat?post=107227"},{"taxonomy":"product_tag","embeddable":true,"href":"https:\/\/e.kosmolat.eu\/lt\/wp-json\/wp\/v2\/product_tag?post=107227"}],"curies":[{"name":"wp","href":"https:\/\/api.w.org\/{rel}","templated":true}]}}