{"id":107215,"date":"2026-04-14T06:04:44","date_gmt":"2026-04-14T06:04:44","guid":{"rendered":"https:\/\/e.kosmolat.eu\/product\/ecl-all-in-one-dusas-zeleja-600-ml\/"},"modified":"2026-04-14T06:04:55","modified_gmt":"2026-04-14T06:04:55","slug":"ecl-all-in-one-dusas-zeleja-600-ml","status":"publish","type":"product","link":"https:\/\/e.kosmolat.eu\/lt\/produktas\/ecl-all-in-one-dusas-zeleja-600-ml\/","title":{"rendered":"ECOLATIER All-in-one du\u0161o gelis, 600 ml"},"content":{"rendered":"<p>Universalus produktas veiksmingai odos prie\u017ei\u016brai ir palaikymui. D\u0117l prebiotik\u0173 komplekso ir \u0161velnios valomosios baz\u0117s gelis \u0161velniai valo, palaiko nat\u016brali\u0105 mikrobiom\u0105, dr\u0117kina, maitina ir mink\u0161tina od\u0105. Jis lengvai nuplaunamas nesausindamas odos, palikdamas gaivumo, \u0161varos ir komforto poj\u016bt\u012f. Tinka visiems odos tipams.<\/p>\n<p>Sud\u0117tis, apsauganti od\u0105 nuo aplinkos agresori\u0173: rud\u0173j\u0173 dumbli\u0173 ekstraktas, fermentuot\u0173 mieliagrybi\u0173 ekstraktas, vitaminai B3, E ir F.<\/p>\n<p>Aktyviosios med\u017eiagos:<br \/>\n\u2022 Prebiotik\u0173 kompleksas palaiko nat\u016brali\u0105 odos mikrobiom\u0105, stiprina apsaugin\u012f barjer\u0105 ir apsaugo nuo sausumo.<br \/>\n\u2022 Niacinamidas (vitaminas B3) stimuliuoja kolageno ir elastino gamyb\u0105, ramina od\u0105 ir gerina jos tekst\u016br\u0105.<br \/>\n\u2022 Avi\u017e\u0173 s\u0117kl\u0173 aliejus maitina, mink\u0161tina ir stiprina od\u0105, didindamas jos stangrum\u0105 ir elastingum\u0105.<br \/>\n\u2022 Kinri\u0173 ekstraktas pasi\u017eymi antioksidacin\u0117mis savyb\u0117mis, tonizuoja, dr\u0117kina ir padeda odai i\u0161laikyti dr\u0117gm\u0119.<\/p>\n<p>Naudojimas: U\u017etepkite du\u0161o \u017eel\u0117s ant dr\u0117gnos odos arba kempin\u0117s. \u012emasa\u017euokite \u012f k\u016bn\u0105, kol susidarys putos, ir nuplaukite \u0161iltu vandeniu. Tik i\u0161oriniam naudojimui.<\/p>\n","protected":false},"excerpt":{"rendered":"<p>Universalus produktas veiksmingai odos prie\u017ei\u016brai ir palaikymui. D\u0117l prebiotik\u0173 komplekso ir \u0161velnios valomosios baz\u0117s gelis \u0161velniai valo, palaiko nat\u016brali\u0105 mikrobiom\u0105, dr\u0117kina, maitina ir mink\u0161tina od\u0105. Jis lengvai nuplaunamas nesausindamas odos, palikdamas gaivumo, \u0161varos ir komforto poj\u016bt\u012f. Tinka visiems odos tipams. Sud\u0117tis, apsauganti od\u0105 nuo aplinkos agresori\u0173: rud\u0173j\u0173 dumbli\u0173 ekstraktas, fermentuot\u0173 mieliagrybi\u0173 ekstraktas, vitaminai B3, E [&#8230;]\n","protected":false},"featured_media":107217,"template":"","meta":[],"product_cat":[1282],"product_tag":[],"class_list":{"0":"post-107215","1":"product","2":"type-product","3":"status-publish","4":"has-post-thumbnail","6":"product_brand-ecolab_cs-lt","7":"product_cat-duso-geliai-ir-duso-aliejai","9":"first","10":"instock","11":"taxable","12":"shipping-taxable","13":"product-type-simple"},"_links":{"self":[{"href":"https:\/\/e.kosmolat.eu\/lt\/wp-json\/wp\/v2\/product\/107215","targetHints":{"allow":["GET"]}}],"collection":[{"href":"https:\/\/e.kosmolat.eu\/lt\/wp-json\/wp\/v2\/product"}],"about":[{"href":"https:\/\/e.kosmolat.eu\/lt\/wp-json\/wp\/v2\/types\/product"}],"wp:featuredmedia":[{"embeddable":true,"href":"https:\/\/e.kosmolat.eu\/lt\/wp-json\/wp\/v2\/media\/107217"}],"wp:attachment":[{"href":"https:\/\/e.kosmolat.eu\/lt\/wp-json\/wp\/v2\/media?parent=107215"}],"wp:term":[{"taxonomy":"product_cat","embeddable":true,"href":"https:\/\/e.kosmolat.eu\/lt\/wp-json\/wp\/v2\/product_cat?post=107215"},{"taxonomy":"product_tag","embeddable":true,"href":"https:\/\/e.kosmolat.eu\/lt\/wp-json\/wp\/v2\/product_tag?post=107215"}],"curies":[{"name":"wp","href":"https:\/\/api.w.org\/{rel}","templated":true}]}}