{"id":107199,"date":"2026-04-13T16:13:13","date_gmt":"2026-04-13T16:13:13","guid":{"rendered":"https:\/\/e.kosmolat.eu\/product\/fb-mutes-dob-skalos-lidz-total-complex-500-ml\/"},"modified":"2026-04-14T06:04:39","modified_gmt":"2026-04-14T06:04:39","slug":"fb-mutes-dob-skalos-lidz-total-complex-500-ml","status":"publish","type":"product","link":"https:\/\/e.kosmolat.eu\/lt\/produktas\/fb-mutes-dob-skalos-lidz-total-complex-500-ml\/","title":{"rendered":"FOREST BALSAM Burnos skaliklis TOTAL complex Gamtos gaivumas, 500 ml"},"content":{"rendered":"<p>Sud\u0117tyje n\u0117ra SLS ir alkoholio. Naudojimas: u\u017epildykite dangtel\u012f skalavimo priemone. Kruop\u0161\u010diai skalaukite burn\u0105 30 sekund\u017ei\u0173. Skalauti po kiekvieno dant\u0173 valymo, po valgio bent du kartus per dien\u0105. Tik suaugusiems. <\/p>\n<p>Atsargumo priemon\u0117s: sud\u0117tyje yra natrio fluorido  0,02 %, perskai\u010diavus \u012f fluor\u0105. Nenuryti. D\u0117l nat\u016brali\u0173 ingredient\u0173 kiekio gali atsirasti nedideli\u0173 nuos\u0117d\u0173, tai neturi \u012ftakos gaminio kokybei ir saugai. Naudojimas neatleid\u017eia nuo apsilankymo pas odontolog\u0105. Tai n\u0117ra vaistinis preparatas. Laikyti vaikams nepasiekiamoje vietoje. <\/p>\n<p>Laikymo s\u0105lygos: +5 \u00b0C &#8211; +25 \u00b0C.<\/p>\n","protected":false},"excerpt":{"rendered":"<p>Sud\u0117tyje n\u0117ra SLS ir alkoholio. Naudojimas: u\u017epildykite dangtel\u012f skalavimo priemone. Kruop\u0161\u010diai skalaukite burn\u0105 30 sekund\u017ei\u0173. Skalauti po kiekvieno dant\u0173 valymo, po valgio bent du kartus per dien\u0105. Tik suaugusiems. Atsargumo priemon\u0117s: sud\u0117tyje yra natrio fluorido 0,02 %, perskai\u010diavus \u012f fluor\u0105. Nenuryti. D\u0117l nat\u016brali\u0173 ingredient\u0173 kiekio gali atsirasti nedideli\u0173 nuos\u0117d\u0173, tai neturi \u012ftakos gaminio kokybei ir [&#8230;]\n","protected":false},"featured_media":107201,"template":"","meta":[],"product_cat":[1313],"product_tag":[],"class_list":{"0":"post-107199","1":"product","2":"type-product","3":"status-publish","4":"has-post-thumbnail","6":"product_brand-private-label-lt","7":"product_cat-burnos-skalavimo-priemones","9":"first","10":"instock","11":"taxable","12":"shipping-taxable","13":"product-type-simple"},"_links":{"self":[{"href":"https:\/\/e.kosmolat.eu\/lt\/wp-json\/wp\/v2\/product\/107199","targetHints":{"allow":["GET"]}}],"collection":[{"href":"https:\/\/e.kosmolat.eu\/lt\/wp-json\/wp\/v2\/product"}],"about":[{"href":"https:\/\/e.kosmolat.eu\/lt\/wp-json\/wp\/v2\/types\/product"}],"wp:featuredmedia":[{"embeddable":true,"href":"https:\/\/e.kosmolat.eu\/lt\/wp-json\/wp\/v2\/media\/107201"}],"wp:attachment":[{"href":"https:\/\/e.kosmolat.eu\/lt\/wp-json\/wp\/v2\/media?parent=107199"}],"wp:term":[{"taxonomy":"product_cat","embeddable":true,"href":"https:\/\/e.kosmolat.eu\/lt\/wp-json\/wp\/v2\/product_cat?post=107199"},{"taxonomy":"product_tag","embeddable":true,"href":"https:\/\/e.kosmolat.eu\/lt\/wp-json\/wp\/v2\/product_tag?post=107199"}],"curies":[{"name":"wp","href":"https:\/\/api.w.org\/{rel}","templated":true}]}}