{"id":107183,"date":"2026-04-13T14:56:34","date_gmt":"2026-04-13T14:56:34","guid":{"rendered":"https:\/\/e.kosmolat.eu\/product\/c-organic-mimi-mango-gold-kerm-skrubis-250-g\/"},"modified":"2026-04-13T14:56:42","modified_gmt":"2026-04-13T14:56:42","slug":"c-organic-mimi-mango-gold-kerm-skrubis-250-g","status":"publish","type":"product","link":"https:\/\/e.kosmolat.eu\/lt\/produktas\/c-organic-mimi-mango-gold-kerm-skrubis-250-g\/","title":{"rendered":"ORGANIC MIMI Mango Gold k\u016bno \u0161veitiklis, 250 g"},"content":{"rendered":"<p>K\u016bno \u0161veitiklis su cukrumi ir j\u016bros druska giliai valo, atnaujina ir \u0161velniai nu\u0161vei\u010dia od\u0105.<\/p>\n<p>Rezultatas: lygi, elastinga ir aksomin\u0117 oda.<\/p>\n<p>\u2022 AHA (alfa hidroksir\u016bg\u0161tys) gerina odos tekst\u016br\u0105 ir skatina jos atsinaujinimo proces\u0105.<br \/>\n\u2022 Mang\u0173 sviestas maitina, ramina ir atkuria od\u0105.<br \/>\n\u2022 Citrin\u017eoli\u0173 ekstraktas padeda pagerinti odos elastingum\u0105, tod\u0117l ji tampa stangri ir \u0161velni.<\/p>\n<p>Naudojimas: tepkite ant dr\u0117gnos odos, \u012fmasa\u017euokite, \u0161velniai nuplaukite \u0161iltu vandeniu. Tik i\u0161oriniam naudojimui. Nenaudokite ant pa\u017eeistos ar sudirgusios odos.<\/p>\n","protected":false},"excerpt":{"rendered":"<p>K\u016bno \u0161veitiklis su cukrumi ir j\u016bros druska giliai valo, atnaujina ir \u0161velniai nu\u0161vei\u010dia od\u0105. Rezultatas: lygi, elastinga ir aksomin\u0117 oda. \u2022 AHA (alfa hidroksir\u016bg\u0161tys) gerina odos tekst\u016br\u0105 ir skatina jos atsinaujinimo proces\u0105. \u2022 Mang\u0173 sviestas maitina, ramina ir atkuria od\u0105. \u2022 Citrin\u017eoli\u0173 ekstraktas padeda pagerinti odos elastingum\u0105, tod\u0117l ji tampa stangri ir \u0161velni. Naudojimas: tepkite [&#8230;]\n","protected":false},"featured_media":107185,"template":"","meta":[],"product_cat":[1359],"product_tag":[],"class_list":{"0":"post-107183","1":"product","2":"type-product","3":"status-publish","4":"has-post-thumbnail","6":"product_brand-ecolab_cs-lt","7":"product_cat-kuno-sveitikliai-ir-pilingai","9":"first","10":"instock","11":"taxable","12":"shipping-taxable","13":"product-type-simple"},"_links":{"self":[{"href":"https:\/\/e.kosmolat.eu\/lt\/wp-json\/wp\/v2\/product\/107183","targetHints":{"allow":["GET"]}}],"collection":[{"href":"https:\/\/e.kosmolat.eu\/lt\/wp-json\/wp\/v2\/product"}],"about":[{"href":"https:\/\/e.kosmolat.eu\/lt\/wp-json\/wp\/v2\/types\/product"}],"wp:featuredmedia":[{"embeddable":true,"href":"https:\/\/e.kosmolat.eu\/lt\/wp-json\/wp\/v2\/media\/107185"}],"wp:attachment":[{"href":"https:\/\/e.kosmolat.eu\/lt\/wp-json\/wp\/v2\/media?parent=107183"}],"wp:term":[{"taxonomy":"product_cat","embeddable":true,"href":"https:\/\/e.kosmolat.eu\/lt\/wp-json\/wp\/v2\/product_cat?post=107183"},{"taxonomy":"product_tag","embeddable":true,"href":"https:\/\/e.kosmolat.eu\/lt\/wp-json\/wp\/v2\/product_tag?post=107183"}],"curies":[{"name":"wp","href":"https:\/\/api.w.org\/{rel}","templated":true}]}}