{"id":107179,"date":"2026-04-13T14:29:47","date_gmt":"2026-04-13T14:29:47","guid":{"rendered":"https:\/\/e.kosmolat.eu\/product\/7d-my-beauty-week-krems-ar-retinolu-40-ml\/"},"modified":"2026-04-23T05:51:51","modified_gmt":"2026-04-23T05:51:51","slug":"7d-my-beauty-week-krems-ar-retinolu-40-ml","status":"publish","type":"product","link":"https:\/\/e.kosmolat.eu\/lt\/produktas\/7d-my-beauty-week-krems-ar-retinolu-40-ml\/","title":{"rendered":"7DAYS My Beauty Week  veido ir kaklo kremas su retinoliu, 40 ml"},"content":{"rendered":"<p>Dvigubo poveikio veido kremas: intensyvus dr\u0117kinimas, sen\u0117jim\u0105 stabdantis ir stangrinimo efektas. Retinolis lygina smulkias rauk\u0161leles ir rauk\u0161les, skatina l\u0105steli\u0173 atsinaujinim\u0105, atjaunina, kovoja su pigmentacija ir suvienodina odos tekst\u016br\u0105 bei tonus\u0105. Hialurono r\u016bg\u0161tis intensyviai dr\u0117kina, gaivina ir lygina od\u0105, atkurdama jos dr\u0117gm\u0117s balans\u0105. Vitaminas E ir vaisi\u0173 ekstraktai ramina, tonizuoja ir padeda sul\u0117tinti sen\u0117jimo proces\u0105.<\/p>\n<p>3D FACE FIT masa\u017euoklis skatina gilesn\u012f aktyvi\u0173j\u0173 ingredient\u0173 \u012fsiskverbim\u0105 \u012f epiderm\u012f, gerina odos elastingum\u0105, lygina rauk\u0161les, ma\u017eina patinim\u0105, gerina veido spalv\u0105 ir i\u0161 naujo apibr\u0117\u017eia veido kont\u016brus.<\/p>\n<p>Naudojimas: Nuvalykite od\u0105 \u012fprastu valikliu. U\u017etepkite krem\u0105 ir masa\u017euokite j\u012f \u012f veid\u0105, kakl\u0105 ir dekolt\u0117 srit\u012f 10\u201315 minu\u010di\u0173 masa\u017euokliu. Leiskite kremui visi\u0161kai \u012fsigerti. Nor\u0117dami gauti geriausius rezultatus, krem\u0105 naudokite du kartus per dien\u0105 \u2013 ryte ir vakare. I\u0161kart po naudojimo u\u017edarykite pakuot\u0119, masa\u017euokl\u012f nuplaukite vandeniu. Nor\u0117dami atidaryti pakuot\u0119, pasukite masa\u017euokl\u012f prie\u0161 laikrod\u017eio rodykl\u0119; nor\u0117dami u\u017edaryti pakuot\u0119 \u2013 pagal laikrod\u017eio rodykl\u0119.<\/p>\n<p>MASA\u017dO LINIJOS<br \/>\n1. Odos stangrinimas<br \/>\n2. Rauk\u0161li\u0173 lyginimas<br \/>\n3. Paburkim\u0173 ma\u017einimas<br \/>\n4. Tamsi\u0173 ratil\u0173 ir mai\u0161eli\u0173 po akimis prevencija<br \/>\n5. Veido kont\u016bravimas<\/p>\n<p>Atsargumo priemon\u0117s: Tik i\u0161oriniam naudojimui; venkite patekimo \u012f akis. Patekus \u012f akis, nedelsiant gausiai praplaukite vandeniu ir kreipkit\u0117s \u012f gydytoj\u0105; netepkite ant pa\u017eeistos odos; nutraukite naudojim\u0105, jei atsiranda dirginimas; nenaudokite, jei esate jautrus bet kuriai i\u0161 sudedam\u0173j\u0173 dali\u0173; venkite saul\u0117s spinduli\u0173; naudokite apsaugos nuo saul\u0117s priemones; laikyti vaikams nepasiekiamoje vietoje; laikyti 5\u201325 \u00b0C temperat\u016broje; saugoti nuo tiesiogini\u0173 saul\u0117s spinduli\u0173.<\/p>\n<p>\u012esp\u0117jimas: sud\u0117tyje yra vitamino A. Prie\u0161 naudojant atsi\u017evelgti \u012f paros doz\u0119.<\/p>\n","protected":false},"excerpt":{"rendered":"<p>Dvigubo poveikio veido kremas: intensyvus dr\u0117kinimas, sen\u0117jim\u0105 stabdantis ir stangrinimo efektas. Retinolis lygina smulkias rauk\u0161leles ir rauk\u0161les, skatina l\u0105steli\u0173 atsinaujinim\u0105, atjaunina, kovoja su pigmentacija ir suvienodina odos tekst\u016br\u0105 bei tonus\u0105. Hialurono r\u016bg\u0161tis intensyviai dr\u0117kina, gaivina ir lygina od\u0105, atkurdama jos dr\u0117gm\u0117s balans\u0105. Vitaminas E ir vaisi\u0173 ekstraktai ramina, tonizuoja ir padeda sul\u0117tinti sen\u0117jimo proces\u0105. 3D [&#8230;]\n","protected":false},"featured_media":0,"template":"","meta":[],"product_cat":[1910,1322],"product_tag":[],"class_list":{"0":"post-107179","1":"product","2":"type-product","3":"status-publish","5":"product_brand-7days_it-lt","6":"product_cat-new-lt","7":"product_cat-veido-kremai","9":"first","10":"instock","11":"taxable","12":"shipping-taxable","13":"product-type-simple"},"_links":{"self":[{"href":"https:\/\/e.kosmolat.eu\/lt\/wp-json\/wp\/v2\/product\/107179","targetHints":{"allow":["GET"]}}],"collection":[{"href":"https:\/\/e.kosmolat.eu\/lt\/wp-json\/wp\/v2\/product"}],"about":[{"href":"https:\/\/e.kosmolat.eu\/lt\/wp-json\/wp\/v2\/types\/product"}],"wp:attachment":[{"href":"https:\/\/e.kosmolat.eu\/lt\/wp-json\/wp\/v2\/media?parent=107179"}],"wp:term":[{"taxonomy":"product_cat","embeddable":true,"href":"https:\/\/e.kosmolat.eu\/lt\/wp-json\/wp\/v2\/product_cat?post=107179"},{"taxonomy":"product_tag","embeddable":true,"href":"https:\/\/e.kosmolat.eu\/lt\/wp-json\/wp\/v2\/product_tag?post=107179"}],"curies":[{"name":"wp","href":"https:\/\/api.w.org\/{rel}","templated":true}]}}