{"id":107167,"date":"2026-04-13T13:39:52","date_gmt":"2026-04-13T13:39:52","guid":{"rendered":"https:\/\/e.kosmolat.eu\/product\/aroma-labora-skin-def-dienas-kr-visiem-adas-tip-spf-30-50-ml\/"},"modified":"2026-04-13T13:40:03","modified_gmt":"2026-04-13T13:40:03","slug":"aroma-labora-skin-def-dienas-kr-visiem-adas-tip-spf-30-50-ml","status":"publish","type":"product","link":"https:\/\/e.kosmolat.eu\/lt\/produktas\/aroma-labora-skin-def-dienas-kr-visiem-adas-tip-spf-30-50-ml\/","title":{"rendered":"AROMA LABORA Skin Defence  dieninis kremas visiems odos tipams SPF 30, 50 ml"},"content":{"rendered":"<p>\u0160i lengva dienin\u0117 formul\u0117 su hialurono r\u016bg\u0161timi ir \u017ealiosios arbatos ekstraktu intensyviai dr\u0117kina ir maitina od\u0105 antioksidantais. Aktyv\u016bs ingredientai stiprina nat\u016bral\u0173 odos apsaugin\u012f barjer\u0105, padeda atsispirti tar\u0161ai ir UV spinduliams, l\u0117tina prie\u0161laikinio sen\u0117jimo proces\u0105. Kremas sustiprina odos apsaugines funkcijas ir suformuoja nematom\u0105 sluoksn\u012f, kuris ma\u017eina atmosferos veiksni\u0173 poveik\u012f. Su SPF 30. Tinka visiems odos tipams.<\/p>\n<p>Naudojimas: Kasdien ryte tepkite lengvais masa\u017einiais judesiais ant \u0161varios veido ir kaklo odos. Geriausiems rezultatams pasiekti naudokite kartu su \u201eAroma Labora Skin Defense\u201c naktiniu kremu.<\/p>\n<p>\u012esp\u0117jimas: Sud\u0117tyje yra vitamino A. Prie\u0161 naudojant atsi\u017evelgti \u012f paros norm\u0105.<\/p>\n","protected":false},"excerpt":{"rendered":"<p>\u0160i lengva dienin\u0117 formul\u0117 su hialurono r\u016bg\u0161timi ir \u017ealiosios arbatos ekstraktu intensyviai dr\u0117kina ir maitina od\u0105 antioksidantais. Aktyv\u016bs ingredientai stiprina nat\u016bral\u0173 odos apsaugin\u012f barjer\u0105, padeda atsispirti tar\u0161ai ir UV spinduliams, l\u0117tina prie\u0161laikinio sen\u0117jimo proces\u0105. Kremas sustiprina odos apsaugines funkcijas ir suformuoja nematom\u0105 sluoksn\u012f, kuris ma\u017eina atmosferos veiksni\u0173 poveik\u012f. Su SPF 30. Tinka visiems odos tipams. [&#8230;]\n","protected":false},"featured_media":107169,"template":"","meta":[],"product_cat":[1322],"product_tag":[],"class_list":{"0":"post-107167","1":"product","2":"type-product","3":"status-publish","4":"has-post-thumbnail","6":"product_brand-aroma-bg-lt","7":"product_cat-veido-kremai","9":"first","10":"instock","11":"taxable","12":"shipping-taxable","13":"product-type-simple"},"_links":{"self":[{"href":"https:\/\/e.kosmolat.eu\/lt\/wp-json\/wp\/v2\/product\/107167","targetHints":{"allow":["GET"]}}],"collection":[{"href":"https:\/\/e.kosmolat.eu\/lt\/wp-json\/wp\/v2\/product"}],"about":[{"href":"https:\/\/e.kosmolat.eu\/lt\/wp-json\/wp\/v2\/types\/product"}],"wp:featuredmedia":[{"embeddable":true,"href":"https:\/\/e.kosmolat.eu\/lt\/wp-json\/wp\/v2\/media\/107169"}],"wp:attachment":[{"href":"https:\/\/e.kosmolat.eu\/lt\/wp-json\/wp\/v2\/media?parent=107167"}],"wp:term":[{"taxonomy":"product_cat","embeddable":true,"href":"https:\/\/e.kosmolat.eu\/lt\/wp-json\/wp\/v2\/product_cat?post=107167"},{"taxonomy":"product_tag","embeddable":true,"href":"https:\/\/e.kosmolat.eu\/lt\/wp-json\/wp\/v2\/product_tag?post=107167"}],"curies":[{"name":"wp","href":"https:\/\/api.w.org\/{rel}","templated":true}]}}