{"id":107130,"date":"2026-04-13T10:05:27","date_gmt":"2026-04-13T10:05:27","guid":{"rendered":"https:\/\/e.kosmolat.eu\/product\/c-organic-mimi-roku-krems-sweet-joy-50-ml\/"},"modified":"2026-04-16T10:22:18","modified_gmt":"2026-04-16T10:22:18","slug":"c-organic-mimi-roku-krems-sweet-joy-50-ml","status":"publish","type":"product","link":"https:\/\/e.kosmolat.eu\/lt\/produktas\/c-organic-mimi-roku-krems-sweet-joy-50-ml\/","title":{"rendered":"ORGANIC MIMI Rank\u0173 kremas Sweet Joy, 50 ml"},"content":{"rendered":"<p>Su hialurono r\u016bg\u0161timi, organiniu makadamij\u0173 aliejumi ir \u0161ilkmed\u017ei\u0173 ekstraktu.<\/p>\n<p>Naudojimas: tepkite ant \u0161vari\u0173, saus\u0173 rank\u0173. Tik i\u0161oriniam naudojimui.<\/p>\n","protected":false},"excerpt":{"rendered":"<p>Su hialurono r\u016bg\u0161timi, organiniu makadamij\u0173 aliejumi ir \u0161ilkmed\u017ei\u0173 ekstraktu. Naudojimas: tepkite ant \u0161vari\u0173, saus\u0173 rank\u0173. Tik i\u0161oriniam naudojimui.<\/p>\n","protected":false},"featured_media":107132,"template":"","meta":[],"product_cat":[1304],"product_tag":[],"class_list":{"0":"post-107130","1":"product","2":"type-product","3":"status-publish","4":"has-post-thumbnail","6":"product_brand-ecolab_cs-lt","7":"product_cat-ranku-prieziuros-kosmetika","9":"first","10":"instock","11":"taxable","12":"shipping-taxable","13":"product-type-simple"},"_links":{"self":[{"href":"https:\/\/e.kosmolat.eu\/lt\/wp-json\/wp\/v2\/product\/107130","targetHints":{"allow":["GET"]}}],"collection":[{"href":"https:\/\/e.kosmolat.eu\/lt\/wp-json\/wp\/v2\/product"}],"about":[{"href":"https:\/\/e.kosmolat.eu\/lt\/wp-json\/wp\/v2\/types\/product"}],"wp:featuredmedia":[{"embeddable":true,"href":"https:\/\/e.kosmolat.eu\/lt\/wp-json\/wp\/v2\/media\/107132"}],"wp:attachment":[{"href":"https:\/\/e.kosmolat.eu\/lt\/wp-json\/wp\/v2\/media?parent=107130"}],"wp:term":[{"taxonomy":"product_cat","embeddable":true,"href":"https:\/\/e.kosmolat.eu\/lt\/wp-json\/wp\/v2\/product_cat?post=107130"},{"taxonomy":"product_tag","embeddable":true,"href":"https:\/\/e.kosmolat.eu\/lt\/wp-json\/wp\/v2\/product_tag?post=107130"}],"curies":[{"name":"wp","href":"https:\/\/api.w.org\/{rel}","templated":true}]}}