{"id":107122,"date":"2026-04-13T10:05:10","date_gmt":"2026-04-13T10:05:10","guid":{"rendered":"https:\/\/e.kosmolat.eu\/product\/c-organic-mimi-roku-sviestkrems-mango-go-50-ml\/"},"modified":"2026-04-17T08:39:06","modified_gmt":"2026-04-17T08:39:06","slug":"c-organic-mimi-roku-sviestkrems-mango-go-50-ml","status":"publish","type":"product","link":"https:\/\/e.kosmolat.eu\/lt\/produktas\/c-organic-mimi-roku-sviestkrems-mango-go-50-ml\/","title":{"rendered":"ORGANIC MIMI Mango Go rank\u0173 sviestas, 50 ml"},"content":{"rendered":"<p>Su bisabololiu, mang\u0173 sviestu ir kukui rie\u0161ut\u0173 aliejumi.<\/p>\n<p>Naudojimas: tepkite ant \u0161vari\u0173, saus\u0173 rank\u0173. Rezultatas: mink\u0161ta, lygi ir sudr\u0117kinta oda. Tik i\u0161oriniam naudojimui.<\/p>\n","protected":false},"excerpt":{"rendered":"<p>Su bisabololiu, mang\u0173 sviestu ir kukui rie\u0161ut\u0173 aliejumi. Naudojimas: tepkite ant \u0161vari\u0173, saus\u0173 rank\u0173. Rezultatas: mink\u0161ta, lygi ir sudr\u0117kinta oda. Tik i\u0161oriniam naudojimui.<\/p>\n","protected":false},"featured_media":107124,"template":"","meta":[],"product_cat":[1304],"product_tag":[],"class_list":{"0":"post-107122","1":"product","2":"type-product","3":"status-publish","4":"has-post-thumbnail","6":"product_brand-ecolab_cs-lt","7":"product_cat-ranku-prieziuros-kosmetika","9":"first","10":"instock","11":"taxable","12":"shipping-taxable","13":"product-type-simple"},"_links":{"self":[{"href":"https:\/\/e.kosmolat.eu\/lt\/wp-json\/wp\/v2\/product\/107122","targetHints":{"allow":["GET"]}}],"collection":[{"href":"https:\/\/e.kosmolat.eu\/lt\/wp-json\/wp\/v2\/product"}],"about":[{"href":"https:\/\/e.kosmolat.eu\/lt\/wp-json\/wp\/v2\/types\/product"}],"wp:featuredmedia":[{"embeddable":true,"href":"https:\/\/e.kosmolat.eu\/lt\/wp-json\/wp\/v2\/media\/107124"}],"wp:attachment":[{"href":"https:\/\/e.kosmolat.eu\/lt\/wp-json\/wp\/v2\/media?parent=107122"}],"wp:term":[{"taxonomy":"product_cat","embeddable":true,"href":"https:\/\/e.kosmolat.eu\/lt\/wp-json\/wp\/v2\/product_cat?post=107122"},{"taxonomy":"product_tag","embeddable":true,"href":"https:\/\/e.kosmolat.eu\/lt\/wp-json\/wp\/v2\/product_tag?post=107122"}],"curies":[{"name":"wp","href":"https:\/\/api.w.org\/{rel}","templated":true}]}}