{"id":107076,"date":"2026-04-13T05:07:58","date_gmt":"2026-04-13T05:07:58","guid":{"rendered":"https:\/\/e.kosmolat.eu\/product\/aroma-labora-skin-def-nakts-kr-visiem-adas-tip-50-ml\/"},"modified":"2026-04-13T13:40:27","modified_gmt":"2026-04-13T13:40:27","slug":"aroma-labora-skin-def-nakts-kr-visiem-adas-tip-50-ml","status":"publish","type":"product","link":"https:\/\/e.kosmolat.eu\/lt\/produktas\/aroma-labora-skin-def-nakts-kr-visiem-adas-tip-50-ml\/","title":{"rendered":"AROMA LABORA Skin Defence  naktinis kremas visiems odos tipams, 50 ml"},"content":{"rendered":"<p>Intensyviai dr\u0117kinantis naktinis kremas su hialurono r\u016bg\u0161timi ir antioksidantais praturtintu \u017ealiosios arbatos ekstraktu. \u0160is veikli\u0173j\u0173 med\u017eiag\u0173 derinys u\u017etikrina gil\u0173 dr\u0117kinim\u0105, stiprina od\u0105 ir padeda apsaugoti j\u0105 nuo \u017ealing\u0173 UV spinduli\u0173, kurie sukelia prie\u0161laikin\u012f sen\u0117jim\u0105.<\/p>\n<p>Galingas hialurono r\u016bg\u0161ties ir \u017ealiosios arbatos ekstrakto kompleksas dr\u0117kina, stiprina odos barjer\u0105 ir apsaugo l\u0105steles nuo tar\u0161os ir laisv\u0173j\u0173 radikal\u0173 sukeliamo mikrostreso, i\u0161laiko od\u0105 \u0161vari\u0105, sveik\u0105 ir spindin\u010di\u0105. Tinka visiems odos tipams.<\/p>\n<p>Naudojimas: Kiekvien\u0105 vakar\u0105 \u0161velniai masa\u017euojamaisiais judesiais tepkite krem\u0105 ant \u0161varios veido ir kaklo odos. Geriausiems rezultatams pasiekti naudokite kartu su \u201eAroma Labora Skin Defense\u201c dieniniu kremu.<\/p>\n<p>\u012esp\u0117jimas: Sud\u0117tyje yra vitamino A. Prie\u0161 naudojant atsi\u017evelgti \u012f paros norm\u0105.<\/p>\n","protected":false},"excerpt":{"rendered":"<p>Intensyviai dr\u0117kinantis naktinis kremas su hialurono r\u016bg\u0161timi ir antioksidantais praturtintu \u017ealiosios arbatos ekstraktu. \u0160is veikli\u0173j\u0173 med\u017eiag\u0173 derinys u\u017etikrina gil\u0173 dr\u0117kinim\u0105, stiprina od\u0105 ir padeda apsaugoti j\u0105 nuo \u017ealing\u0173 UV spinduli\u0173, kurie sukelia prie\u0161laikin\u012f sen\u0117jim\u0105. Galingas hialurono r\u016bg\u0161ties ir \u017ealiosios arbatos ekstrakto kompleksas dr\u0117kina, stiprina odos barjer\u0105 ir apsaugo l\u0105steles nuo tar\u0161os ir laisv\u0173j\u0173 radikal\u0173 sukeliamo [&#8230;]\n","protected":false},"featured_media":107078,"template":"","meta":[],"product_cat":[1322],"product_tag":[],"class_list":{"0":"post-107076","1":"product","2":"type-product","3":"status-publish","4":"has-post-thumbnail","6":"product_brand-aroma-bg-lt","7":"product_cat-veido-kremai","9":"first","10":"outofstock","11":"taxable","12":"shipping-taxable","13":"product-type-simple"},"_links":{"self":[{"href":"https:\/\/e.kosmolat.eu\/lt\/wp-json\/wp\/v2\/product\/107076","targetHints":{"allow":["GET"]}}],"collection":[{"href":"https:\/\/e.kosmolat.eu\/lt\/wp-json\/wp\/v2\/product"}],"about":[{"href":"https:\/\/e.kosmolat.eu\/lt\/wp-json\/wp\/v2\/types\/product"}],"wp:featuredmedia":[{"embeddable":true,"href":"https:\/\/e.kosmolat.eu\/lt\/wp-json\/wp\/v2\/media\/107078"}],"wp:attachment":[{"href":"https:\/\/e.kosmolat.eu\/lt\/wp-json\/wp\/v2\/media?parent=107076"}],"wp:term":[{"taxonomy":"product_cat","embeddable":true,"href":"https:\/\/e.kosmolat.eu\/lt\/wp-json\/wp\/v2\/product_cat?post=107076"},{"taxonomy":"product_tag","embeddable":true,"href":"https:\/\/e.kosmolat.eu\/lt\/wp-json\/wp\/v2\/product_tag?post=107076"}],"curies":[{"name":"wp","href":"https:\/\/api.w.org\/{rel}","templated":true}]}}