{"id":107051,"date":"2026-04-10T11:47:21","date_gmt":"2026-04-10T11:47:21","guid":{"rendered":"https:\/\/e.kosmolat.eu\/product\/pl-losj-toniks-kombin-adai-rudzupuke-100-ml\/"},"modified":"2026-04-10T11:47:31","modified_gmt":"2026-04-10T11:47:31","slug":"pl-losj-toniks-kombin-adai-rudzupuke-100-ml","status":"publish","type":"product","link":"https:\/\/e.kosmolat.eu\/lt\/produktas\/pl-losj-toniks-kombin-adai-rudzupuke-100-ml\/","title":{"rendered":"PURE LINE Losjonas-tonikas mi\u0161riai odai \u017eoleli\u0173 nuoviro pagrindu Rugiag\u0117l\u0117, 100 ml"},"content":{"rendered":"<p>Sud\u0117tyje yra 5 ekstrakt\u0173 ir aliej\u0173 Nature Plus esencija (verben\u0173 ekstraktas, bij\u016bn\u0173 ekstraktas, migdol\u0173, lin\u0173 ir alyvuogi\u0173 aliejus) + hialuronas. Dr\u0117kinantis ir gaivinantis. Rugiag\u0117li\u0173 ekstraktas tonizuoja od\u0105 ir gerina jos elastingum\u0105. <\/p>\n<p>Naudojimas: u\u017etepkite losjon\u0105-tonik\u0105 ant vatos diskelio ir nuvalykite veid\u0105 bei kakl\u0105 i\u0161ilgai masa\u017eo linij\u0173. Tai n\u0117ra vaistinis preparatas. D\u0117l nat\u016brali\u0173 ingredient\u0173 kiekio gali atsirasti nedideli\u0173 nuos\u0117d\u0173. Tai neturi \u012ftakos gaminio kokybei ir saugai. Prie\u0161 naudojim\u0105 rekomenduojame buteliuk\u0105 pakratyti. Atidarius sunaudoti per 12 m\u0117nesi\u0173.<\/p>\n<p>Saugojimo temperat\u016bra: +5 \u00b0C &#8211; +25 \u00b0C.<\/p>\n","protected":false},"excerpt":{"rendered":"<p>Sud\u0117tyje yra 5 ekstrakt\u0173 ir aliej\u0173 Nature Plus esencija (verben\u0173 ekstraktas, bij\u016bn\u0173 ekstraktas, migdol\u0173, lin\u0173 ir alyvuogi\u0173 aliejus) + hialuronas. Dr\u0117kinantis ir gaivinantis. Rugiag\u0117li\u0173 ekstraktas tonizuoja od\u0105 ir gerina jos elastingum\u0105. Naudojimas: u\u017etepkite losjon\u0105-tonik\u0105 ant vatos diskelio ir nuvalykite veid\u0105 bei kakl\u0105 i\u0161ilgai masa\u017eo linij\u0173. Tai n\u0117ra vaistinis preparatas. D\u0117l nat\u016brali\u0173 ingredient\u0173 kiekio gali atsirasti [&#8230;]\n","protected":false},"featured_media":107053,"template":"","meta":[],"product_cat":[1580],"product_tag":[],"class_list":{"0":"post-107051","1":"product","2":"type-product","3":"status-publish","4":"has-post-thumbnail","6":"product_brand-private-label-lt","7":"product_cat-losjonai-ir-tonikai","9":"first","10":"instock","11":"taxable","12":"shipping-taxable","13":"product-type-simple"},"_links":{"self":[{"href":"https:\/\/e.kosmolat.eu\/lt\/wp-json\/wp\/v2\/product\/107051","targetHints":{"allow":["GET"]}}],"collection":[{"href":"https:\/\/e.kosmolat.eu\/lt\/wp-json\/wp\/v2\/product"}],"about":[{"href":"https:\/\/e.kosmolat.eu\/lt\/wp-json\/wp\/v2\/types\/product"}],"wp:featuredmedia":[{"embeddable":true,"href":"https:\/\/e.kosmolat.eu\/lt\/wp-json\/wp\/v2\/media\/107053"}],"wp:attachment":[{"href":"https:\/\/e.kosmolat.eu\/lt\/wp-json\/wp\/v2\/media?parent=107051"}],"wp:term":[{"taxonomy":"product_cat","embeddable":true,"href":"https:\/\/e.kosmolat.eu\/lt\/wp-json\/wp\/v2\/product_cat?post=107051"},{"taxonomy":"product_tag","embeddable":true,"href":"https:\/\/e.kosmolat.eu\/lt\/wp-json\/wp\/v2\/product_tag?post=107051"}],"curies":[{"name":"wp","href":"https:\/\/api.w.org\/{rel}","templated":true}]}}