{"id":107043,"date":"2026-04-10T11:44:38","date_gmt":"2026-04-10T11:44:38","guid":{"rendered":"https:\/\/e.kosmolat.eu\/product\/pl-losj-toniks-saus-un-jut-adai-rozlapinas-100-ml\/"},"modified":"2026-04-10T11:44:47","modified_gmt":"2026-04-10T11:44:47","slug":"pl-losj-toniks-saus-un-jut-adai-rozlapinas-100-ml","status":"publish","type":"product","link":"https:\/\/e.kosmolat.eu\/lt\/produktas\/pl-losj-toniks-saus-un-jut-adai-rozlapinas-100-ml\/","title":{"rendered":"PURE LINE Losjonas-tonikas sausai ir jautriai odai \u017eoli\u0173 nuoviro pagrindu Ro\u017ei\u0173 \u017eiedlapiai, 100 ml"},"content":{"rendered":"<p>Sud\u0117tyje yra Nature Plus 5 ekstrakt\u0173 ir aliej\u0173 esencija (verben\u0173 , bij\u016bn\u0173 ekstraktai, migdol\u0173, lin\u0173, alyvuogi\u0173 aliejai) + vitaminas E. Ro\u017ei\u0173 ekstraktas ramina od\u0105, tod\u0117l ji atrodo lygi ir sveika. <\/p>\n<p>Naudojimas: u\u017etepkite losjon\u0105-tonik\u0105 ant vatos diskelio ir nuvalykite veid\u0105 bei kakl\u0105 i\u0161ilgai masa\u017eo linij\u0173. Tai n\u0117ra vaistinis preparatas. D\u0117l nat\u016brali\u0173 ingredient\u0173 kiekio gali atsirasti nedideli\u0173 nuos\u0117d\u0173. Tai neturi \u012ftakos gaminio kokybei ir saugai. Prie\u0161 naudojim\u0105 rekomenduojame buteliuk\u0105 pakratyti. Atidarius sunaudoti per 12 m\u0117nesi\u0173.<\/p>\n<p>Saugojimo temperat\u016bra: +5 \u00b0C &#8211; +25 \u00b0C.<\/p>\n","protected":false},"excerpt":{"rendered":"<p>Sud\u0117tyje yra Nature Plus 5 ekstrakt\u0173 ir aliej\u0173 esencija (verben\u0173 , bij\u016bn\u0173 ekstraktai, migdol\u0173, lin\u0173, alyvuogi\u0173 aliejai) + vitaminas E. Ro\u017ei\u0173 ekstraktas ramina od\u0105, tod\u0117l ji atrodo lygi ir sveika. Naudojimas: u\u017etepkite losjon\u0105-tonik\u0105 ant vatos diskelio ir nuvalykite veid\u0105 bei kakl\u0105 i\u0161ilgai masa\u017eo linij\u0173. Tai n\u0117ra vaistinis preparatas. D\u0117l nat\u016brali\u0173 ingredient\u0173 kiekio gali atsirasti nedideli\u0173 [&#8230;]\n","protected":false},"featured_media":107045,"template":"","meta":[],"product_cat":[1580],"product_tag":[],"class_list":{"0":"post-107043","1":"product","2":"type-product","3":"status-publish","4":"has-post-thumbnail","6":"product_brand-private-label-lt","7":"product_cat-losjonai-ir-tonikai","9":"first","10":"instock","11":"taxable","12":"shipping-taxable","13":"product-type-simple"},"_links":{"self":[{"href":"https:\/\/e.kosmolat.eu\/lt\/wp-json\/wp\/v2\/product\/107043","targetHints":{"allow":["GET"]}}],"collection":[{"href":"https:\/\/e.kosmolat.eu\/lt\/wp-json\/wp\/v2\/product"}],"about":[{"href":"https:\/\/e.kosmolat.eu\/lt\/wp-json\/wp\/v2\/types\/product"}],"wp:featuredmedia":[{"embeddable":true,"href":"https:\/\/e.kosmolat.eu\/lt\/wp-json\/wp\/v2\/media\/107045"}],"wp:attachment":[{"href":"https:\/\/e.kosmolat.eu\/lt\/wp-json\/wp\/v2\/media?parent=107043"}],"wp:term":[{"taxonomy":"product_cat","embeddable":true,"href":"https:\/\/e.kosmolat.eu\/lt\/wp-json\/wp\/v2\/product_cat?post=107043"},{"taxonomy":"product_tag","embeddable":true,"href":"https:\/\/e.kosmolat.eu\/lt\/wp-json\/wp\/v2\/product_tag?post=107043"}],"curies":[{"name":"wp","href":"https:\/\/api.w.org\/{rel}","templated":true}]}}