{"id":107011,"date":"2026-04-10T10:10:04","date_gmt":"2026-04-10T10:10:04","guid":{"rendered":"https:\/\/e.kosmolat.eu\/product\/ecl-organic-cannabis-nostiprin-sejas-skrubis-100-ml\/"},"modified":"2026-04-10T10:10:14","modified_gmt":"2026-04-10T10:10:14","slug":"ecl-organic-cannabis-nostiprin-sejas-skrubis-100-ml","status":"publish","type":"product","link":"https:\/\/e.kosmolat.eu\/lt\/produktas\/ecl-organic-cannabis-nostiprin-sejas-skrubis-100-ml\/","title":{"rendered":"ECOLATIER Organic Cannabis Stangrininamasis veido \u0161veitiklis, 100 ml"},"content":{"rendered":"<p>\u0160is \u0161veitiklis pagamintas i\u0161 98 % nat\u016brali\u0173 ingredient\u0173 ir \u0161velniai valo bei veiksmingai pri\u017ei\u016bri od\u0105. \u0160velnios \u0161vei\u010diamosios dalel\u0117s \u0161velniai pa\u0161alina negyvas odos l\u0105steles ir ne\u0161varumus, atlieka mikromasa\u017e\u0105, suteikia lengv\u0105 stangrinimo efekt\u0105 ir palieka od\u0105 lygi\u0105, \u0161velni\u0105 ir spindin\u010di\u0105.<\/p>\n<p>Organiniai ingredientai: Organinis kanapi\u0173 aliejus normalizuoja odos dr\u0117gm\u0117s lyg\u012f ir apsaugo nuo laisv\u0173j\u0173 radikal\u0173 daromos \u017ealos, l\u0117tindamas sen\u0117jimo proces\u0105. Jis taip pat gerina odos stangrum\u0105.<\/p>\n<p>Aktyvieji ingredientai:<br \/>\n\u2022 Aminor\u016bg\u0161tys dr\u0117kina ir ramina od\u0105, skatina jos atsinaujinim\u0105 ir gerina odos elastingum\u0105.<br \/>\n\u2022 Fig\u0173 ekstraktas apsaugo nuo sausumo ir pleiskanojimo, gerina odos lygum\u0105 ir elastingum\u0105.<\/p>\n<p>Naudojimas: tepkite ant dr\u0117gnos odos, \u0161velniai \u012fmasa\u017euokite ir nuplaukite \u0161iltu vandeniu. Naudokite 1\u20132 kartus per savait\u0119, priklausomai nuo odos tipo. Nenaudokite ant pa\u017eeistos ar sudirgusios odos. Tik i\u0161oriniam naudojimui.<\/p>\n","protected":false},"excerpt":{"rendered":"<p>\u0160is \u0161veitiklis pagamintas i\u0161 98 % nat\u016brali\u0173 ingredient\u0173 ir \u0161velniai valo bei veiksmingai pri\u017ei\u016bri od\u0105. \u0160velnios \u0161vei\u010diamosios dalel\u0117s \u0161velniai pa\u0161alina negyvas odos l\u0105steles ir ne\u0161varumus, atlieka mikromasa\u017e\u0105, suteikia lengv\u0105 stangrinimo efekt\u0105 ir palieka od\u0105 lygi\u0105, \u0161velni\u0105 ir spindin\u010di\u0105. Organiniai ingredientai: Organinis kanapi\u0173 aliejus normalizuoja odos dr\u0117gm\u0117s lyg\u012f ir apsaugo nuo laisv\u0173j\u0173 radikal\u0173 daromos \u017ealos, l\u0117tindamas [&#8230;]\n","protected":false},"featured_media":107013,"template":"","meta":[],"product_cat":[1396],"product_tag":[],"class_list":{"0":"post-107011","1":"product","2":"type-product","3":"status-publish","4":"has-post-thumbnail","6":"product_brand-ecolab_cs-lt","7":"product_cat-veido-sveitikliai-ir-pilingai","9":"first","10":"instock","11":"taxable","12":"shipping-taxable","13":"product-type-simple"},"_links":{"self":[{"href":"https:\/\/e.kosmolat.eu\/lt\/wp-json\/wp\/v2\/product\/107011","targetHints":{"allow":["GET"]}}],"collection":[{"href":"https:\/\/e.kosmolat.eu\/lt\/wp-json\/wp\/v2\/product"}],"about":[{"href":"https:\/\/e.kosmolat.eu\/lt\/wp-json\/wp\/v2\/types\/product"}],"wp:featuredmedia":[{"embeddable":true,"href":"https:\/\/e.kosmolat.eu\/lt\/wp-json\/wp\/v2\/media\/107013"}],"wp:attachment":[{"href":"https:\/\/e.kosmolat.eu\/lt\/wp-json\/wp\/v2\/media?parent=107011"}],"wp:term":[{"taxonomy":"product_cat","embeddable":true,"href":"https:\/\/e.kosmolat.eu\/lt\/wp-json\/wp\/v2\/product_cat?post=107011"},{"taxonomy":"product_tag","embeddable":true,"href":"https:\/\/e.kosmolat.eu\/lt\/wp-json\/wp\/v2\/product_tag?post=107011"}],"curies":[{"name":"wp","href":"https:\/\/api.w.org\/{rel}","templated":true}]}}