{"id":107007,"date":"2026-04-10T09:31:38","date_gmt":"2026-04-10T09:31:38","guid":{"rendered":"https:\/\/e.kosmolat.eu\/product\/zact-coffee-tea-zobu-pasta-100-g\/"},"modified":"2026-04-10T14:46:35","modified_gmt":"2026-04-10T14:46:35","slug":"zact-coffee-tea-zobu-pasta-100-g","status":"publish","type":"product","link":"https:\/\/e.kosmolat.eu\/lt\/produktas\/zact-coffee-tea-zobu-pasta-100-g\/","title":{"rendered":"ZACT dant\u0173 pasta kavos ir arbatos m\u0117g\u0117jams, 100"},"content":{"rendered":"<p>I\u0161skirtin\u0117 veiklioji med\u017eiaga, kovojanti su apna\u0161omis ir akmenimis. Dant\u0173 pasta \u201eZact\u201c sud\u0117tyje turi unikal\u0173 ingredient\u0105, kuris u\u017etikrins spindin\u010di\u0105 \u0161ypsen\u0105. Unikali formul\u0117 u\u017etikrina gil\u0173 valym\u0105.<\/p>\n<p>\u2022 Speciali formul\u0117 veiksmingai pa\u0161alina kavos ir arbatos d\u0117mes, i\u0161saugant sveikus dantis.<br \/>\n\u2022 Pa\u017eangi d\u0117mi\u0173 \u0161alinimo formul\u0117.<br \/>\n\u2022 60 % efektyviau \u0161alina \u012fsisen\u0117jusias d\u0117mes.<br \/>\n\u2022 Apsaugo nuo \u0117duonies.<br \/>\n\u2022 Sveikesni dantys, gaivus burnos kvapas ir stipresn\u0117s dantenos.<br \/>\n\u2022 Saugu ir \u0161velnu kasdieniam naudojimui.<\/p>\n<p>\u012esp\u0117jimas: Sud\u0117tyje yra natrio monofluorofosfato. . Vaikams iki 6 met\u0173: naudokite \u017eirnio dyd\u017eio dant\u0173 pastos kiek\u012f ir valykite dantis pri\u017ei\u016brint suaugusiajam, kad suma\u017eintum\u0117te prarijimo rizik\u0105. Jei naudojate kitus fluoro turin\u010dius produktus, pasitarkite su odontologu arba gydytoju. Po naudojimo sandariai u\u017edarykite t\u016bbel\u0119. Jei atsiranda dirginimas ar alergin\u0117s reakcijos, nutraukite vartojim\u0105.<\/p>\n","protected":false},"excerpt":{"rendered":"<p>I\u0161skirtin\u0117 veiklioji med\u017eiaga, kovojanti su apna\u0161omis ir akmenimis. Dant\u0173 pasta \u201eZact\u201c sud\u0117tyje turi unikal\u0173 ingredient\u0105, kuris u\u017etikrins spindin\u010di\u0105 \u0161ypsen\u0105. Unikali formul\u0117 u\u017etikrina gil\u0173 valym\u0105. \u2022 Speciali formul\u0117 veiksmingai pa\u0161alina kavos ir arbatos d\u0117mes, i\u0161saugant sveikus dantis. \u2022 Pa\u017eangi d\u0117mi\u0173 \u0161alinimo formul\u0117. \u2022 60 % efektyviau \u0161alina \u012fsisen\u0117jusias d\u0117mes. \u2022 Apsaugo nuo \u0117duonies. \u2022 Sveikesni dantys, [&#8230;]\n","protected":false},"featured_media":0,"template":"","meta":[],"product_cat":[1308],"product_tag":[],"class_list":{"0":"post-107007","1":"product","2":"type-product","3":"status-publish","5":"product_brand-replay_kr-lt","6":"product_cat-dantu-pastos-ir-geliai","8":"first","9":"instock","10":"taxable","11":"shipping-taxable","12":"product-type-simple"},"_links":{"self":[{"href":"https:\/\/e.kosmolat.eu\/lt\/wp-json\/wp\/v2\/product\/107007","targetHints":{"allow":["GET"]}}],"collection":[{"href":"https:\/\/e.kosmolat.eu\/lt\/wp-json\/wp\/v2\/product"}],"about":[{"href":"https:\/\/e.kosmolat.eu\/lt\/wp-json\/wp\/v2\/types\/product"}],"wp:attachment":[{"href":"https:\/\/e.kosmolat.eu\/lt\/wp-json\/wp\/v2\/media?parent=107007"}],"wp:term":[{"taxonomy":"product_cat","embeddable":true,"href":"https:\/\/e.kosmolat.eu\/lt\/wp-json\/wp\/v2\/product_cat?post=107007"},{"taxonomy":"product_tag","embeddable":true,"href":"https:\/\/e.kosmolat.eu\/lt\/wp-json\/wp\/v2\/product_tag?post=107007"}],"curies":[{"name":"wp","href":"https:\/\/api.w.org\/{rel}","templated":true}]}}