{"id":106999,"date":"2026-04-10T09:25:58","date_gmt":"2026-04-10T09:25:58","guid":{"rendered":"https:\/\/e.kosmolat.eu\/product\/viorica-baroj-un-atjaun-balzams-55-loti-saus-un-boj-matiem-200-ml\/"},"modified":"2026-04-10T09:26:08","modified_gmt":"2026-04-10T09:26:08","slug":"viorica-baroj-un-atjaun-balzams-55-loti-saus-un-boj-matiem-200-ml","status":"publish","type":"product","link":"https:\/\/e.kosmolat.eu\/lt\/produktas\/viorica-baroj-un-atjaun-balzams-55-loti-saus-un-boj-matiem-200-ml\/","title":{"rendered":"VIORICA Maitinamasis ir atstatomasis balzamas 5+5 labai sausiems ir pa\u017eeistiems plaukams, 200 ml"},"content":{"rendered":"<p>Turtinga formul\u0117 intensyviam labai saus\u0173 ir pa\u017eeist\u0173 plauk\u0173 kondicionavimui. Giliai maitina, tankina ir i\u0161valo susilpn\u0117jusius plaukus, suteikdama jiems \u0161velnumo ir paklusnumo. Verting\u0173 avokad\u0173, migdol\u0173, kamelij\u0173, alyvuogi\u0173 ir medviln\u0117s s\u0117kl\u0173, taip pat mang\u0173 ir kakavos aliej\u0173 derinys pamaitina sruogas, padaro jas \u0161ilkines ir elastingas. Stiprinantis mineralinis kalcio, magnio, cinko, vario ir mangano kompleksas sugr\u0105\u017eina trapiems plaukams buvusi\u0105 stiprum\u0105, apsaugodama juos nuo l\u016b\u017ein\u0117jimo.<\/p>\n<p>Naudojimas: u\u017etepkite kondicionieri\u0173 ant dr\u0117gn\u0173 plauk\u0173, paskirstykite apatin\u0117je plauk\u0173 ilgio pus\u0117je. Po 1-2 minu\u010di\u0173 kruop\u0161\u010diai nuplaukite vandeniu. Nor\u0117dami pasiekti maksimali\u0173 ir ilgalaiki\u0173 rezultat\u0173, naudokite kartu su \u0161ios serijos \u0161amp\u016bnu ir plauk\u0173 kauke.<\/p>\n<p>Laikyti nuo +5 \u00b0C iki +25 \u00b0C temperat\u016broje, saugoti nuo tiesiogini\u0173 saul\u0117s spinduli\u0173. <\/p>\n<p>Geriausias: 30 m\u0117nesi\u0173 nuo pagaminimo datos.<\/p>\n","protected":false},"excerpt":{"rendered":"<p>Turtinga formul\u0117 intensyviam labai saus\u0173 ir pa\u017eeist\u0173 plauk\u0173 kondicionavimui. Giliai maitina, tankina ir i\u0161valo susilpn\u0117jusius plaukus, suteikdama jiems \u0161velnumo ir paklusnumo. Verting\u0173 avokad\u0173, migdol\u0173, kamelij\u0173, alyvuogi\u0173 ir medviln\u0117s s\u0117kl\u0173, taip pat mang\u0173 ir kakavos aliej\u0173 derinys pamaitina sruogas, padaro jas \u0161ilkines ir elastingas. Stiprinantis mineralinis kalcio, magnio, cinko, vario ir mangano kompleksas sugr\u0105\u017eina trapiems plaukams [&#8230;]\n","protected":false},"featured_media":107001,"template":"","meta":[],"product_cat":[1640],"product_tag":[],"class_list":{"0":"post-106999","1":"product","2":"type-product","3":"status-publish","4":"has-post-thumbnail","6":"product_brand-viorica-cosmeplant_bg-lt","7":"product_cat-balzamai","9":"first","10":"instock","11":"taxable","12":"shipping-taxable","13":"product-type-simple"},"_links":{"self":[{"href":"https:\/\/e.kosmolat.eu\/lt\/wp-json\/wp\/v2\/product\/106999","targetHints":{"allow":["GET"]}}],"collection":[{"href":"https:\/\/e.kosmolat.eu\/lt\/wp-json\/wp\/v2\/product"}],"about":[{"href":"https:\/\/e.kosmolat.eu\/lt\/wp-json\/wp\/v2\/types\/product"}],"wp:featuredmedia":[{"embeddable":true,"href":"https:\/\/e.kosmolat.eu\/lt\/wp-json\/wp\/v2\/media\/107001"}],"wp:attachment":[{"href":"https:\/\/e.kosmolat.eu\/lt\/wp-json\/wp\/v2\/media?parent=106999"}],"wp:term":[{"taxonomy":"product_cat","embeddable":true,"href":"https:\/\/e.kosmolat.eu\/lt\/wp-json\/wp\/v2\/product_cat?post=106999"},{"taxonomy":"product_tag","embeddable":true,"href":"https:\/\/e.kosmolat.eu\/lt\/wp-json\/wp\/v2\/product_tag?post=106999"}],"curies":[{"name":"wp","href":"https:\/\/api.w.org\/{rel}","templated":true}]}}