{"id":106966,"date":"2026-04-10T08:05:24","date_gmt":"2026-04-10T08:05:24","guid":{"rendered":"https:\/\/e.kosmolat.eu\/product\/dr-sante-hydro-intensive-mitr-sos-maska-hialuronsalveja-75-ml\/"},"modified":"2026-04-10T08:05:35","modified_gmt":"2026-04-10T08:05:35","slug":"dr-sante-hydro-intensive-mitr-sos-maska-hialuronsalveja-75-ml","status":"publish","type":"product","link":"https:\/\/e.kosmolat.eu\/lt\/produktas\/dr-sante-hydro-intensive-mitr-sos-maska-hialuronsalveja-75-ml\/","title":{"rendered":"DR. SANTE Hydro Intensive Hyaluron + Aloe dr\u0117kinamoji SOS kauk\u0117, 75 ml"},"content":{"rendered":"<p>Sud\u0117tyje yra hialurono r\u016bg\u0161ties ir alavij\u0173 sul\u010di\u0173. Momentin\u0117 SOS pagalba sausai ir dehidratuotai odai. Kosmetin\u0117 proced\u016bra trunka 10\u201315 minu\u010di\u0173. Per t\u0105 laik\u0105 oda prisisotina dr\u0117gm\u0117s, tampa lygi, \u0161ilkin\u0117 ir \u012fgauna spindesio.<\/p>\n<p>Naudojimas: tepkite ant \u0161varios odos, palikite 10\u201315 minu\u010di\u0173. Kauk\u0117s liku\u010dius nuvalykite servet\u0117le. Naudokite 1\u20132 kartus per savait\u0119.<\/p>\n<p>Laikymas: nuo +5 \u00b0C iki +25 \u00b0C.<\/p>\n<p>Geriausias: 30 m\u0117nesi\u0173 nuo pagaminimo datos.<\/p>\n","protected":false},"excerpt":{"rendered":"<p>Sud\u0117tyje yra hialurono r\u016bg\u0161ties ir alavij\u0173 sul\u010di\u0173. Momentin\u0117 SOS pagalba sausai ir dehidratuotai odai. Kosmetin\u0117 proced\u016bra trunka 10\u201315 minu\u010di\u0173. Per t\u0105 laik\u0105 oda prisisotina dr\u0117gm\u0117s, tampa lygi, \u0161ilkin\u0117 ir \u012fgauna spindesio. Naudojimas: tepkite ant \u0161varios odos, palikite 10\u201315 minu\u010di\u0173. Kauk\u0117s liku\u010dius nuvalykite servet\u0117le. Naudokite 1\u20132 kartus per savait\u0119. Laikymas: nuo +5 \u00b0C iki +25 \u00b0C. [&#8230;]\n","protected":false},"featured_media":106968,"template":"","meta":[],"product_cat":[1369],"product_tag":[],"class_list":{"0":"post-106966","1":"product","2":"type-product","3":"status-publish","4":"has-post-thumbnail","6":"product_brand-elfa_ua-lt","7":"product_cat-veido-kaukes","9":"first","10":"instock","11":"taxable","12":"shipping-taxable","13":"product-type-simple"},"_links":{"self":[{"href":"https:\/\/e.kosmolat.eu\/lt\/wp-json\/wp\/v2\/product\/106966","targetHints":{"allow":["GET"]}}],"collection":[{"href":"https:\/\/e.kosmolat.eu\/lt\/wp-json\/wp\/v2\/product"}],"about":[{"href":"https:\/\/e.kosmolat.eu\/lt\/wp-json\/wp\/v2\/types\/product"}],"wp:featuredmedia":[{"embeddable":true,"href":"https:\/\/e.kosmolat.eu\/lt\/wp-json\/wp\/v2\/media\/106968"}],"wp:attachment":[{"href":"https:\/\/e.kosmolat.eu\/lt\/wp-json\/wp\/v2\/media?parent=106966"}],"wp:term":[{"taxonomy":"product_cat","embeddable":true,"href":"https:\/\/e.kosmolat.eu\/lt\/wp-json\/wp\/v2\/product_cat?post=106966"},{"taxonomy":"product_tag","embeddable":true,"href":"https:\/\/e.kosmolat.eu\/lt\/wp-json\/wp\/v2\/product_tag?post=106966"}],"curies":[{"name":"wp","href":"https:\/\/api.w.org\/{rel}","templated":true}]}}