{"id":106950,"date":"2026-04-10T07:50:56","date_gmt":"2026-04-10T07:50:56","guid":{"rendered":"https:\/\/e.kosmolat.eu\/product\/ecl-all-in-one-nenomazg-sprejs-kondic-visiem-matu-tipiem-200-ml\/"},"modified":"2026-04-20T05:50:15","modified_gmt":"2026-04-20T05:50:15","slug":"ecl-all-in-one-nenomazg-sprejs-kondic-visiem-matu-tipiem-200-ml","status":"publish","type":"product","link":"https:\/\/e.kosmolat.eu\/lt\/produktas\/ecl-all-in-one-nenomazg-sprejs-kondic-visiem-matu-tipiem-200-ml\/","title":{"rendered":"ECOLATIER All-in-one Nenuplaunamas pur\u0161kiamas kondicionierius visiems plauk\u0173 tipams, 200 ml"},"content":{"rendered":"<p>Daugiafunkcin\u0117 priemon\u0117 veiksmingai plauk\u0173 prie\u017ei\u016brai ir atk\u016brimui. D\u0117l aktyvi\u0173 nat\u016brali\u0173 ingredient\u0173 formul\u0117 \u012fsiskverbia \u012f plauk\u0173 strukt\u016br\u0105, juos maitina ir atgaivina. Kondicionierius apsaugo nuo auk\u0161tos temperat\u016bros iki 180 \u00b0C, dr\u0117kina, mink\u0161tina ir apsaugo nuo l\u016b\u017ein\u0117jimo bei galiuk\u0173 skilin\u0117jimo. Suma\u017eina statin\u0119 elektr\u0105 ir palengvina \u0161ukavim\u0105 neapsunkindamas plauk\u0173. Palieka plaukus mink\u0161tus, \u017evilgan\u010dius ir \u0161ilkinius. Reguliariai naudojant \u0161\u012f kondicionuojant\u012f pur\u0161kikl\u012f, j\u016bs\u0173 plaukai bus sveiki, gra\u017e\u016bs ir pamaitinti.<\/p>\n<p>Ingredientai, apsaugantys od\u0105 ir plaukus nuo aplinkos veiksni\u0173:<br \/>\nRud\u0173j\u0173 dumbli\u0173 ekstraktas, fermentuot\u0173 galaktomic\u0173 ekstraktas, vitaminai B3, E ir F.<\/p>\n<p>Aktyviosios med\u017eiagos:<br \/>\n\u2022 Aminor\u016bg\u0161\u010di\u0173 kompleksas \u2013 padeda stiprinti plauk\u0173 strukt\u016br\u0105, atkuria plaukus ir apsaugo nuo tolesni\u0173 pa\u017eeidim\u0173, tod\u0117l plaukai tampa glotnesni, sveikesni, labiau \u017evilga.<br \/>\n\u2022 Atali\u0173 aliejus maitina ir mink\u0161tina plaukus, suteikdamas jiems blizgesio.<br \/>\n\u2022 Hialurono r\u016bg\u0161tis dr\u0117kina ir mink\u0161tina plaukus, tod\u0117l jie tampa glotn\u016bs ir \u0161ilkiniai.<br \/>\n\u2022 Azijini\u0173 centeli\u0173 ekstraktas stiprina plaukus, skatina augim\u0105, daro juos elastingesnius ir atsparesnius pa\u017eeidimams.<\/p>\n<p>Naudojimas: Prie\u0161 naudojim\u0105 gerai suplakite. Purk\u0161kite ant \u0161iek tiek dr\u0117gn\u0173 arba saus\u0173 plauk\u0173 ir suformuokite \u0161ukuosen\u0105 kaip \u012fprasta. Venkite patekimo \u012f akis. Patekus \u012f akis, kruop\u0161\u010diai praplaukite vandeniu. Tik i\u0161oriniam naudojimui.<\/p>\n","protected":false},"excerpt":{"rendered":"<p>Daugiafunkcin\u0117 priemon\u0117 veiksmingai plauk\u0173 prie\u017ei\u016brai ir atk\u016brimui. D\u0117l aktyvi\u0173 nat\u016brali\u0173 ingredient\u0173 formul\u0117 \u012fsiskverbia \u012f plauk\u0173 strukt\u016br\u0105, juos maitina ir atgaivina. Kondicionierius apsaugo nuo auk\u0161tos temperat\u016bros iki 180 \u00b0C, dr\u0117kina, mink\u0161tina ir apsaugo nuo l\u016b\u017ein\u0117jimo bei galiuk\u0173 skilin\u0117jimo. Suma\u017eina statin\u0119 elektr\u0105 ir palengvina \u0161ukavim\u0105 neapsunkindamas plauk\u0173. Palieka plaukus mink\u0161tus, \u017evilgan\u010dius ir \u0161ilkinius. Reguliariai naudojant \u0161\u012f kondicionuojant\u012f [&#8230;]\n","protected":false},"featured_media":106952,"template":"","meta":[],"product_cat":[1404],"product_tag":[],"class_list":{"0":"post-106950","1":"product","2":"type-product","3":"status-publish","4":"has-post-thumbnail","6":"product_brand-ecolab_cs-lt","7":"product_cat-silumine-apsauga","9":"first","10":"instock","11":"taxable","12":"shipping-taxable","13":"product-type-simple"},"_links":{"self":[{"href":"https:\/\/e.kosmolat.eu\/lt\/wp-json\/wp\/v2\/product\/106950","targetHints":{"allow":["GET"]}}],"collection":[{"href":"https:\/\/e.kosmolat.eu\/lt\/wp-json\/wp\/v2\/product"}],"about":[{"href":"https:\/\/e.kosmolat.eu\/lt\/wp-json\/wp\/v2\/types\/product"}],"wp:featuredmedia":[{"embeddable":true,"href":"https:\/\/e.kosmolat.eu\/lt\/wp-json\/wp\/v2\/media\/106952"}],"wp:attachment":[{"href":"https:\/\/e.kosmolat.eu\/lt\/wp-json\/wp\/v2\/media?parent=106950"}],"wp:term":[{"taxonomy":"product_cat","embeddable":true,"href":"https:\/\/e.kosmolat.eu\/lt\/wp-json\/wp\/v2\/product_cat?post=106950"},{"taxonomy":"product_tag","embeddable":true,"href":"https:\/\/e.kosmolat.eu\/lt\/wp-json\/wp\/v2\/product_tag?post=106950"}],"curies":[{"name":"wp","href":"https:\/\/api.w.org\/{rel}","templated":true}]}}