{"id":106610,"date":"2026-04-09T17:34:09","date_gmt":"2026-04-09T17:34:09","guid":{"rendered":"https:\/\/e.kosmolat.eu\/product\/revers-01-bronze-shimmer-bronzeris-9-g\/"},"modified":"2026-04-09T17:34:18","modified_gmt":"2026-04-09T17:34:18","slug":"revers-01-bronze-shimmer-bronzeris-9-g","status":"publish","type":"product","link":"https:\/\/e.kosmolat.eu\/lt\/produktas\/revers-01-bronze-shimmer-bronzeris-9-g\/","title":{"rendered":"\u041f\u0443\u00e4\u0161\u0105-\u012f\u0161\u043e\u043d\u0437\u0105\u0442\u043e\u0161no 01, 9g"},"content":{"rendered":"","protected":false},"excerpt":{"rendered":"","protected":false},"featured_media":0,"template":"","meta":[],"product_cat":[1910],"product_tag":[],"class_list":{"0":"post-106610","1":"product","2":"type-product","3":"status-publish","5":"product_brand-revers-cosmetics_pl-lt","6":"product_cat-new-lt","8":"first","9":"instock","10":"taxable","11":"shipping-taxable","12":"product-type-simple"},"_links":{"self":[{"href":"https:\/\/e.kosmolat.eu\/lt\/wp-json\/wp\/v2\/product\/106610","targetHints":{"allow":["GET"]}}],"collection":[{"href":"https:\/\/e.kosmolat.eu\/lt\/wp-json\/wp\/v2\/product"}],"about":[{"href":"https:\/\/e.kosmolat.eu\/lt\/wp-json\/wp\/v2\/types\/product"}],"wp:attachment":[{"href":"https:\/\/e.kosmolat.eu\/lt\/wp-json\/wp\/v2\/media?parent=106610"}],"wp:term":[{"taxonomy":"product_cat","embeddable":true,"href":"https:\/\/e.kosmolat.eu\/lt\/wp-json\/wp\/v2\/product_cat?post=106610"},{"taxonomy":"product_tag","embeddable":true,"href":"https:\/\/e.kosmolat.eu\/lt\/wp-json\/wp\/v2\/product_tag?post=106610"}],"curies":[{"name":"wp","href":"https:\/\/api.w.org\/{rel}","templated":true}]}}