{"id":106466,"date":"2026-04-09T17:24:15","date_gmt":"2026-04-09T17:24:15","guid":{"rendered":"https:\/\/e.kosmolat.eu\/product\/%d0%bf%d1%83asa-sc%d1%81%d0%be%d0%b2a%d1%8f-%d0%ba%d0%be%d0%bc%d0%bfa%d0%ba%d1%82%d0%bda%d1%8f-10g\/"},"modified":"2026-04-09T17:24:25","modified_gmt":"2026-04-09T17:24:25","slug":"%d0%bf%d1%83asa-sc%d1%81%d0%be%d0%b2a%d1%8f-%d0%ba%d0%be%d0%bc%d0%bfa%d0%ba%d1%82%d0%bda%d1%8f-10g","status":"publish","type":"product","link":"https:\/\/e.kosmolat.eu\/lt\/produktas\/%d0%bf%d1%83asa-sc%d1%81%d0%be%d0%b2a%d1%8f-%d0%ba%d0%be%d0%bc%d0%bfa%d0%ba%d1%82%d0%bda%d1%8f-10g\/","title":{"rendered":"\u041f\u0443\u00e4\u0161\u0105 \u0161\u010d\u0441\u043e\u0432\u0105\u044f \u043a\u043e\u043c\u043f\u0105\u043a\u0442\u043d\u0105\u044f 10g"},"content":{"rendered":"","protected":false},"excerpt":{"rendered":"","protected":false},"featured_media":0,"template":"","meta":[],"product_cat":[1910,1487],"product_tag":[],"class_list":{"0":"post-106466","1":"product","2":"type-product","3":"status-publish","5":"product_brand-revers-cosmetics_pl-lt","6":"product_cat-new-lt","7":"product_cat-pudros","9":"first","10":"instock","11":"taxable","12":"shipping-taxable","13":"product-type-simple"},"_links":{"self":[{"href":"https:\/\/e.kosmolat.eu\/lt\/wp-json\/wp\/v2\/product\/106466","targetHints":{"allow":["GET"]}}],"collection":[{"href":"https:\/\/e.kosmolat.eu\/lt\/wp-json\/wp\/v2\/product"}],"about":[{"href":"https:\/\/e.kosmolat.eu\/lt\/wp-json\/wp\/v2\/types\/product"}],"wp:attachment":[{"href":"https:\/\/e.kosmolat.eu\/lt\/wp-json\/wp\/v2\/media?parent=106466"}],"wp:term":[{"taxonomy":"product_cat","embeddable":true,"href":"https:\/\/e.kosmolat.eu\/lt\/wp-json\/wp\/v2\/product_cat?post=106466"},{"taxonomy":"product_tag","embeddable":true,"href":"https:\/\/e.kosmolat.eu\/lt\/wp-json\/wp\/v2\/product_tag?post=106466"}],"curies":[{"name":"wp","href":"https:\/\/api.w.org\/{rel}","templated":true}]}}