{"id":106450,"date":"2026-04-09T17:23:39","date_gmt":"2026-04-09T17:23:39","guid":{"rendered":"https:\/\/e.kosmolat.eu\/product\/atopi-med-dusas-zel-sampuns-2in1-400-ml\/"},"modified":"2026-04-09T17:23:48","modified_gmt":"2026-04-09T17:23:48","slug":"atopi-med-dusas-zel-sampuns-2in1-400-ml","status":"publish","type":"product","link":"https:\/\/e.kosmolat.eu\/lt\/produktas\/atopi-med-dusas-zel-sampuns-2in1-400-ml\/","title":{"rendered":"Atopi Med Du\u0161o \u017eele ir \u0161amp. 2in1, 400 ml"},"content":{"rendered":"<p>Tinka vaikams, hipoalerginis, i&scaron;bandytas ant atopin\u0117s odos. &Scaron;velnus valomasis gelinis &scaron;amp\u016bnas skirtas kasdienei labai sausos, linkusios \u012f alergines reakcijas, atopin\u0117s odos prie\u017ei\u016brai. Aktyv\u016bs komponentai &scaron;velniai valo plaukus, galvos, k\u016bno, veido ir rank\u0173 od\u0105. D\u0117l unikalios aliej\u0173 kombinacijos atkuria nat\u016bral\u0173 apsaugin\u012f hidrolipidin\u012f barjer\u0105, maitina ir dr\u0117kina od\u0105.<\/p>\n<p><strong>Dermatolog\u0173 patikrinta.<\/strong><br \/>\n<strong>Naudojimas:<\/strong> 2&ndash;5 ml u\u017ela&scaron;inti ant kempin\u0117s arba delno. Tolygiai paskirstyti ant dr\u0117gno k\u016bno ar plauk\u0173, pamasa\u017euoti iki put\u0173 susidarymo. Nuskalauti dideliu kiekiu vandens.<\/p>\n","protected":false},"excerpt":{"rendered":"<p>Tinka vaikams, hipoalerginis, i&scaron;bandytas ant atopin\u0117s odos. &Scaron;velnus valomasis gelinis &scaron;amp\u016bnas skirtas kasdienei labai sausos, linkusios \u012f alergines reakcijas, atopin\u0117s odos prie\u017ei\u016brai. Aktyv\u016bs komponentai &scaron;velniai valo plaukus, galvos, k\u016bno, veido ir rank\u0173 od\u0105. D\u0117l unikalios aliej\u0173 kombinacijos atkuria nat\u016bral\u0173 apsaugin\u012f hidrolipidin\u012f barjer\u0105, maitina ir dr\u0117kina od\u0105. Dermatolog\u0173 patikrinta. Naudojimas: 2&ndash;5 ml u\u017ela&scaron;inti ant kempin\u0117s arba [&#8230;]\n","protected":false},"featured_media":106452,"template":"","meta":[],"product_cat":[1282],"product_tag":[],"class_list":{"0":"post-106450","1":"product","2":"type-product","3":"status-publish","4":"has-post-thumbnail","6":"product_brand-elfa_ua-lt","7":"product_cat-duso-geliai-ir-duso-aliejai","9":"first","10":"instock","11":"taxable","12":"shipping-taxable","13":"product-type-simple"},"_links":{"self":[{"href":"https:\/\/e.kosmolat.eu\/lt\/wp-json\/wp\/v2\/product\/106450","targetHints":{"allow":["GET"]}}],"collection":[{"href":"https:\/\/e.kosmolat.eu\/lt\/wp-json\/wp\/v2\/product"}],"about":[{"href":"https:\/\/e.kosmolat.eu\/lt\/wp-json\/wp\/v2\/types\/product"}],"wp:featuredmedia":[{"embeddable":true,"href":"https:\/\/e.kosmolat.eu\/lt\/wp-json\/wp\/v2\/media\/106452"}],"wp:attachment":[{"href":"https:\/\/e.kosmolat.eu\/lt\/wp-json\/wp\/v2\/media?parent=106450"}],"wp:term":[{"taxonomy":"product_cat","embeddable":true,"href":"https:\/\/e.kosmolat.eu\/lt\/wp-json\/wp\/v2\/product_cat?post=106450"},{"taxonomy":"product_tag","embeddable":true,"href":"https:\/\/e.kosmolat.eu\/lt\/wp-json\/wp\/v2\/product_tag?post=106450"}],"curies":[{"name":"wp","href":"https:\/\/api.w.org\/{rel}","templated":true}]}}