{"id":106442,"date":"2026-04-09T17:23:20","date_gmt":"2026-04-09T17:23:20","guid":{"rendered":"https:\/\/e.kosmolat.eu\/product\/atopi-med-mikstinoss-krems-400-ml\/"},"modified":"2026-04-09T17:23:30","modified_gmt":"2026-04-09T17:23:30","slug":"atopi-med-mikstinoss-krems-400-ml","status":"publish","type":"product","link":"https:\/\/e.kosmolat.eu\/lt\/produktas\/atopi-med-mikstinoss-krems-400-ml\/","title":{"rendered":"Atopi Med Mink\u0161tinantis kremas, 400 ml"},"content":{"rendered":"<p>Tinka vaikams, hipoalerginis, i&scaron;bandytas ant atopin\u0117s odos. Mink&scaron;tinamasis kremas skirtas kasdienei labai sausos ir atopin\u0117s odos prie\u017ei\u016brai. Ilgai dr\u0117kina, maitina ir mink&scaron;tina od\u0105, ma\u017eindamas pleiskanojim\u0105. D\u0117l kruop&scaron;\u010diai atrinkt\u0173 aktyvi\u0173j\u0173 komponent\u0173 kremas atkuria nat\u016bral\u0173 apsaugin\u012f odos barjer\u0105 ir ma\u017eina nie\u017e\u0117jim\u0105. Tinka \u017emon\u0117ms, turintiems jautri\u0105 ir &scaron;velni\u0105 od\u0105, linkusi\u0105 \u012f u\u017edegimus ir alergines reakcijas. Sodrios ir komforti&scaron;kos tekst\u016bros, kremas u\u017etikrina visapusi&scaron;k\u0105 prie\u017ei\u016br\u0105 net labai sausai odai.<\/p>\n<p><strong>Dermatolog\u0173 patikrinta.<\/strong><br \/>\n<strong>Naudojimas:<\/strong> naudoti ant &scaron;varios odos 1&ndash;2 kartus per dien\u0105. Tinka veidui ir k\u016bnui.<\/p>\n","protected":false},"excerpt":{"rendered":"<p>Tinka vaikams, hipoalerginis, i&scaron;bandytas ant atopin\u0117s odos. Mink&scaron;tinamasis kremas skirtas kasdienei labai sausos ir atopin\u0117s odos prie\u017ei\u016brai. Ilgai dr\u0117kina, maitina ir mink&scaron;tina od\u0105, ma\u017eindamas pleiskanojim\u0105. D\u0117l kruop&scaron;\u010diai atrinkt\u0173 aktyvi\u0173j\u0173 komponent\u0173 kremas atkuria nat\u016bral\u0173 apsaugin\u012f odos barjer\u0105 ir ma\u017eina nie\u017e\u0117jim\u0105. Tinka \u017emon\u0117ms, turintiems jautri\u0105 ir &scaron;velni\u0105 od\u0105, linkusi\u0105 \u012f u\u017edegimus ir alergines reakcijas. Sodrios ir komforti&scaron;kos [&#8230;]\n","protected":false},"featured_media":106444,"template":"","meta":[],"product_cat":[1390],"product_tag":[],"class_list":{"0":"post-106442","1":"product","2":"type-product","3":"status-publish","4":"has-post-thumbnail","6":"product_brand-elfa_ua-lt","7":"product_cat-kremai-aliejai-kuno-pienelis","9":"first","10":"instock","11":"taxable","12":"shipping-taxable","13":"product-type-simple"},"_links":{"self":[{"href":"https:\/\/e.kosmolat.eu\/lt\/wp-json\/wp\/v2\/product\/106442","targetHints":{"allow":["GET"]}}],"collection":[{"href":"https:\/\/e.kosmolat.eu\/lt\/wp-json\/wp\/v2\/product"}],"about":[{"href":"https:\/\/e.kosmolat.eu\/lt\/wp-json\/wp\/v2\/types\/product"}],"wp:featuredmedia":[{"embeddable":true,"href":"https:\/\/e.kosmolat.eu\/lt\/wp-json\/wp\/v2\/media\/106444"}],"wp:attachment":[{"href":"https:\/\/e.kosmolat.eu\/lt\/wp-json\/wp\/v2\/media?parent=106442"}],"wp:term":[{"taxonomy":"product_cat","embeddable":true,"href":"https:\/\/e.kosmolat.eu\/lt\/wp-json\/wp\/v2\/product_cat?post=106442"},{"taxonomy":"product_tag","embeddable":true,"href":"https:\/\/e.kosmolat.eu\/lt\/wp-json\/wp\/v2\/product_tag?post=106442"}],"curies":[{"name":"wp","href":"https:\/\/api.w.org\/{rel}","templated":true}]}}