{"id":106434,"date":"2026-04-09T17:23:02","date_gmt":"2026-04-09T17:23:02","guid":{"rendered":"https:\/\/e.kosmolat.eu\/product\/pl-matu-balz-kondic-apjoms-un-speks-plan-un-novaj-m-250-ml\/"},"modified":"2026-04-09T17:23:11","modified_gmt":"2026-04-09T17:23:11","slug":"pl-matu-balz-kondic-apjoms-un-speks-plan-un-novaj-m-250-ml","status":"publish","type":"product","link":"https:\/\/e.kosmolat.eu\/lt\/produktas\/pl-matu-balz-kondic-apjoms-un-speks-plan-un-novaj-m-250-ml\/","title":{"rendered":"PL Balzamas-kondicionierius ploniems ir nusilpusiems plaukams Apimtis ir stiprumas linu"},"content":{"rendered":"<p>Ploniems ir nusilpusiems plaukams. Naujoje formul\u0117je yra pantenolio ir augalini\u0173 ekstrakt\u0173 komplekso (lin\u0173, dilg\u0117li\u0173, ramun\u0117li\u0173, ugnia\u017eoli\u0173, jona\u017eoli\u0173, krauja\u017eoli\u0173 ir kvie\u010di\u0173 gemal\u0173). Nat\u016bral\u016bs ekstraktai suteikia apimties ir nat\u016bralaus blizgesio, plaukai tampa glotnesni ir labiau pri\u017ei\u016brimi, be sunkumo efekto. <\/p>\n<p>Naudojimas: u\u017etepkite ant \u0161vari\u0173, dr\u0117gn\u0173 plauk\u0173, palaikykite 1 minut\u0119 ir nuplaukite vandeniu. Patekus \u012f akis, kruop\u0161\u010diai praplaukite vandeniu. Tai n\u0117ra vaistas.<\/p>\n","protected":false},"excerpt":{"rendered":"<p>Ploniems ir nusilpusiems plaukams. Naujoje formul\u0117je yra pantenolio ir augalini\u0173 ekstrakt\u0173 komplekso (lin\u0173, dilg\u0117li\u0173, ramun\u0117li\u0173, ugnia\u017eoli\u0173, jona\u017eoli\u0173, krauja\u017eoli\u0173 ir kvie\u010di\u0173 gemal\u0173). Nat\u016bral\u016bs ekstraktai suteikia apimties ir nat\u016bralaus blizgesio, plaukai tampa glotnesni ir labiau pri\u017ei\u016brimi, be sunkumo efekto. Naudojimas: u\u017etepkite ant \u0161vari\u0173, dr\u0117gn\u0173 plauk\u0173, palaikykite 1 minut\u0119 ir nuplaukite vandeniu. Patekus \u012f akis, kruop\u0161\u010diai praplaukite vandeniu. [&#8230;]\n","protected":false},"featured_media":106436,"template":"","meta":[],"product_cat":[1640],"product_tag":[],"class_list":{"0":"post-106434","1":"product","2":"type-product","3":"status-publish","4":"has-post-thumbnail","6":"product_brand-private-label-lt","7":"product_cat-balzamai","9":"first","10":"instock","11":"taxable","12":"shipping-taxable","13":"product-type-simple"},"_links":{"self":[{"href":"https:\/\/e.kosmolat.eu\/lt\/wp-json\/wp\/v2\/product\/106434","targetHints":{"allow":["GET"]}}],"collection":[{"href":"https:\/\/e.kosmolat.eu\/lt\/wp-json\/wp\/v2\/product"}],"about":[{"href":"https:\/\/e.kosmolat.eu\/lt\/wp-json\/wp\/v2\/types\/product"}],"wp:featuredmedia":[{"embeddable":true,"href":"https:\/\/e.kosmolat.eu\/lt\/wp-json\/wp\/v2\/media\/106436"}],"wp:attachment":[{"href":"https:\/\/e.kosmolat.eu\/lt\/wp-json\/wp\/v2\/media?parent=106434"}],"wp:term":[{"taxonomy":"product_cat","embeddable":true,"href":"https:\/\/e.kosmolat.eu\/lt\/wp-json\/wp\/v2\/product_cat?post=106434"},{"taxonomy":"product_tag","embeddable":true,"href":"https:\/\/e.kosmolat.eu\/lt\/wp-json\/wp\/v2\/product_tag?post=106434"}],"curies":[{"name":"wp","href":"https:\/\/api.w.org\/{rel}","templated":true}]}}