{"id":106426,"date":"2026-04-09T17:22:44","date_gmt":"2026-04-09T17:22:44","guid":{"rendered":"https:\/\/e.kosmolat.eu\/product\/pl-stiprin-balzams-matu-skalos-visiem-matu-tipiem-natre-250-ml\/"},"modified":"2026-04-09T17:22:53","modified_gmt":"2026-04-09T17:22:53","slug":"pl-stiprin-balzams-matu-skalos-visiem-matu-tipiem-natre-250-ml","status":"publish","type":"product","link":"https:\/\/e.kosmolat.eu\/lt\/produktas\/pl-stiprin-balzams-matu-skalos-visiem-matu-tipiem-natre-250-ml\/","title":{"rendered":"\u010cISTAJA LINIJA Balzamas plauk\u0173 skalavimui Stiprinantis vis\u0173 tip\u0173 plaukams Dilg\u0117l\u0117, 250 ml"},"content":{"rendered":"<p>\u0160ioje naujoje formul\u0117je yra pantenolio ir augalini\u0173 ekstrakt\u0173 komplekso (dilg\u0117li\u0173, ramun\u0117li\u0173, ugnia\u017eoli\u0173, jona\u017eoli\u0173 ir krauja\u017eoli\u0173). Aktyv\u016bs nat\u016bral\u016bs ingredientai maitina, stiprina ir padeda atkurti plaukus per vis\u0105 j\u0173 ilg\u012f, tod\u0117l jie tampa mink\u0161ti ir sveikai atrodantys. <\/p>\n<p>Naudojimas: u\u017etepkite ant \u0161vari\u0173, dr\u0117gn\u0173 plauk\u0173, palaikykite 1 minut\u0119 ir nuplaukite vandeniu. Patekus \u012f akis, kruop\u0161\u010diai praplaukite vandeniu. Tai n\u0117ra vaistas.<\/p>\n","protected":false},"excerpt":{"rendered":"<p>\u0160ioje naujoje formul\u0117je yra pantenolio ir augalini\u0173 ekstrakt\u0173 komplekso (dilg\u0117li\u0173, ramun\u0117li\u0173, ugnia\u017eoli\u0173, jona\u017eoli\u0173 ir krauja\u017eoli\u0173). Aktyv\u016bs nat\u016bral\u016bs ingredientai maitina, stiprina ir padeda atkurti plaukus per vis\u0105 j\u0173 ilg\u012f, tod\u0117l jie tampa mink\u0161ti ir sveikai atrodantys. Naudojimas: u\u017etepkite ant \u0161vari\u0173, dr\u0117gn\u0173 plauk\u0173, palaikykite 1 minut\u0119 ir nuplaukite vandeniu. Patekus \u012f akis, kruop\u0161\u010diai praplaukite vandeniu. Tai n\u0117ra [&#8230;]\n","protected":false},"featured_media":106428,"template":"","meta":[],"product_cat":[1640],"product_tag":[],"class_list":{"0":"post-106426","1":"product","2":"type-product","3":"status-publish","4":"has-post-thumbnail","6":"product_brand-private-label-lt","7":"product_cat-balzamai","9":"first","10":"instock","11":"taxable","12":"shipping-taxable","13":"product-type-simple"},"_links":{"self":[{"href":"https:\/\/e.kosmolat.eu\/lt\/wp-json\/wp\/v2\/product\/106426","targetHints":{"allow":["GET"]}}],"collection":[{"href":"https:\/\/e.kosmolat.eu\/lt\/wp-json\/wp\/v2\/product"}],"about":[{"href":"https:\/\/e.kosmolat.eu\/lt\/wp-json\/wp\/v2\/types\/product"}],"wp:featuredmedia":[{"embeddable":true,"href":"https:\/\/e.kosmolat.eu\/lt\/wp-json\/wp\/v2\/media\/106428"}],"wp:attachment":[{"href":"https:\/\/e.kosmolat.eu\/lt\/wp-json\/wp\/v2\/media?parent=106426"}],"wp:term":[{"taxonomy":"product_cat","embeddable":true,"href":"https:\/\/e.kosmolat.eu\/lt\/wp-json\/wp\/v2\/product_cat?post=106426"},{"taxonomy":"product_tag","embeddable":true,"href":"https:\/\/e.kosmolat.eu\/lt\/wp-json\/wp\/v2\/product_tag?post=106426"}],"curies":[{"name":"wp","href":"https:\/\/api.w.org\/{rel}","templated":true}]}}