{"id":106418,"date":"2026-04-09T17:22:24","date_gmt":"2026-04-09T17:22:24","guid":{"rendered":"https:\/\/e.kosmolat.eu\/product\/so-unique-parfim-kerm-spreju-komplekts-4-x-50-ml\/"},"modified":"2026-04-09T17:22:35","modified_gmt":"2026-04-09T17:22:35","slug":"so-unique-parfim-kerm-spreju-komplekts-4-x-50-ml","status":"publish","type":"product","link":"https:\/\/e.kosmolat.eu\/lt\/produktas\/so-unique-parfim-kerm-spreju-komplekts-4-x-50-ml\/","title":{"rendered":"SO&#8230;? UNIQUE 4 x 50 ml parfumuot\u0173 k\u016bno pur\u0161kikli\u0173 rinkinys"},"content":{"rendered":"<p>Rinkin\u012f sudaro:<br \/>\n1. Vanilla Candy parfumuotas cukraus ir zefyr\u0173 k\u016bno pur\u0161kiklis<br \/>\n2. Sweet Pea, parfumuotas vandens jazmin\u0173 ir vanil\u0117s k\u016bno pur\u0161kiklis<br \/>\n3. Cashmere, parfumuotas ro\u017eini\u0173 kriau\u0161i\u0173 ir tiare \u017eied\u0173 k\u016bno pur\u0161kiklis<br \/>\n4. Truffle Cream, parfumuotas baltojo \u0161okolado ir kokos\u0173 \u017eied\u0173 k\u016bno pur\u0161kiklis<\/p>\n<p>Skirta aromat\u0173 sluoksniavimui. DEGUS SKYSTIS.<\/p>\n<p>Naudojimas: Tik i\u0161oriniam naudojimui. Purk\u0161kite ant odos 15 cm atstumu. Venkite patekimo \u012f akis. Laikyti vaikams nepasiekiamoje vietoje. Nenaudokite ant sudirgusios ar pa\u017eeistos odos.<\/p>\n","protected":false},"excerpt":{"rendered":"<p>Rinkin\u012f sudaro: 1. Vanilla Candy parfumuotas cukraus ir zefyr\u0173 k\u016bno pur\u0161kiklis 2. Sweet Pea, parfumuotas vandens jazmin\u0173 ir vanil\u0117s k\u016bno pur\u0161kiklis 3. Cashmere, parfumuotas ro\u017eini\u0173 kriau\u0161i\u0173 ir tiare \u017eied\u0173 k\u016bno pur\u0161kiklis 4. Truffle Cream, parfumuotas baltojo \u0161okolado ir kokos\u0173 \u017eied\u0173 k\u016bno pur\u0161kiklis Skirta aromat\u0173 sluoksniavimui. DEGUS SKYSTIS. Naudojimas: Tik i\u0161oriniam naudojimui. Purk\u0161kite ant odos 15 [&#8230;]\n","protected":false},"featured_media":106420,"template":"","meta":[],"product_cat":[1855],"product_tag":[],"class_list":{"0":"post-106418","1":"product","2":"type-product","3":"status-publish","4":"has-post-thumbnail","6":"product_brand-incos_gb-lt","7":"product_cat-dovanu-rinkiniai-moterim","9":"first","10":"instock","11":"taxable","12":"shipping-taxable","13":"product-type-simple"},"_links":{"self":[{"href":"https:\/\/e.kosmolat.eu\/lt\/wp-json\/wp\/v2\/product\/106418","targetHints":{"allow":["GET"]}}],"collection":[{"href":"https:\/\/e.kosmolat.eu\/lt\/wp-json\/wp\/v2\/product"}],"about":[{"href":"https:\/\/e.kosmolat.eu\/lt\/wp-json\/wp\/v2\/types\/product"}],"wp:featuredmedia":[{"embeddable":true,"href":"https:\/\/e.kosmolat.eu\/lt\/wp-json\/wp\/v2\/media\/106420"}],"wp:attachment":[{"href":"https:\/\/e.kosmolat.eu\/lt\/wp-json\/wp\/v2\/media?parent=106418"}],"wp:term":[{"taxonomy":"product_cat","embeddable":true,"href":"https:\/\/e.kosmolat.eu\/lt\/wp-json\/wp\/v2\/product_cat?post=106418"},{"taxonomy":"product_tag","embeddable":true,"href":"https:\/\/e.kosmolat.eu\/lt\/wp-json\/wp\/v2\/product_tag?post=106418"}],"curies":[{"name":"wp","href":"https:\/\/api.w.org\/{rel}","templated":true}]}}