{"id":106410,"date":"2026-04-09T17:22:06","date_gmt":"2026-04-09T17:22:06","guid":{"rendered":"https:\/\/e.kosmolat.eu\/product\/pax-moly-aud-sejas-maska-ists-koenz-q10-25-ml\/"},"modified":"2026-04-09T17:22:15","modified_gmt":"2026-04-09T17:22:15","slug":"pax-moly-aud-sejas-maska-ists-koenz-q10-25-ml","status":"publish","type":"product","link":"https:\/\/e.kosmolat.eu\/lt\/produktas\/pax-moly-aud-sejas-maska-ists-koenz-q10-25-ml\/","title":{"rendered":"PAX MOLY lak\u0161tin\u0117 veido kauk\u0117 su kofermentu Q10, 25 ml"},"content":{"rendered":"<p>Dvigubo poveikio kosmetikos priemon\u0117: skaistina ir stabdo sen\u0117jim\u0105. \u0160i kauk\u0117 atkuria elastingum\u0105 ir energij\u0105 pavargusiai nuo i\u0161or\u0117s poveikio odai, atkurdama jos tonus\u0105. D\u0117l patentuoto nat\u016brali\u0173 vaisi\u0173 ekstrakt\u0173 mi\u0161inio i\u0161 Oriental Beauty Fruits Newplex kauk\u0117 pasi\u017eymi antioksidacin\u0117mis ir sen\u0117jim\u0105 stabdan\u010diomis savyb\u0117mis, skatina sveik\u0105 od\u0105. Sud\u0117tyje yra niacinamido ir adenozino. Po kauk\u0117s panaudojimo oda tampa pastebimai spindinti ir pamaitinta, taip pat gerai sudr\u0117kinta ir pamaitinta. Prie\u0161 naudojim\u0105 rekomenduojama pakuot\u0119 laikyti \u0161aldytuve, kad sustipr\u0117t\u0173 gaivinantis ir v\u0117sinantis poveikis<\/p>\n<p>Naudojimas: nuvalykite ir nusausinkite veido od\u0105. Atidarykite pakuot\u0119 ir \u0161velniai u\u017ed\u0117kite kauk\u0119 ant veido. Kauk\u0119 palaikykite 10-20 minu\u010di\u0173, tada \u0161velniai nuimkite. Likusi\u0105 kauk\u0117s dal\u012f \u0161velniais judesiais \u012fmasa\u017euokite \u012f od\u0105. Kauk\u0117 skirta tik vienkartiniam naudojimui.<\/p>\n<p>Atsargumo priemon\u0117s: jei atsiranda b\u0117rimas, patinimas, nie\u017eulys ar dirginimas, nustokite naudoti kauk\u0119 ir kreipkit\u0117s \u012f dermatolog\u0105. Patekus \u012f akis, kruop\u0161\u010diai nuplaukite vandeniu.<\/p>\n<p>Laikyti vaikams nepasiekiamoje vietoje, apsaugotoje nuo tiesiogini\u0173 saul\u0117s spinduli\u0173, \u0161ilumos \u0161altini\u0173, nuo +5 \u00b0C iki +25 \u00b0C temperat\u016broje.<\/p>\n","protected":false},"excerpt":{"rendered":"<p>Dvigubo poveikio kosmetikos priemon\u0117: skaistina ir stabdo sen\u0117jim\u0105. \u0160i kauk\u0117 atkuria elastingum\u0105 ir energij\u0105 pavargusiai nuo i\u0161or\u0117s poveikio odai, atkurdama jos tonus\u0105. D\u0117l patentuoto nat\u016brali\u0173 vaisi\u0173 ekstrakt\u0173 mi\u0161inio i\u0161 Oriental Beauty Fruits Newplex kauk\u0117 pasi\u017eymi antioksidacin\u0117mis ir sen\u0117jim\u0105 stabdan\u010diomis savyb\u0117mis, skatina sveik\u0105 od\u0105. Sud\u0117tyje yra niacinamido ir adenozino. Po kauk\u0117s panaudojimo oda tampa pastebimai spindinti [&#8230;]\n","protected":false},"featured_media":106412,"template":"","meta":[],"product_cat":[1369],"product_tag":[],"class_list":{"0":"post-106410","1":"product","2":"type-product","3":"status-publish","4":"has-post-thumbnail","6":"product_brand-replay_kr-lt","7":"product_cat-veido-kaukes","9":"first","10":"instock","11":"taxable","12":"shipping-taxable","13":"product-type-simple"},"_links":{"self":[{"href":"https:\/\/e.kosmolat.eu\/lt\/wp-json\/wp\/v2\/product\/106410","targetHints":{"allow":["GET"]}}],"collection":[{"href":"https:\/\/e.kosmolat.eu\/lt\/wp-json\/wp\/v2\/product"}],"about":[{"href":"https:\/\/e.kosmolat.eu\/lt\/wp-json\/wp\/v2\/types\/product"}],"wp:featuredmedia":[{"embeddable":true,"href":"https:\/\/e.kosmolat.eu\/lt\/wp-json\/wp\/v2\/media\/106412"}],"wp:attachment":[{"href":"https:\/\/e.kosmolat.eu\/lt\/wp-json\/wp\/v2\/media?parent=106410"}],"wp:term":[{"taxonomy":"product_cat","embeddable":true,"href":"https:\/\/e.kosmolat.eu\/lt\/wp-json\/wp\/v2\/product_cat?post=106410"},{"taxonomy":"product_tag","embeddable":true,"href":"https:\/\/e.kosmolat.eu\/lt\/wp-json\/wp\/v2\/product_tag?post=106410"}],"curies":[{"name":"wp","href":"https:\/\/api.w.org\/{rel}","templated":true}]}}