{"id":106346,"date":"2026-04-09T17:19:30","date_gmt":"2026-04-09T17:19:30","guid":{"rendered":"https:\/\/e.kosmolat.eu\/product\/pax-moly-aud-sejas-maska-ists-arbut-25-ml\/"},"modified":"2026-04-10T09:23:03","modified_gmt":"2026-04-10T09:23:03","slug":"pax-moly-aud-sejas-maska-ists-arbut-25-ml","status":"publish","type":"product","link":"https:\/\/e.kosmolat.eu\/lt\/produktas\/pax-moly-aud-sejas-maska-ists-arbut-25-ml\/","title":{"rendered":"PAX MOLY Lak\u0161tin\u0117 veido kauk\u0117 su arbutinu, 25 ml"},"content":{"rendered":"<p>Dvigubo poveikio kosmetikos priemon\u0117: skaistinamoji ir sen\u0117jim\u0105 stabdanti. Kauk\u0117s sud\u0117tyje yra 5 % arbutino, gerai \u017einomo d\u0117l savo skaistinam\u0173j\u0173 savybi\u0173. Ji dr\u0117kina od\u0105 ir u\u017etikrina tolyg\u0173, spindint\u012f atspalv\u012f.<\/p>\n<p>Naudojimas: nuvalykite ir nusausinkite veido od\u0105. Atidarykite pakuot\u0119 ir \u0161velniai u\u017ed\u0117kite kauk\u0119 ant veido. Kauk\u0119 palaikykite 10-20 minu\u010di\u0173, tada \u0161velniai nuimkite. Likusi\u0105 kauk\u0117s dal\u012f \u0161velniais judesiais \u012fmasa\u017euokite \u012f od\u0105. Kauk\u0117 skirta tik vienkartiniam naudojimui.<\/p>\n<p>Atsargumo priemon\u0117s: jei atsiranda b\u0117rimas, patinimas, nie\u017eulys ar dirginimas, nustokite naudoti kauk\u0119 ir kreipkit\u0117s \u012f dermatolog\u0105. Patekus \u012f akis, kruop\u0161\u010diai nuplaukite vandeniu.<\/p>\n<p>Laikyti vaikams nepasiekiamoje vietoje, apsaugotoje nuo tiesiogini\u0173 saul\u0117s spinduli\u0173, \u0161ilumos \u0161altini\u0173, nuo +5 \u00b0C iki +25 \u00b0C temperat\u016broje.<\/p>\n","protected":false},"excerpt":{"rendered":"<p>Dvigubo poveikio kosmetikos priemon\u0117: skaistinamoji ir sen\u0117jim\u0105 stabdanti. Kauk\u0117s sud\u0117tyje yra 5 % arbutino, gerai \u017einomo d\u0117l savo skaistinam\u0173j\u0173 savybi\u0173. Ji dr\u0117kina od\u0105 ir u\u017etikrina tolyg\u0173, spindint\u012f atspalv\u012f. Naudojimas: nuvalykite ir nusausinkite veido od\u0105. Atidarykite pakuot\u0119 ir \u0161velniai u\u017ed\u0117kite kauk\u0119 ant veido. Kauk\u0119 palaikykite 10-20 minu\u010di\u0173, tada \u0161velniai nuimkite. Likusi\u0105 kauk\u0117s dal\u012f \u0161velniais judesiais \u012fmasa\u017euokite [&#8230;]\n","protected":false},"featured_media":106348,"template":"","meta":[],"product_cat":[1369],"product_tag":[],"class_list":{"0":"post-106346","1":"product","2":"type-product","3":"status-publish","4":"has-post-thumbnail","6":"product_brand-replay_kr-lt","7":"product_cat-veido-kaukes","9":"first","10":"instock","11":"taxable","12":"shipping-taxable","13":"product-type-simple"},"_links":{"self":[{"href":"https:\/\/e.kosmolat.eu\/lt\/wp-json\/wp\/v2\/product\/106346","targetHints":{"allow":["GET"]}}],"collection":[{"href":"https:\/\/e.kosmolat.eu\/lt\/wp-json\/wp\/v2\/product"}],"about":[{"href":"https:\/\/e.kosmolat.eu\/lt\/wp-json\/wp\/v2\/types\/product"}],"wp:featuredmedia":[{"embeddable":true,"href":"https:\/\/e.kosmolat.eu\/lt\/wp-json\/wp\/v2\/media\/106348"}],"wp:attachment":[{"href":"https:\/\/e.kosmolat.eu\/lt\/wp-json\/wp\/v2\/media?parent=106346"}],"wp:term":[{"taxonomy":"product_cat","embeddable":true,"href":"https:\/\/e.kosmolat.eu\/lt\/wp-json\/wp\/v2\/product_cat?post=106346"},{"taxonomy":"product_tag","embeddable":true,"href":"https:\/\/e.kosmolat.eu\/lt\/wp-json\/wp\/v2\/product_tag?post=106346"}],"curies":[{"name":"wp","href":"https:\/\/api.w.org\/{rel}","templated":true}]}}