{"id":106290,"date":"2026-04-09T17:17:21","date_gmt":"2026-04-09T17:17:21","guid":{"rendered":"https:\/\/e.kosmolat.eu\/product\/baroness-aud-sejas-maska-ar-tomatu-ekstr-21-g\/"},"modified":"2026-04-09T17:17:31","modified_gmt":"2026-04-09T17:17:31","slug":"baroness-aud-sejas-maska-ar-tomatu-ekstr-21-g","status":"publish","type":"product","link":"https:\/\/e.kosmolat.eu\/lt\/produktas\/baroness-aud-sejas-maska-ar-tomatu-ekstr-21-g\/","title":{"rendered":"BARONESS lak\u0161tin\u0117 veido kauk\u0117 su pomidor\u0173 ekstraktu, 21 g"},"content":{"rendered":"<p>\u0160i lak\u0161tin\u0117 kauk\u0117 padeda atkurti elastingum\u0105 ir suteikia odai jaunatvi\u0161kesn\u0119 i\u0161vaizd\u0105, dr\u0117kina ir palieka j\u0105 \u0161ilkin\u0119 bei gaivesn\u0119. \u0160ioje itin koncentruotoje maitinamojoje \u201eBaroness\u201c kauk\u0117je yra pomidor\u0173 ekstrakto, kuris skaistina, dr\u0117kina ir gerina odos i\u0161vaizd\u0105. Kauk\u0117 gaivina ir ma\u017eina netobulumus, lygina veido ton\u0105. <\/p>\n<p>Naudojimas: 1. Po prausimo kruop\u0161\u010diai nusausinkite veid\u0105. 2. U\u017ed\u0117kite ant veido lak\u0161tin\u0119 kauke. 3. Palikite 15-20 minu\u010di\u0173. 4. Nuimkite kauk\u0119 ir pir\u0161t\u0173 galiukais \u0161velniai paglostykite veid\u0105. Nenuplaukite.<\/p>\n<p>Atsargiai: Tik i\u0161oriniam naudojimui. Nenaudoti ant pa\u017eeistos odos. Vengti patekimo \u012f akis. Jei atsiranda dirginimas ir (arba) b\u0117rimas, kruop\u0161\u010diai nuplaukite vandeniu ir nedelsdami nutraukite naudojim\u0105. Jei simptomai i\u0161lieka, kreipkit\u0117s \u012f gydytoj\u0105. Laikyti vaikams nepasiekiamoje vietoje.<\/p>\n","protected":false},"excerpt":{"rendered":"<p>\u0160i lak\u0161tin\u0117 kauk\u0117 padeda atkurti elastingum\u0105 ir suteikia odai jaunatvi\u0161kesn\u0119 i\u0161vaizd\u0105, dr\u0117kina ir palieka j\u0105 \u0161ilkin\u0119 bei gaivesn\u0119. \u0160ioje itin koncentruotoje maitinamojoje \u201eBaroness\u201c kauk\u0117je yra pomidor\u0173 ekstrakto, kuris skaistina, dr\u0117kina ir gerina odos i\u0161vaizd\u0105. Kauk\u0117 gaivina ir ma\u017eina netobulumus, lygina veido ton\u0105. Naudojimas: 1. Po prausimo kruop\u0161\u010diai nusausinkite veid\u0105. 2. U\u017ed\u0117kite ant veido lak\u0161tin\u0119 kauke. [&#8230;]\n","protected":false},"featured_media":106292,"template":"","meta":[],"product_cat":[1369],"product_tag":[],"class_list":{"0":"post-106290","1":"product","2":"type-product","3":"status-publish","4":"has-post-thumbnail","6":"product_brand-replay_kr-lt","7":"product_cat-veido-kaukes","9":"first","10":"instock","11":"taxable","12":"shipping-taxable","13":"product-type-simple"},"_links":{"self":[{"href":"https:\/\/e.kosmolat.eu\/lt\/wp-json\/wp\/v2\/product\/106290","targetHints":{"allow":["GET"]}}],"collection":[{"href":"https:\/\/e.kosmolat.eu\/lt\/wp-json\/wp\/v2\/product"}],"about":[{"href":"https:\/\/e.kosmolat.eu\/lt\/wp-json\/wp\/v2\/types\/product"}],"wp:featuredmedia":[{"embeddable":true,"href":"https:\/\/e.kosmolat.eu\/lt\/wp-json\/wp\/v2\/media\/106292"}],"wp:attachment":[{"href":"https:\/\/e.kosmolat.eu\/lt\/wp-json\/wp\/v2\/media?parent=106290"}],"wp:term":[{"taxonomy":"product_cat","embeddable":true,"href":"https:\/\/e.kosmolat.eu\/lt\/wp-json\/wp\/v2\/product_cat?post=106290"},{"taxonomy":"product_tag","embeddable":true,"href":"https:\/\/e.kosmolat.eu\/lt\/wp-json\/wp\/v2\/product_tag?post=106290"}],"curies":[{"name":"wp","href":"https:\/\/api.w.org\/{rel}","templated":true}]}}