{"id":106250,"date":"2026-04-09T17:15:48","date_gmt":"2026-04-09T17:15:48","guid":{"rendered":"https:\/\/e.kosmolat.eu\/product\/baroness-aud-sejas-maska-ar-bisu-indi-21-g\/"},"modified":"2026-04-09T17:15:57","modified_gmt":"2026-04-09T17:15:57","slug":"baroness-aud-sejas-maska-ar-bisu-indi-21-g","status":"publish","type":"product","link":"https:\/\/e.kosmolat.eu\/lt\/produktas\/baroness-aud-sejas-maska-ar-bisu-indi-21-g\/","title":{"rendered":"BARONESS lak\u0161tin\u0117 veido kauk\u0117 su bi\u010di\u0173 nuodais, 21 g"},"content":{"rendered":"<p>\u0160i apgaubianti kauk\u0117 padeda atkurti elastingum\u0105 ir suteikia odai jaunatvi\u0161kesn\u0119 i\u0161vaizd\u0105, dr\u0117kina ir palieka j\u0105 \u0161ilkin\u0119 bei gaivesn\u0119. Labai koncentruotoje, maitinamojoje \u201eBaroness\u201c kauk\u0117je yra bi\u010di\u0173 nuod\u0173, kurie gerina odos elastingum\u0105, stangrina ir stangrina od\u0105, kad ji atrodyt\u0173 spindinti ir jauna.<\/p>\n<p>Naudojimas: 1. Po prausimo kruop\u0161\u010diai nusausinkite veid\u0105. 2. U\u017ed\u0117kite ant veido lak\u0161tin\u0119 kauke. 3. Palikite 15-20 minu\u010di\u0173. 4. Nuimkite kauk\u0119 ir pir\u0161t\u0173 galiukais \u0161velniai paglostykite veid\u0105. Nenuplaukite.<\/p>\n<p>Atsargiai: Tik i\u0161oriniam naudojimui. Nenaudoti ant pa\u017eeistos odos. Vengti patekimo \u012f akis. Jei atsiranda dirginimas ir (arba) b\u0117rimas, kruop\u0161\u010diai nuplaukite vandeniu ir nedelsdami nutraukite naudojim\u0105. Jei simptomai i\u0161lieka, kreipkit\u0117s \u012f gydytoj\u0105. Laikyti vaikams nepasiekiamoje vietoje.<\/p>\n","protected":false},"excerpt":{"rendered":"<p>\u0160i apgaubianti kauk\u0117 padeda atkurti elastingum\u0105 ir suteikia odai jaunatvi\u0161kesn\u0119 i\u0161vaizd\u0105, dr\u0117kina ir palieka j\u0105 \u0161ilkin\u0119 bei gaivesn\u0119. Labai koncentruotoje, maitinamojoje \u201eBaroness\u201c kauk\u0117je yra bi\u010di\u0173 nuod\u0173, kurie gerina odos elastingum\u0105, stangrina ir stangrina od\u0105, kad ji atrodyt\u0173 spindinti ir jauna. Naudojimas: 1. Po prausimo kruop\u0161\u010diai nusausinkite veid\u0105. 2. U\u017ed\u0117kite ant veido lak\u0161tin\u0119 kauke. 3. Palikite [&#8230;]\n","protected":false},"featured_media":106252,"template":"","meta":[],"product_cat":[1369],"product_tag":[],"class_list":{"0":"post-106250","1":"product","2":"type-product","3":"status-publish","4":"has-post-thumbnail","6":"product_brand-replay_kr-lt","7":"product_cat-veido-kaukes","9":"first","10":"instock","11":"taxable","12":"shipping-taxable","13":"product-type-simple"},"_links":{"self":[{"href":"https:\/\/e.kosmolat.eu\/lt\/wp-json\/wp\/v2\/product\/106250","targetHints":{"allow":["GET"]}}],"collection":[{"href":"https:\/\/e.kosmolat.eu\/lt\/wp-json\/wp\/v2\/product"}],"about":[{"href":"https:\/\/e.kosmolat.eu\/lt\/wp-json\/wp\/v2\/types\/product"}],"wp:featuredmedia":[{"embeddable":true,"href":"https:\/\/e.kosmolat.eu\/lt\/wp-json\/wp\/v2\/media\/106252"}],"wp:attachment":[{"href":"https:\/\/e.kosmolat.eu\/lt\/wp-json\/wp\/v2\/media?parent=106250"}],"wp:term":[{"taxonomy":"product_cat","embeddable":true,"href":"https:\/\/e.kosmolat.eu\/lt\/wp-json\/wp\/v2\/product_cat?post=106250"},{"taxonomy":"product_tag","embeddable":true,"href":"https:\/\/e.kosmolat.eu\/lt\/wp-json\/wp\/v2\/product_tag?post=106250"}],"curies":[{"name":"wp","href":"https:\/\/api.w.org\/{rel}","templated":true}]}}