{"id":106226,"date":"2026-04-09T17:14:49","date_gmt":"2026-04-09T17:14:49","guid":{"rendered":"https:\/\/e.kosmolat.eu\/product\/baroness-aud-sejas-maska-ar-gliemezu-muc-21-g\/"},"modified":"2026-04-09T17:14:57","modified_gmt":"2026-04-09T17:14:57","slug":"baroness-aud-sejas-maska-ar-gliemezu-muc-21-g","status":"publish","type":"product","link":"https:\/\/e.kosmolat.eu\/lt\/produktas\/baroness-aud-sejas-maska-ar-gliemezu-muc-21-g\/","title":{"rendered":"BARONESS lak\u0161tin\u0117 veido kauk\u0117 su sraigi\u0173 mucinu, 21 g"},"content":{"rendered":"<p>\u0160i apgaubianti kauk\u0117 padeda atkurti odos elastingum\u0105 ir pagerinti jos i\u0161vaizd\u0105, dr\u0117kina ir suteikia jai \u0161ilkin\u0117s bei gaivios tekst\u016bros poj\u016bt\u012f. Baroness lak\u0161tin\u0117s kauk\u0117s sud\u0117tyje yra sraigi\u0173 mucino, kuris ma\u017eina rauk\u0161les ir sen\u0117jimo po\u017eymius, palaiko dr\u0117kinim\u0105 ir elastingum\u0105, jaunina od\u0105.<\/p>\n<p>Naudojimas: 1. Po prausimo kruop\u0161\u010diai nusausinkite veid\u0105. 2. U\u017ed\u0117kite ant veido lak\u0161tin\u0119 kauke. 3. Palikite 15-20 minu\u010di\u0173. 4. Nuimkite kauk\u0119 ir pir\u0161t\u0173 galiukais \u0161velniai paglostykite veid\u0105. Nenuplaukite.<\/p>\n<p>Atsargiai: Tik i\u0161oriniam naudojimui. Nenaudoti ant pa\u017eeistos odos. Vengti patekimo \u012f akis. Jei atsiranda dirginimas ir (arba) b\u0117rimas, kruop\u0161\u010diai nuplaukite vandeniu ir nedelsdami nutraukite naudojim\u0105. Jei simptomai i\u0161lieka, kreipkit\u0117s \u012f gydytoj\u0105. Laikyti vaikams nepasiekiamoje vietoje.<\/p>\n","protected":false},"excerpt":{"rendered":"<p>\u0160i apgaubianti kauk\u0117 padeda atkurti odos elastingum\u0105 ir pagerinti jos i\u0161vaizd\u0105, dr\u0117kina ir suteikia jai \u0161ilkin\u0117s bei gaivios tekst\u016bros poj\u016bt\u012f. Baroness lak\u0161tin\u0117s kauk\u0117s sud\u0117tyje yra sraigi\u0173 mucino, kuris ma\u017eina rauk\u0161les ir sen\u0117jimo po\u017eymius, palaiko dr\u0117kinim\u0105 ir elastingum\u0105, jaunina od\u0105. Naudojimas: 1. Po prausimo kruop\u0161\u010diai nusausinkite veid\u0105. 2. U\u017ed\u0117kite ant veido lak\u0161tin\u0119 kauke. 3. Palikite 15-20 [&#8230;]\n","protected":false},"featured_media":106228,"template":"","meta":[],"product_cat":[1369],"product_tag":[],"class_list":{"0":"post-106226","1":"product","2":"type-product","3":"status-publish","4":"has-post-thumbnail","6":"product_brand-replay_kr-lt","7":"product_cat-veido-kaukes","9":"first","10":"instock","11":"taxable","12":"shipping-taxable","13":"product-type-simple"},"_links":{"self":[{"href":"https:\/\/e.kosmolat.eu\/lt\/wp-json\/wp\/v2\/product\/106226","targetHints":{"allow":["GET"]}}],"collection":[{"href":"https:\/\/e.kosmolat.eu\/lt\/wp-json\/wp\/v2\/product"}],"about":[{"href":"https:\/\/e.kosmolat.eu\/lt\/wp-json\/wp\/v2\/types\/product"}],"wp:featuredmedia":[{"embeddable":true,"href":"https:\/\/e.kosmolat.eu\/lt\/wp-json\/wp\/v2\/media\/106228"}],"wp:attachment":[{"href":"https:\/\/e.kosmolat.eu\/lt\/wp-json\/wp\/v2\/media?parent=106226"}],"wp:term":[{"taxonomy":"product_cat","embeddable":true,"href":"https:\/\/e.kosmolat.eu\/lt\/wp-json\/wp\/v2\/product_cat?post=106226"},{"taxonomy":"product_tag","embeddable":true,"href":"https:\/\/e.kosmolat.eu\/lt\/wp-json\/wp\/v2\/product_tag?post=106226"}],"curies":[{"name":"wp","href":"https:\/\/api.w.org\/{rel}","templated":true}]}}