{"id":106202,"date":"2026-04-09T17:13:52","date_gmt":"2026-04-09T17:13:52","guid":{"rendered":"https:\/\/e.kosmolat.eu\/product\/baroness-aud-sejas-maska-ar-syn-ake-pept-21-g\/"},"modified":"2026-04-09T17:14:01","modified_gmt":"2026-04-09T17:14:01","slug":"baroness-aud-sejas-maska-ar-syn-ake-pept-21-g","status":"publish","type":"product","link":"https:\/\/e.kosmolat.eu\/lt\/produktas\/baroness-aud-sejas-maska-ar-syn-ake-pept-21-g\/","title":{"rendered":"BARONESS Lak\u0161tin\u0117 veido kauk\u0117 su Syn-Ake peptidais, 21 g"},"content":{"rendered":"<p>Labai koncentruota maitinamoji \u201eBaroness\u201c kauk\u0117 su Syn-Ake peptidu padeda dr\u0117kinti ir stangrinti od\u0105, ma\u017eina rauk\u0161les ir sen\u0117jimo po\u017eymius. Veido oda atrodo lygesn\u0117 ir jaunatvi\u0161kesn\u0117.<\/p>\n<p>Naudojimas: 1. Po prausimo kruop\u0161\u010diai nusausinkite veid\u0105. 2. U\u017ed\u0117kite ant veido lak\u0161tin\u0119 kauke. 3. Palikite 15-20 minu\u010di\u0173. 4. Nuimkite kauk\u0119 ir pir\u0161t\u0173 galiukais \u0161velniai paglostykite veid\u0105. Nenuplaukite.<\/p>\n<p>Atsargiai: Tik i\u0161oriniam naudojimui. Nenaudoti ant pa\u017eeistos odos. Vengti patekimo \u012f akis. Jei atsiranda dirginimas ir (arba) b\u0117rimas, kruop\u0161\u010diai nuplaukite vandeniu ir nedelsdami nutraukite naudojim\u0105. Jei simptomai i\u0161lieka, kreipkit\u0117s \u012f gydytoj\u0105. Laikyti vaikams nepasiekiamoje vietoje.<\/p>\n","protected":false},"excerpt":{"rendered":"<p>Labai koncentruota maitinamoji \u201eBaroness\u201c kauk\u0117 su Syn-Ake peptidu padeda dr\u0117kinti ir stangrinti od\u0105, ma\u017eina rauk\u0161les ir sen\u0117jimo po\u017eymius. Veido oda atrodo lygesn\u0117 ir jaunatvi\u0161kesn\u0117. Naudojimas: 1. Po prausimo kruop\u0161\u010diai nusausinkite veid\u0105. 2. U\u017ed\u0117kite ant veido lak\u0161tin\u0119 kauke. 3. Palikite 15-20 minu\u010di\u0173. 4. Nuimkite kauk\u0119 ir pir\u0161t\u0173 galiukais \u0161velniai paglostykite veid\u0105. Nenuplaukite. Atsargiai: Tik i\u0161oriniam naudojimui. [&#8230;]\n","protected":false},"featured_media":106204,"template":"","meta":[],"product_cat":[1369],"product_tag":[],"class_list":{"0":"post-106202","1":"product","2":"type-product","3":"status-publish","4":"has-post-thumbnail","6":"product_brand-replay_kr-lt","7":"product_cat-veido-kaukes","9":"first","10":"instock","11":"taxable","12":"shipping-taxable","13":"product-type-simple"},"_links":{"self":[{"href":"https:\/\/e.kosmolat.eu\/lt\/wp-json\/wp\/v2\/product\/106202","targetHints":{"allow":["GET"]}}],"collection":[{"href":"https:\/\/e.kosmolat.eu\/lt\/wp-json\/wp\/v2\/product"}],"about":[{"href":"https:\/\/e.kosmolat.eu\/lt\/wp-json\/wp\/v2\/types\/product"}],"wp:featuredmedia":[{"embeddable":true,"href":"https:\/\/e.kosmolat.eu\/lt\/wp-json\/wp\/v2\/media\/106204"}],"wp:attachment":[{"href":"https:\/\/e.kosmolat.eu\/lt\/wp-json\/wp\/v2\/media?parent=106202"}],"wp:term":[{"taxonomy":"product_cat","embeddable":true,"href":"https:\/\/e.kosmolat.eu\/lt\/wp-json\/wp\/v2\/product_cat?post=106202"},{"taxonomy":"product_tag","embeddable":true,"href":"https:\/\/e.kosmolat.eu\/lt\/wp-json\/wp\/v2\/product_tag?post=106202"}],"curies":[{"name":"wp","href":"https:\/\/api.w.org\/{rel}","templated":true}]}}