{"id":106122,"date":"2026-04-09T17:10:47","date_gmt":"2026-04-09T17:10:47","guid":{"rendered":"https:\/\/e.kosmolat.eu\/product\/fj-skidr-ziepes-juzu-un-mandarins-460-ml\/"},"modified":"2026-04-16T12:59:02","modified_gmt":"2026-04-16T12:59:02","slug":"fj-skidr-ziepes-juzu-un-mandarins-460-ml","status":"publish","type":"product","link":"https:\/\/e.kosmolat.eu\/lt\/produktas\/fj-skidr-ziepes-juzu-un-mandarins-460-ml\/","title":{"rendered":"FRESH JUICE skystas muilas Kvapnusis citrinmedis ir mandarinai, 460 ml"},"content":{"rendered":"<p>\u0160velniai valo od\u0105. Sud\u0117tyje yra mink\u0161tinamojo simondsij\u0173 aliejaus, skirto \u0161velniai prie\u017ei\u016brai. Dermatologi\u0161kai patikrintas.<\/p>\n<p>Naudojimas: tepkite ant dr\u0117gnos odos,suputokite ir nuplaukite vandeniu.<\/p>\n<p>Atsargumo priemon\u0117s: galimas individualus jautrumas kai kurioms sudedamosioms dalims.<\/p>\n<p>Laikymas: nuo 5 \u00b0C iki 25 \u00b0C.<\/p>\n<p>Geriausias: 30 m\u0117nesi\u0173 nuo pagaminimo datos.<\/p>\n","protected":false},"excerpt":{"rendered":"<p>\u0160velniai valo od\u0105. Sud\u0117tyje yra mink\u0161tinamojo simondsij\u0173 aliejaus, skirto \u0161velniai prie\u017ei\u016brai. Dermatologi\u0161kai patikrintas. Naudojimas: tepkite ant dr\u0117gnos odos,suputokite ir nuplaukite vandeniu. Atsargumo priemon\u0117s: galimas individualus jautrumas kai kurioms sudedamosioms dalims. Laikymas: nuo 5 \u00b0C iki 25 \u00b0C. Geriausias: 30 m\u0117nesi\u0173 nuo pagaminimo datos.<\/p>\n","protected":false},"featured_media":106124,"template":"","meta":[],"product_cat":[2181],"product_tag":[],"class_list":{"0":"post-106122","1":"product","2":"type-product","3":"status-publish","4":"has-post-thumbnail","6":"product_brand-elfa_ua-lt","7":"product_cat-bez-kategorijas-lt","9":"first","10":"instock","11":"taxable","12":"shipping-taxable","13":"product-type-simple"},"_links":{"self":[{"href":"https:\/\/e.kosmolat.eu\/lt\/wp-json\/wp\/v2\/product\/106122","targetHints":{"allow":["GET"]}}],"collection":[{"href":"https:\/\/e.kosmolat.eu\/lt\/wp-json\/wp\/v2\/product"}],"about":[{"href":"https:\/\/e.kosmolat.eu\/lt\/wp-json\/wp\/v2\/types\/product"}],"wp:featuredmedia":[{"embeddable":true,"href":"https:\/\/e.kosmolat.eu\/lt\/wp-json\/wp\/v2\/media\/106124"}],"wp:attachment":[{"href":"https:\/\/e.kosmolat.eu\/lt\/wp-json\/wp\/v2\/media?parent=106122"}],"wp:term":[{"taxonomy":"product_cat","embeddable":true,"href":"https:\/\/e.kosmolat.eu\/lt\/wp-json\/wp\/v2\/product_cat?post=106122"},{"taxonomy":"product_tag","embeddable":true,"href":"https:\/\/e.kosmolat.eu\/lt\/wp-json\/wp\/v2\/product_tag?post=106122"}],"curies":[{"name":"wp","href":"https:\/\/api.w.org\/{rel}","templated":true}]}}