{"id":106114,"date":"2026-04-09T17:10:30","date_gmt":"2026-04-09T17:10:30","guid":{"rendered":"https:\/\/e.kosmolat.eu\/product\/fj-skidr-ziepes-rabarb-un-dzerv-460-ml\/"},"modified":"2026-04-17T12:33:51","modified_gmt":"2026-04-17T12:33:51","slug":"fj-skidr-ziepes-rabarb-un-dzerv-460-ml","status":"publish","type":"product","link":"https:\/\/e.kosmolat.eu\/lt\/produktas\/fj-skidr-ziepes-rabarb-un-dzerv-460-ml\/","title":{"rendered":"FRESH JUICE skystas muilas Rabarbarai ir spanguol\u0117s, 460 ml"},"content":{"rendered":"<p>\u0160velniai valo od\u0105. Sud\u0117tyje yra maitinamojo argano aliejaus, skirto \u0161velniai prie\u017ei\u016brai. Dermatologi\u0161kai patikrintas.<\/p>\n<p>Naudojimas: tepkite ant dr\u0117gnos odos,suputokite ir nuplaukite vandeniu.<\/p>\n<p>Atsargumo priemon\u0117s: galimas individualus jautrumas kai kurioms sudedamosioms dalims.<\/p>\n<p>Laikymas: nuo 5 \u00b0C iki 25 \u00b0C.<\/p>\n<p>Geriausias: 30 m\u0117nesi\u0173 nuo pagaminimo datos.<\/p>\n","protected":false},"excerpt":{"rendered":"<p>\u0160velniai valo od\u0105. Sud\u0117tyje yra maitinamojo argano aliejaus, skirto \u0161velniai prie\u017ei\u016brai. Dermatologi\u0161kai patikrintas. Naudojimas: tepkite ant dr\u0117gnos odos,suputokite ir nuplaukite vandeniu. Atsargumo priemon\u0117s: galimas individualus jautrumas kai kurioms sudedamosioms dalims. Laikymas: nuo 5 \u00b0C iki 25 \u00b0C. Geriausias: 30 m\u0117nesi\u0173 nuo pagaminimo datos.<\/p>\n","protected":false},"featured_media":106116,"template":"","meta":[],"product_cat":[1748],"product_tag":[],"class_list":{"0":"post-106114","1":"product","2":"type-product","3":"status-publish","4":"has-post-thumbnail","6":"product_brand-elfa_ua-lt","7":"product_cat-skystas-muilas","9":"first","10":"instock","11":"taxable","12":"shipping-taxable","13":"product-type-simple"},"_links":{"self":[{"href":"https:\/\/e.kosmolat.eu\/lt\/wp-json\/wp\/v2\/product\/106114","targetHints":{"allow":["GET"]}}],"collection":[{"href":"https:\/\/e.kosmolat.eu\/lt\/wp-json\/wp\/v2\/product"}],"about":[{"href":"https:\/\/e.kosmolat.eu\/lt\/wp-json\/wp\/v2\/types\/product"}],"wp:featuredmedia":[{"embeddable":true,"href":"https:\/\/e.kosmolat.eu\/lt\/wp-json\/wp\/v2\/media\/106116"}],"wp:attachment":[{"href":"https:\/\/e.kosmolat.eu\/lt\/wp-json\/wp\/v2\/media?parent=106114"}],"wp:term":[{"taxonomy":"product_cat","embeddable":true,"href":"https:\/\/e.kosmolat.eu\/lt\/wp-json\/wp\/v2\/product_cat?post=106114"},{"taxonomy":"product_tag","embeddable":true,"href":"https:\/\/e.kosmolat.eu\/lt\/wp-json\/wp\/v2\/product_tag?post=106114"}],"curies":[{"name":"wp","href":"https:\/\/api.w.org\/{rel}","templated":true}]}}