{"id":106106,"date":"2026-04-09T17:10:13","date_gmt":"2026-04-09T17:10:13","guid":{"rendered":"https:\/\/e.kosmolat.eu\/product\/maksl-skropstu-pusk-4479-c-izl-10-mm-60-gab\/"},"modified":"2026-04-09T17:10:21","modified_gmt":"2026-04-09T17:10:21","slug":"maksl-skropstu-pusk-4479-c-izl-10-mm-60-gab","status":"publish","type":"product","link":"https:\/\/e.kosmolat.eu\/lt\/produktas\/maksl-skropstu-pusk-4479-c-izl-10-mm-60-gab\/","title":{"rendered":"Donegal dirbtin\u0117s blakstienos, C formos riestos, 10 mm, 60 vnt. 4479"},"content":{"rendered":"<p>U\u017etepkite nedidel\u012f kiek\u012f klij\u0173 ant kuok\u0161telio pagrindo ir pritvirtinkite kuo ar\u010diau nat\u016brali\u0173 blakstien\u0173 \u0161akn\u0173. \u0160velniai paspauskite, kad pritvirtintum\u0117te.<\/p>\n","protected":false},"excerpt":{"rendered":"<p>U\u017etepkite nedidel\u012f kiek\u012f klij\u0173 ant kuok\u0161telio pagrindo ir pritvirtinkite kuo ar\u010diau nat\u016brali\u0173 blakstien\u0173 \u0161akn\u0173. \u0160velniai paspauskite, kad pritvirtintum\u0117te.<\/p>\n","protected":false},"featured_media":106108,"template":"","meta":[],"product_cat":[1511],"product_tag":[],"class_list":{"0":"post-106106","1":"product","2":"type-product","3":"status-publish","4":"has-post-thumbnail","6":"product_brand-donegal-sp-zo-o-_pl-lt","7":"product_cat-dirbtines-blakstienos","9":"first","10":"instock","11":"taxable","12":"shipping-taxable","13":"product-type-simple"},"_links":{"self":[{"href":"https:\/\/e.kosmolat.eu\/lt\/wp-json\/wp\/v2\/product\/106106","targetHints":{"allow":["GET"]}}],"collection":[{"href":"https:\/\/e.kosmolat.eu\/lt\/wp-json\/wp\/v2\/product"}],"about":[{"href":"https:\/\/e.kosmolat.eu\/lt\/wp-json\/wp\/v2\/types\/product"}],"wp:featuredmedia":[{"embeddable":true,"href":"https:\/\/e.kosmolat.eu\/lt\/wp-json\/wp\/v2\/media\/106108"}],"wp:attachment":[{"href":"https:\/\/e.kosmolat.eu\/lt\/wp-json\/wp\/v2\/media?parent=106106"}],"wp:term":[{"taxonomy":"product_cat","embeddable":true,"href":"https:\/\/e.kosmolat.eu\/lt\/wp-json\/wp\/v2\/product_cat?post=106106"},{"taxonomy":"product_tag","embeddable":true,"href":"https:\/\/e.kosmolat.eu\/lt\/wp-json\/wp\/v2\/product_tag?post=106106"}],"curies":[{"name":"wp","href":"https:\/\/api.w.org\/{rel}","templated":true}]}}