{"id":106098,"date":"2026-04-09T17:09:53","date_gmt":"2026-04-09T17:09:53","guid":{"rendered":"https:\/\/e.kosmolat.eu\/product\/nagu-knaibles-2222\/"},"modified":"2026-04-09T17:10:02","modified_gmt":"2026-04-09T17:10:02","slug":"nagu-knaibles-2222","status":"publish","type":"product","link":"https:\/\/e.kosmolat.eu\/lt\/produktas\/nagu-knaibles-2222\/","title":{"rendered":"DONEGAL Nag\u0173 \u017eirklut\u0117s 2222"},"content":{"rendered":"<p>Nag\u0173 kirpimo \u017eirklut\u0117s turi \u0161iek tiek i\u0161lenkt\u0105 a\u0161men\u012f, tod\u0117l lengviau tiksliai kirpti nagus.<\/p>\n","protected":false},"excerpt":{"rendered":"<p>Nag\u0173 kirpimo \u017eirklut\u0117s turi \u0161iek tiek i\u0161lenkt\u0105 a\u0161men\u012f, tod\u0117l lengviau tiksliai kirpti nagus.<\/p>\n","protected":false},"featured_media":106100,"template":"","meta":[],"product_cat":[1757],"product_tag":[],"class_list":{"0":"post-106098","1":"product","2":"type-product","3":"status-publish","4":"has-post-thumbnail","6":"product_brand-donegal-sp-zo-o-_pl-lt","7":"product_cat-ranku-prieziuros-priedai","9":"first","10":"instock","11":"taxable","12":"shipping-taxable","13":"product-type-simple"},"_links":{"self":[{"href":"https:\/\/e.kosmolat.eu\/lt\/wp-json\/wp\/v2\/product\/106098","targetHints":{"allow":["GET"]}}],"collection":[{"href":"https:\/\/e.kosmolat.eu\/lt\/wp-json\/wp\/v2\/product"}],"about":[{"href":"https:\/\/e.kosmolat.eu\/lt\/wp-json\/wp\/v2\/types\/product"}],"wp:featuredmedia":[{"embeddable":true,"href":"https:\/\/e.kosmolat.eu\/lt\/wp-json\/wp\/v2\/media\/106100"}],"wp:attachment":[{"href":"https:\/\/e.kosmolat.eu\/lt\/wp-json\/wp\/v2\/media?parent=106098"}],"wp:term":[{"taxonomy":"product_cat","embeddable":true,"href":"https:\/\/e.kosmolat.eu\/lt\/wp-json\/wp\/v2\/product_cat?post=106098"},{"taxonomy":"product_tag","embeddable":true,"href":"https:\/\/e.kosmolat.eu\/lt\/wp-json\/wp\/v2\/product_tag?post=106098"}],"curies":[{"name":"wp","href":"https:\/\/api.w.org\/{rel}","templated":true}]}}