{"id":106090,"date":"2026-04-09T17:09:36","date_gmt":"2026-04-09T17:09:36","guid":{"rendered":"https:\/\/e.kosmolat.eu\/product\/ng-matu-veidos-suka-9590\/"},"modified":"2026-04-09T17:09:45","modified_gmt":"2026-04-09T17:09:45","slug":"ng-matu-veidos-suka-9590","status":"publish","type":"product","link":"https:\/\/e.kosmolat.eu\/lt\/produktas\/ng-matu-veidos-suka-9590\/","title":{"rendered":"Donegal NatureGift plauk\u0173 formavimo \u0161epetys 9590"},"content":{"rendered":"<p>\u0160epetys stilingiems plaukams kurti. Tinka visiems plauk\u0173 tipams.<\/p>\n<p>Prie\u017ei\u016bra: Nuplaukite \u0161iltu vandeniu.<\/p>\n","protected":false},"excerpt":{"rendered":"<p>\u0160epetys stilingiems plaukams kurti. Tinka visiems plauk\u0173 tipams. Prie\u017ei\u016bra: Nuplaukite \u0161iltu vandeniu.<\/p>\n","protected":false},"featured_media":106092,"template":"","meta":[],"product_cat":[1669],"product_tag":[],"class_list":{"0":"post-106090","1":"product","2":"type-product","3":"status-publish","4":"has-post-thumbnail","6":"product_brand-donegal-sp-zo-o-_pl-lt","7":"product_cat-plauku-aksesuarai","9":"first","10":"instock","11":"taxable","12":"shipping-taxable","13":"product-type-simple"},"_links":{"self":[{"href":"https:\/\/e.kosmolat.eu\/lt\/wp-json\/wp\/v2\/product\/106090","targetHints":{"allow":["GET"]}}],"collection":[{"href":"https:\/\/e.kosmolat.eu\/lt\/wp-json\/wp\/v2\/product"}],"about":[{"href":"https:\/\/e.kosmolat.eu\/lt\/wp-json\/wp\/v2\/types\/product"}],"wp:featuredmedia":[{"embeddable":true,"href":"https:\/\/e.kosmolat.eu\/lt\/wp-json\/wp\/v2\/media\/106092"}],"wp:attachment":[{"href":"https:\/\/e.kosmolat.eu\/lt\/wp-json\/wp\/v2\/media?parent=106090"}],"wp:term":[{"taxonomy":"product_cat","embeddable":true,"href":"https:\/\/e.kosmolat.eu\/lt\/wp-json\/wp\/v2\/product_cat?post=106090"},{"taxonomy":"product_tag","embeddable":true,"href":"https:\/\/e.kosmolat.eu\/lt\/wp-json\/wp\/v2\/product_tag?post=106090"}],"curies":[{"name":"wp","href":"https:\/\/api.w.org\/{rel}","templated":true}]}}