{"id":106082,"date":"2026-04-09T17:09:18","date_gmt":"2026-04-09T17:09:18","guid":{"rendered":"https:\/\/e.kosmolat.eu\/product\/scarlet-matu-suka-1290\/"},"modified":"2026-04-15T06:07:19","modified_gmt":"2026-04-15T06:07:19","slug":"scarlet-matu-suka-1290","status":"publish","type":"product","link":"https:\/\/e.kosmolat.eu\/lt\/produktas\/scarlet-matu-suka-1290\/","title":{"rendered":"Donegal Scarlet \u0161ukos 1290"},"content":{"rendered":"<p>Kruop\u0161\u010diai i\u0161\u0161ukuoja net ilgus ir storus plaukus. Idealiai tinka paskirstyti kondicionieri\u0173 per visus plaukus. Lengva valyti.<\/p>\n<p>Tikroji produkto spalva gali skirtis nuo parodytos paveiksl\u0117lyje.<\/p>\n","protected":false},"excerpt":{"rendered":"<p>Kruop\u0161\u010diai i\u0161\u0161ukuoja net ilgus ir storus plaukus. Idealiai tinka paskirstyti kondicionieri\u0173 per visus plaukus. Lengva valyti. Tikroji produkto spalva gali skirtis nuo parodytos paveiksl\u0117lyje.<\/p>\n","protected":false},"featured_media":106084,"template":"","meta":[],"product_cat":[1669],"product_tag":[],"class_list":{"0":"post-106082","1":"product","2":"type-product","3":"status-publish","4":"has-post-thumbnail","6":"product_brand-donegal-sp-zo-o-_pl-lt","7":"product_cat-plauku-aksesuarai","9":"first","10":"outofstock","11":"taxable","12":"shipping-taxable","13":"product-type-simple"},"_links":{"self":[{"href":"https:\/\/e.kosmolat.eu\/lt\/wp-json\/wp\/v2\/product\/106082","targetHints":{"allow":["GET"]}}],"collection":[{"href":"https:\/\/e.kosmolat.eu\/lt\/wp-json\/wp\/v2\/product"}],"about":[{"href":"https:\/\/e.kosmolat.eu\/lt\/wp-json\/wp\/v2\/types\/product"}],"wp:featuredmedia":[{"embeddable":true,"href":"https:\/\/e.kosmolat.eu\/lt\/wp-json\/wp\/v2\/media\/106084"}],"wp:attachment":[{"href":"https:\/\/e.kosmolat.eu\/lt\/wp-json\/wp\/v2\/media?parent=106082"}],"wp:term":[{"taxonomy":"product_cat","embeddable":true,"href":"https:\/\/e.kosmolat.eu\/lt\/wp-json\/wp\/v2\/product_cat?post=106082"},{"taxonomy":"product_tag","embeddable":true,"href":"https:\/\/e.kosmolat.eu\/lt\/wp-json\/wp\/v2\/product_tag?post=106082"}],"curies":[{"name":"wp","href":"https:\/\/api.w.org\/{rel}","templated":true}]}}