{"id":106074,"date":"2026-04-09T17:09:00","date_gmt":"2026-04-09T17:09:00","guid":{"rendered":"https:\/\/e.kosmolat.eu\/product\/maksligas-skropstas-4439-uz-caursp-sloks-2-gab\/"},"modified":"2026-04-24T05:50:17","modified_gmt":"2026-04-24T05:50:17","slug":"maksligas-skropstas-4439-uz-caursp-sloks-2-gab","status":"publish","type":"product","link":"https:\/\/e.kosmolat.eu\/lt\/produktas\/maksligas-skropstas-4439-uz-caursp-sloks-2-gab\/","title":{"rendered":"DONEGAL Dirbtin\u0117s blakstienos ant permatomos juostel\u0117s (2 vnt.) 4439"},"content":{"rendered":"<p>Apkirpkite dirbtines blakstienas, kad jos atitikt\u0173 j\u016bs\u0173 aki\u0173 form\u0105 ir ilg\u012f. U\u017etepkite nedidel\u012f kiek\u012f klij\u0173 ant pagrindo ir klijuokite kuo ar\u010diau nat\u016brali\u0173 blakstien\u0173 \u0161akn\u0173. \u0160velniai paspauskite, kad pritvirtintum\u0117te.<\/p>\n","protected":false},"excerpt":{"rendered":"<p>Apkirpkite dirbtines blakstienas, kad jos atitikt\u0173 j\u016bs\u0173 aki\u0173 form\u0105 ir ilg\u012f. U\u017etepkite nedidel\u012f kiek\u012f klij\u0173 ant pagrindo ir klijuokite kuo ar\u010diau nat\u016brali\u0173 blakstien\u0173 \u0161akn\u0173. \u0160velniai paspauskite, kad pritvirtintum\u0117te.<\/p>\n","protected":false},"featured_media":106076,"template":"","meta":[],"product_cat":[1511],"product_tag":[],"class_list":{"0":"post-106074","1":"product","2":"type-product","3":"status-publish","4":"has-post-thumbnail","6":"product_brand-donegal-sp-zo-o-_pl-lt","7":"product_cat-dirbtines-blakstienos","9":"first","10":"instock","11":"taxable","12":"shipping-taxable","13":"product-type-simple"},"_links":{"self":[{"href":"https:\/\/e.kosmolat.eu\/lt\/wp-json\/wp\/v2\/product\/106074","targetHints":{"allow":["GET"]}}],"collection":[{"href":"https:\/\/e.kosmolat.eu\/lt\/wp-json\/wp\/v2\/product"}],"about":[{"href":"https:\/\/e.kosmolat.eu\/lt\/wp-json\/wp\/v2\/types\/product"}],"wp:featuredmedia":[{"embeddable":true,"href":"https:\/\/e.kosmolat.eu\/lt\/wp-json\/wp\/v2\/media\/106076"}],"wp:attachment":[{"href":"https:\/\/e.kosmolat.eu\/lt\/wp-json\/wp\/v2\/media?parent=106074"}],"wp:term":[{"taxonomy":"product_cat","embeddable":true,"href":"https:\/\/e.kosmolat.eu\/lt\/wp-json\/wp\/v2\/product_cat?post=106074"},{"taxonomy":"product_tag","embeddable":true,"href":"https:\/\/e.kosmolat.eu\/lt\/wp-json\/wp\/v2\/product_tag?post=106074"}],"curies":[{"name":"wp","href":"https:\/\/api.w.org\/{rel}","templated":true}]}}