{"id":106010,"date":"2026-04-09T17:06:39","date_gmt":"2026-04-09T17:06:39","guid":{"rendered":"https:\/\/e.kosmolat.eu\/product\/r-o-c-s-zobu-pasta-aktivais-magnijs-94-g\/"},"modified":"2026-04-10T13:25:35","modified_gmt":"2026-04-10T13:25:35","slug":"r-o-c-s-zobu-pasta-aktivais-magnijs-94-g","status":"publish","type":"product","link":"https:\/\/e.kosmolat.eu\/lt\/produktas\/r-o-c-s-zobu-pasta-aktivais-magnijs-94-g\/","title":{"rendered":"R.O.C.S. dant\u0173 pasta Aktyvusis magnis, 94 g"},"content":{"rendered":"<p>Biologi\u0161kai prieinam\u0173 mineral\u0173 \u0161altinis: magnis, kalcis, fosforas ir silicis. Jame yra didel\u0117 magnio koncentracija \u2013 tai b\u016btinas cheminis elementas, reikalingas daugiau nei 300 ferment\u0173 veikimui. \u0160ie fermentai, be kit\u0173 funkcij\u0173, taip pat u\u017etikrina dant\u0173 ir kaul\u0173 mineralizacij\u0105. Magnis veikia organizmo sveikat\u0105, normalizuoja energijos apykait\u0105. Taip pat suma\u017eina gingivito (danten\u0173 u\u017edegimo) rizik\u0105. Magnis kartu su kitais mineralais, \u012fskaitant kalc\u012f ir fosfor\u0105, gerina dant\u0173 emalio remineralizacij\u0105. Magnis ir ksilitolis (3 %) slopina karies\u0105 sukelian\u010di\u0173 bakterij\u0173 augim\u0105. Dant\u0173 pasta yra \u0161velnaus, gaivinan\u010dio skonio.<\/p>\n<p>Nerekomenduojama skalauti burnos i\u0161 karto po naudojimo.<\/p>\n<p>Galiojimo laikas: 3 metai. <\/p>\n<p>Klinikiniai \u012frodyta.<\/p>\n","protected":false},"excerpt":{"rendered":"<p>Biologi\u0161kai prieinam\u0173 mineral\u0173 \u0161altinis: magnis, kalcis, fosforas ir silicis. Jame yra didel\u0117 magnio koncentracija \u2013 tai b\u016btinas cheminis elementas, reikalingas daugiau nei 300 ferment\u0173 veikimui. \u0160ie fermentai, be kit\u0173 funkcij\u0173, taip pat u\u017etikrina dant\u0173 ir kaul\u0173 mineralizacij\u0105. Magnis veikia organizmo sveikat\u0105, normalizuoja energijos apykait\u0105. Taip pat suma\u017eina gingivito (danten\u0173 u\u017edegimo) rizik\u0105. Magnis kartu su kitais [&#8230;]\n","protected":false},"featured_media":106012,"template":"","meta":[],"product_cat":[1308],"product_tag":[],"class_list":{"0":"post-106010","1":"product","2":"type-product","3":"status-publish","4":"has-post-thumbnail","6":"product_brand-rocs-lt","7":"product_cat-dantu-pastos-ir-geliai","9":"first","10":"outofstock","11":"taxable","12":"shipping-taxable","13":"product-type-simple"},"_links":{"self":[{"href":"https:\/\/e.kosmolat.eu\/lt\/wp-json\/wp\/v2\/product\/106010","targetHints":{"allow":["GET"]}}],"collection":[{"href":"https:\/\/e.kosmolat.eu\/lt\/wp-json\/wp\/v2\/product"}],"about":[{"href":"https:\/\/e.kosmolat.eu\/lt\/wp-json\/wp\/v2\/types\/product"}],"wp:featuredmedia":[{"embeddable":true,"href":"https:\/\/e.kosmolat.eu\/lt\/wp-json\/wp\/v2\/media\/106012"}],"wp:attachment":[{"href":"https:\/\/e.kosmolat.eu\/lt\/wp-json\/wp\/v2\/media?parent=106010"}],"wp:term":[{"taxonomy":"product_cat","embeddable":true,"href":"https:\/\/e.kosmolat.eu\/lt\/wp-json\/wp\/v2\/product_cat?post=106010"},{"taxonomy":"product_tag","embeddable":true,"href":"https:\/\/e.kosmolat.eu\/lt\/wp-json\/wp\/v2\/product_tag?post=106010"}],"curies":[{"name":"wp","href":"https:\/\/api.w.org\/{rel}","templated":true}]}}