{"id":106002,"date":"2026-04-09T17:06:22","date_gmt":"2026-04-09T17:06:22","guid":{"rendered":"https:\/\/e.kosmolat.eu\/product\/r-o-c-s-zobu-pasta-aktivais-kalcijs-94-g\/"},"modified":"2026-04-10T13:25:18","modified_gmt":"2026-04-10T13:25:18","slug":"r-o-c-s-zobu-pasta-aktivais-kalcijs-94-g","status":"publish","type":"product","link":"https:\/\/e.kosmolat.eu\/lt\/produktas\/r-o-c-s-zobu-pasta-aktivais-kalcijs-94-g\/","title":{"rendered":"R.O.C.S. Dant\u0173 pasta Aktyvusis kalcis, 94 g"},"content":{"rendered":"<p>Stiprina dantis. Sud\u0117tyje yra optimaliomis proporcijomis biologi\u0161kai prieinamo kalcio, fosforo, silicio ir magnio. Ksilitolis (3 %) padeda kontroliuoti apna\u0161as, normalizuoja mikroflor\u0105 ir skatina remineralizacij\u0105. Ma\u017eai abrazyvin\u0117 formul\u0117 skirta \u017emon\u0117ms su jautriais dantimis ir emalio defektais.<\/p>\n<p>Galiojimo laikas: 3 metai.<\/p>\n","protected":false},"excerpt":{"rendered":"<p>Stiprina dantis. Sud\u0117tyje yra optimaliomis proporcijomis biologi\u0161kai prieinamo kalcio, fosforo, silicio ir magnio. Ksilitolis (3 %) padeda kontroliuoti apna\u0161as, normalizuoja mikroflor\u0105 ir skatina remineralizacij\u0105. Ma\u017eai abrazyvin\u0117 formul\u0117 skirta \u017emon\u0117ms su jautriais dantimis ir emalio defektais. Galiojimo laikas: 3 metai.<\/p>\n","protected":false},"featured_media":106004,"template":"","meta":[],"product_cat":[1308],"product_tag":[],"class_list":{"0":"post-106002","1":"product","2":"type-product","3":"status-publish","4":"has-post-thumbnail","6":"product_brand-rocs-lt","7":"product_cat-dantu-pastos-ir-geliai","9":"first","10":"instock","11":"taxable","12":"shipping-taxable","13":"product-type-simple"},"_links":{"self":[{"href":"https:\/\/e.kosmolat.eu\/lt\/wp-json\/wp\/v2\/product\/106002","targetHints":{"allow":["GET"]}}],"collection":[{"href":"https:\/\/e.kosmolat.eu\/lt\/wp-json\/wp\/v2\/product"}],"about":[{"href":"https:\/\/e.kosmolat.eu\/lt\/wp-json\/wp\/v2\/types\/product"}],"wp:featuredmedia":[{"embeddable":true,"href":"https:\/\/e.kosmolat.eu\/lt\/wp-json\/wp\/v2\/media\/106004"}],"wp:attachment":[{"href":"https:\/\/e.kosmolat.eu\/lt\/wp-json\/wp\/v2\/media?parent=106002"}],"wp:term":[{"taxonomy":"product_cat","embeddable":true,"href":"https:\/\/e.kosmolat.eu\/lt\/wp-json\/wp\/v2\/product_cat?post=106002"},{"taxonomy":"product_tag","embeddable":true,"href":"https:\/\/e.kosmolat.eu\/lt\/wp-json\/wp\/v2\/product_tag?post=106002"}],"curies":[{"name":"wp","href":"https:\/\/api.w.org\/{rel}","templated":true}]}}