{"id":105994,"date":"2026-04-09T17:06:06","date_gmt":"2026-04-09T17:06:06","guid":{"rendered":"https:\/\/e.kosmolat.eu\/product\/wow-sejas-skrubis-ar-arbuza-un-kaktus-ekstr-vis-adas-tip-500-ml\/"},"modified":"2026-04-09T17:06:14","modified_gmt":"2026-04-09T17:06:14","slug":"wow-sejas-skrubis-ar-arbuza-un-kaktus-ekstr-vis-adas-tip-500-ml","status":"publish","type":"product","link":"https:\/\/e.kosmolat.eu\/lt\/produktas\/wow-sejas-skrubis-ar-arbuza-un-kaktus-ekstr-vis-adas-tip-500-ml\/","title":{"rendered":"WOW veido \u0161veitiklis su arb\u016bz ir kaktus\u0173 ekstraktais visiems odos tipams, 500 ml"},"content":{"rendered":"<p>\u201eWow\u201c veido \u0161veitiklis pasi\u017eymi \u0161velnia formule, kuri pa\u0161alina negyvas odos l\u0105steles, suteikdama odai gaivumo, \u0161velnumo ir \u0161varos poj\u016bt\u012f. Jis praturtintas 100 % abrikos\u0173 kauliukais.<\/p>\n<p>Naudojimas: \u0160velniai u\u017etepkite ant dr\u0117gnos arba sausos odos, masa\u017euodami sukamaisiais judesiais vien\u0105 minut\u0119. Kruop\u0161\u010diai nuplaukite vandeniu.<\/p>\n<p>Atsargumo priemon\u0117s: Tik i\u0161oriniam naudojimui. Venkite patekimo \u012f akis. Patekus \u012f akis, gausiai praplaukite vandeniu. Laikyti vaikams nepasiekiamoje vietoje. Nenaudoti vaikams iki 3 met\u0173.<\/p>\n","protected":false},"excerpt":{"rendered":"<p>\u201eWow\u201c veido \u0161veitiklis pasi\u017eymi \u0161velnia formule, kuri pa\u0161alina negyvas odos l\u0105steles, suteikdama odai gaivumo, \u0161velnumo ir \u0161varos poj\u016bt\u012f. Jis praturtintas 100 % abrikos\u0173 kauliukais. Naudojimas: \u0160velniai u\u017etepkite ant dr\u0117gnos arba sausos odos, masa\u017euodami sukamaisiais judesiais vien\u0105 minut\u0119. Kruop\u0161\u010diai nuplaukite vandeniu. Atsargumo priemon\u0117s: Tik i\u0161oriniam naudojimui. Venkite patekimo \u012f akis. Patekus \u012f akis, gausiai praplaukite vandeniu. [&#8230;]\n","protected":false},"featured_media":105996,"template":"","meta":[],"product_cat":[1396],"product_tag":[],"class_list":{"0":"post-105994","1":"product","2":"type-product","3":"status-publish","4":"has-post-thumbnail","6":"product_brand-sora_tr-lt","7":"product_cat-veido-sveitikliai-ir-pilingai","9":"first","10":"instock","11":"taxable","12":"shipping-taxable","13":"product-type-simple"},"_links":{"self":[{"href":"https:\/\/e.kosmolat.eu\/lt\/wp-json\/wp\/v2\/product\/105994","targetHints":{"allow":["GET"]}}],"collection":[{"href":"https:\/\/e.kosmolat.eu\/lt\/wp-json\/wp\/v2\/product"}],"about":[{"href":"https:\/\/e.kosmolat.eu\/lt\/wp-json\/wp\/v2\/types\/product"}],"wp:featuredmedia":[{"embeddable":true,"href":"https:\/\/e.kosmolat.eu\/lt\/wp-json\/wp\/v2\/media\/105996"}],"wp:attachment":[{"href":"https:\/\/e.kosmolat.eu\/lt\/wp-json\/wp\/v2\/media?parent=105994"}],"wp:term":[{"taxonomy":"product_cat","embeddable":true,"href":"https:\/\/e.kosmolat.eu\/lt\/wp-json\/wp\/v2\/product_cat?post=105994"},{"taxonomy":"product_tag","embeddable":true,"href":"https:\/\/e.kosmolat.eu\/lt\/wp-json\/wp\/v2\/product_tag?post=105994"}],"curies":[{"name":"wp","href":"https:\/\/api.w.org\/{rel}","templated":true}]}}