{"id":105986,"date":"2026-04-09T17:05:48","date_gmt":"2026-04-09T17:05:48","guid":{"rendered":"https:\/\/e.kosmolat.eu\/product\/eci-power-unit-matte-matets-matu-veidos-vasks-150-ml\/"},"modified":"2026-04-09T17:05:57","modified_gmt":"2026-04-09T17:05:57","slug":"eci-power-unit-matte-matets-matu-veidos-vasks-150-ml","status":"publish","type":"product","link":"https:\/\/e.kosmolat.eu\/lt\/produktas\/eci-power-unit-matte-matets-matu-veidos-vasks-150-ml\/","title":{"rendered":"ECI Power Unit matinis va\u0161kas plaukams, 150 ml"},"content":{"rendered":"<p>Va\u0161kas plaukams idealiai tinka norint sukurti individual\u0173 stili\u0173. Jis suteikia lanks\u010di\u0105 fiksacij\u0105 ir nat\u016bral\u0173 blizges\u012f.<\/p>\n<p>Naudojimas: Tepkite ant saus\u0173 plauk\u0173. Nor\u0117dami sukurti norim\u0105 stili\u0173, u\u017etepkite nedidel\u012f kiek\u012f va\u0161ko ant delno ir tolygiai paskirstykite per plaukus.<\/p>\n<p>Atsargiai!<br \/>\nTik i\u0161oriniam naudojimui. Venkite patekimo \u012f akis. Patekus \u012f akis, gausiai praplaukite vandeniu. Laikyti vaikams nepasiekiamoje vietoje, kambario temperat\u016broje.<\/p>\n","protected":false},"excerpt":{"rendered":"<p>Va\u0161kas plaukams idealiai tinka norint sukurti individual\u0173 stili\u0173. Jis suteikia lanks\u010di\u0105 fiksacij\u0105 ir nat\u016bral\u0173 blizges\u012f. Naudojimas: Tepkite ant saus\u0173 plauk\u0173. Nor\u0117dami sukurti norim\u0105 stili\u0173, u\u017etepkite nedidel\u012f kiek\u012f va\u0161ko ant delno ir tolygiai paskirstykite per plaukus. Atsargiai! Tik i\u0161oriniam naudojimui. Venkite patekimo \u012f akis. Patekus \u012f akis, gausiai praplaukite vandeniu. Laikyti vaikams nepasiekiamoje vietoje, kambario temperat\u016broje.<\/p>\n","protected":false},"featured_media":105988,"template":"","meta":[],"product_cat":[1653],"product_tag":[],"class_list":{"0":"post-105986","1":"product","2":"type-product","3":"status-publish","4":"has-post-thumbnail","6":"product_brand-sora_tr-lt","7":"product_cat-geliai-kremai-aliejai-ir-kt","9":"first","10":"instock","11":"taxable","12":"shipping-taxable","13":"product-type-simple"},"_links":{"self":[{"href":"https:\/\/e.kosmolat.eu\/lt\/wp-json\/wp\/v2\/product\/105986","targetHints":{"allow":["GET"]}}],"collection":[{"href":"https:\/\/e.kosmolat.eu\/lt\/wp-json\/wp\/v2\/product"}],"about":[{"href":"https:\/\/e.kosmolat.eu\/lt\/wp-json\/wp\/v2\/types\/product"}],"wp:featuredmedia":[{"embeddable":true,"href":"https:\/\/e.kosmolat.eu\/lt\/wp-json\/wp\/v2\/media\/105988"}],"wp:attachment":[{"href":"https:\/\/e.kosmolat.eu\/lt\/wp-json\/wp\/v2\/media?parent=105986"}],"wp:term":[{"taxonomy":"product_cat","embeddable":true,"href":"https:\/\/e.kosmolat.eu\/lt\/wp-json\/wp\/v2\/product_cat?post=105986"},{"taxonomy":"product_tag","embeddable":true,"href":"https:\/\/e.kosmolat.eu\/lt\/wp-json\/wp\/v2\/product_tag?post=105986"}],"curies":[{"name":"wp","href":"https:\/\/api.w.org\/{rel}","templated":true}]}}