{"id":105978,"date":"2026-04-09T17:05:24","date_gmt":"2026-04-09T17:05:24","guid":{"rendered":"https:\/\/e.kosmolat.eu\/product\/dp-stiklu-tirisanas-lidzeklis-750-ml\/"},"modified":"2026-04-10T12:42:54","modified_gmt":"2026-04-10T12:42:54","slug":"dp-stiklu-tirisanas-lidzeklis-750-ml","status":"publish","type":"product","link":"https:\/\/e.kosmolat.eu\/lt\/produktas\/dp-stiklu-tirisanas-lidzeklis-750-ml\/","title":{"rendered":"DUAL POWER stiklo valiklis, 750 ml"},"content":{"rendered":"<p>Universalus valiklis, skirtas dulk\u0117ms \u0161alinti ir stiklui, veidrod\u017eiams, plastikui bei laminuotiems pavir\u0161iams valyti. Palieka pavir\u0161ius blizgius ir maloniai kvepian\u010dius, nepaliekant dry\u017ei\u0173.<\/p>\n<p>Naudojimas:<br \/>\n1. Purk\u0161kite valikl\u012f ma\u017edaug 20 cm atstumu nuo valomo pavir\u0161iaus.<br \/>\n2. Tolygiai nuvalykite sausa \u0161luoste, kol pavir\u0161ius visi\u0161kai i\u0161d\u017eius.<\/p>\n<p>Sud\u0117tis: ma\u017eiau kaip 5 % anijonini\u0173 aktyvi\u0173j\u0173 pavir\u0161iaus med\u017eiag\u0173. Kvapai. Konservavimo med\u017eiaga: Benzisothiazolinone.<\/p>\n<p>EUH208 Sud\u0117tyje yra: 1,2-benzizotiazol -3(2H)-onas , 5-chlor-2-metil-2H-izotiazol-3- ono ir 2-metil-2H-izotiazol-3-ono reakcijos mas\u0117 (3:1). Gali sukelti alergin\u0119 reakcij\u0105.<br \/>\nP101 Jei reikalinga gydytojo konsultacija, su savimi tur\u0117kite produkto talpykl\u0105 ar jo etiket\u0119.<br \/>\nP102 Laikyti vaikams neprieinamoje vietoje<br \/>\nP103 Prie\u0161 naudojim\u0105 perskaityti.<\/p>\n","protected":false},"excerpt":{"rendered":"<p>Universalus valiklis, skirtas dulk\u0117ms \u0161alinti ir stiklui, veidrod\u017eiams, plastikui bei laminuotiems pavir\u0161iams valyti. Palieka pavir\u0161ius blizgius ir maloniai kvepian\u010dius, nepaliekant dry\u017ei\u0173. Naudojimas: 1. Purk\u0161kite valikl\u012f ma\u017edaug 20 cm atstumu nuo valomo pavir\u0161iaus. 2. Tolygiai nuvalykite sausa \u0161luoste, kol pavir\u0161ius visi\u0161kai i\u0161d\u017eius. Sud\u0117tis: ma\u017eiau kaip 5 % anijonini\u0173 aktyvi\u0173j\u0173 pavir\u0161iaus med\u017eiag\u0173. Kvapai. Konservavimo med\u017eiaga: Benzisothiazolinone. EUH208 [&#8230;]\n","protected":false},"featured_media":105980,"template":"","meta":[],"product_cat":[1722],"product_tag":[],"class_list":{"0":"post-105978","1":"product","2":"type-product","3":"status-publish","4":"has-post-thumbnail","6":"product_brand-italchimica-it-lt","7":"product_cat-langams-ir-stiklui","9":"first","10":"instock","11":"taxable","12":"shipping-taxable","13":"product-type-simple"},"_links":{"self":[{"href":"https:\/\/e.kosmolat.eu\/lt\/wp-json\/wp\/v2\/product\/105978","targetHints":{"allow":["GET"]}}],"collection":[{"href":"https:\/\/e.kosmolat.eu\/lt\/wp-json\/wp\/v2\/product"}],"about":[{"href":"https:\/\/e.kosmolat.eu\/lt\/wp-json\/wp\/v2\/types\/product"}],"wp:featuredmedia":[{"embeddable":true,"href":"https:\/\/e.kosmolat.eu\/lt\/wp-json\/wp\/v2\/media\/105980"}],"wp:attachment":[{"href":"https:\/\/e.kosmolat.eu\/lt\/wp-json\/wp\/v2\/media?parent=105978"}],"wp:term":[{"taxonomy":"product_cat","embeddable":true,"href":"https:\/\/e.kosmolat.eu\/lt\/wp-json\/wp\/v2\/product_cat?post=105978"},{"taxonomy":"product_tag","embeddable":true,"href":"https:\/\/e.kosmolat.eu\/lt\/wp-json\/wp\/v2\/product_tag?post=105978"}],"curies":[{"name":"wp","href":"https:\/\/api.w.org\/{rel}","templated":true}]}}