{"id":105906,"date":"2026-04-09T17:02:18","date_gmt":"2026-04-09T17:02:18","guid":{"rendered":"https:\/\/e.kosmolat.eu\/product\/lebelage-hyaluronic-collagen-aud-sejas-maska-25-g\/"},"modified":"2026-04-10T09:17:57","modified_gmt":"2026-04-10T09:17:57","slug":"lebelage-hyaluronic-collagen-aud-sejas-maska-25-g","status":"publish","type":"product","link":"https:\/\/e.kosmolat.eu\/lt\/produktas\/lebelage-hyaluronic-collagen-aud-sejas-maska-25-g\/","title":{"rendered":"Lebelage Hyaluronic Collagen aud.sejas maska, 25 g"},"content":{"rendered":"<p>Hialuronsk\u0101be, kas paz\u012bstama ar sav\u0101m dabiskaj\u0101m mitrino\u0161aj\u0101m \u012bpa\u0161\u012bb\u0101m, aizsarg\u0101 \u0101du ar savu unik\u0101lo gludumu un pal\u012bdz mitrin\u0101t \u0101du, padarot to maigu un svaigu.<\/p>\n<p>Lieto\u0161ana<br \/>\n1. P\u0113c sejas att\u012br\u012b\u0161anas no\u0146emiet \u016bdeni.<br \/>\n2. Uzkl\u0101jiet masku uz sejas, vienm\u0113r\u012bgi un gludi izl\u012bdzinot.<br \/>\n3. P\u0113c 10\u201320 min\u016bt\u0113m no\u0146emiet masku.<br \/>\n4. Viegli iemas\u0113jiet atliku\u0161o esenci \u0101d\u0101.<\/p>\n<p>Piesardz\u012bbas pas\u0101kumi<br \/>\n\u2022 Lietojot kosm\u0113tiku vai p\u0113c t\u0101s lieto\u0161anas, ja rodas k\u0101di neparasti simptomi vai blakuspar\u0101d\u012bbas, piem\u0113ram, sarkani plankumi, piet\u016bkums vai nieze, konsult\u0113jieties ar speci\u0101listu.<br \/>\n\u2022 Nelietojiet uz ievainot\u0101m viet\u0101m.<br \/>\n\u2022 Glab\u0101jiet b\u0113rniem nepieejam\u0101 viet\u0101.<br \/>\n\u2022 Sarg\u0101jiet no tie\u0161as saules gaismas.<br \/>\n\u2022 Izvairieties no kontakta ar ac\u012bm.<\/p>\n","protected":false},"excerpt":{"rendered":"<p>Hialuronsk\u0101be, kas paz\u012bstama ar sav\u0101m dabiskaj\u0101m mitrino\u0161aj\u0101m \u012bpa\u0161\u012bb\u0101m, aizsarg\u0101 \u0101du ar savu unik\u0101lo gludumu un pal\u012bdz mitrin\u0101t \u0101du, padarot to maigu un svaigu. Lieto\u0161ana 1. P\u0113c sejas att\u012br\u012b\u0161anas no\u0146emiet \u016bdeni. 2. Uzkl\u0101jiet masku uz sejas, vienm\u0113r\u012bgi un gludi izl\u012bdzinot. 3. P\u0113c 10\u201320 min\u016bt\u0113m no\u0146emiet masku. 4. Viegli iemas\u0113jiet atliku\u0161o esenci \u0101d\u0101. Piesardz\u012bbas pas\u0101kumi \u2022 Lietojot [&#8230;]\n","protected":false},"featured_media":105908,"template":"","meta":[],"product_cat":[1678],"product_tag":[],"class_list":{"0":"post-105906","1":"product","2":"type-product","3":"status-publish","4":"has-post-thumbnail","6":"product_brand-replay_kr-lt","7":"product_cat-veido-prieziurai","9":"first","10":"instock","11":"taxable","12":"shipping-taxable","13":"product-type-simple"},"_links":{"self":[{"href":"https:\/\/e.kosmolat.eu\/lt\/wp-json\/wp\/v2\/product\/105906","targetHints":{"allow":["GET"]}}],"collection":[{"href":"https:\/\/e.kosmolat.eu\/lt\/wp-json\/wp\/v2\/product"}],"about":[{"href":"https:\/\/e.kosmolat.eu\/lt\/wp-json\/wp\/v2\/types\/product"}],"wp:featuredmedia":[{"embeddable":true,"href":"https:\/\/e.kosmolat.eu\/lt\/wp-json\/wp\/v2\/media\/105908"}],"wp:attachment":[{"href":"https:\/\/e.kosmolat.eu\/lt\/wp-json\/wp\/v2\/media?parent=105906"}],"wp:term":[{"taxonomy":"product_cat","embeddable":true,"href":"https:\/\/e.kosmolat.eu\/lt\/wp-json\/wp\/v2\/product_cat?post=105906"},{"taxonomy":"product_tag","embeddable":true,"href":"https:\/\/e.kosmolat.eu\/lt\/wp-json\/wp\/v2\/product_tag?post=105906"}],"curies":[{"name":"wp","href":"https:\/\/api.w.org\/{rel}","templated":true}]}}