{"id":105866,"date":"2026-04-09T17:00:51","date_gmt":"2026-04-09T17:00:51","guid":{"rendered":"https:\/\/e.kosmolat.eu\/product\/lebelage-aqua-aud-sejas-maska-25-g\/"},"modified":"2026-04-09T17:00:51","modified_gmt":"2026-04-09T17:00:51","slug":"lebelage-aqua-aud-sejas-maska-25-g","status":"publish","type":"product","link":"https:\/\/e.kosmolat.eu\/lt\/produktas\/lebelage-aqua-aud-sejas-maska-25-g\/","title":{"rendered":"Lebelage Aqua aud.sejas maska, 25 g"},"content":{"rendered":"<p>Satur hialuronsk\u0101bi, kas pal\u012bdz mitrin\u0101t \u0101du un padara to tvirtu.<\/p>\n<p>Lieto\u0161ana<br \/>\n1. P\u0113c sejas att\u012br\u012b\u0161anas no\u0146emiet \u016bdeni.<br \/>\n2. Uzkl\u0101jiet masku uz sejas, vienm\u0113r\u012bgi un gludi izl\u012bdzinot.<br \/>\n3. P\u0113c 10\u201320 min\u016bt\u0113m no\u0146emiet masku.<br \/>\n4. Viegli iemas\u0113jiet atliku\u0161o esenci \u0101d\u0101.<\/p>\n<p>Piesardz\u012bbas pas\u0101kumi<br \/>\n\u2022 Lietojot kosm\u0113tiku vai p\u0113c t\u0101s lieto\u0161anas, ja rodas k\u0101di neparasti simptomi vai blakuspar\u0101d\u012bbas, piem\u0113ram, sarkani plankumi, piet\u016bkums vai nieze, konsult\u0113jieties ar speci\u0101listu.<br \/>\n\u2022 Nelietojiet uz ievainot\u0101m viet\u0101m.<br \/>\n\u2022 Glab\u0101jiet b\u0113rniem nepieejam\u0101 viet\u0101.<br \/>\n\u2022 Sarg\u0101jiet no tie\u0161as saules gaismas.<br \/>\n\u2022 Izvairieties no kontakta ar ac\u012bm.<\/p>\n","protected":false},"excerpt":{"rendered":"<p>Satur hialuronsk\u0101bi, kas pal\u012bdz mitrin\u0101t \u0101du un padara to tvirtu. Lieto\u0161ana 1. P\u0113c sejas att\u012br\u012b\u0161anas no\u0146emiet \u016bdeni. 2. Uzkl\u0101jiet masku uz sejas, vienm\u0113r\u012bgi un gludi izl\u012bdzinot. 3. P\u0113c 10\u201320 min\u016bt\u0113m no\u0146emiet masku. 4. Viegli iemas\u0113jiet atliku\u0161o esenci \u0101d\u0101. Piesardz\u012bbas pas\u0101kumi \u2022 Lietojot kosm\u0113tiku vai p\u0113c t\u0101s lieto\u0161anas, ja rodas k\u0101di neparasti simptomi vai blakuspar\u0101d\u012bbas, piem\u0113ram, [&#8230;]\n","protected":false},"featured_media":105868,"template":"","meta":[],"product_cat":[1369],"product_tag":[],"class_list":{"0":"post-105866","1":"product","2":"type-product","3":"status-publish","4":"has-post-thumbnail","6":"product_brand-replay_kr-lt","7":"product_cat-veido-kaukes","9":"first","10":"instock","11":"taxable","12":"shipping-taxable","13":"product-type-simple"},"_links":{"self":[{"href":"https:\/\/e.kosmolat.eu\/lt\/wp-json\/wp\/v2\/product\/105866","targetHints":{"allow":["GET"]}}],"collection":[{"href":"https:\/\/e.kosmolat.eu\/lt\/wp-json\/wp\/v2\/product"}],"about":[{"href":"https:\/\/e.kosmolat.eu\/lt\/wp-json\/wp\/v2\/types\/product"}],"wp:featuredmedia":[{"embeddable":true,"href":"https:\/\/e.kosmolat.eu\/lt\/wp-json\/wp\/v2\/media\/105868"}],"wp:attachment":[{"href":"https:\/\/e.kosmolat.eu\/lt\/wp-json\/wp\/v2\/media?parent=105866"}],"wp:term":[{"taxonomy":"product_cat","embeddable":true,"href":"https:\/\/e.kosmolat.eu\/lt\/wp-json\/wp\/v2\/product_cat?post=105866"},{"taxonomy":"product_tag","embeddable":true,"href":"https:\/\/e.kosmolat.eu\/lt\/wp-json\/wp\/v2\/product_tag?post=105866"}],"curies":[{"name":"wp","href":"https:\/\/api.w.org\/{rel}","templated":true}]}}