{"id":105834,"date":"2026-04-09T16:59:36","date_gmt":"2026-04-09T16:59:36","guid":{"rendered":"https:\/\/e.kosmolat.eu\/product\/verpia-aloe-auduma-sejas-maska-ar-alvejas-ekstraktu-20-ml\/"},"modified":"2026-04-11T20:04:30","modified_gmt":"2026-04-11T20:04:30","slug":"verpia-aloe-auduma-sejas-maska-ar-alvejas-ekstraktu-20-ml","status":"publish","type":"product","link":"https:\/\/e.kosmolat.eu\/lt\/produktas\/verpia-aloe-auduma-sejas-maska-ar-alvejas-ekstraktu-20-ml\/","title":{"rendered":"Verpia Aloe auduma sejas maska ar alvejas ekstraktu, 20 ml"},"content":{"rendered":"<p>Maska aizsarg\u0101 un nomierina jut\u012bgu \u0101du, satur Aloe Barbadensis lapu ekstraktu un palielina mitruma l\u012bmeni saus\u0101 un dehidr\u0113t\u0101 \u0101d\u0101, padarot \u0101du mitrin\u0101tu un t\u012bru.<\/p>\n<p>Lieto\u0161ana:<br \/>\n1. P\u0113c sejas mazg\u0101\u0161anas no\u0146emiet mitrumu un not\u012briet \u0101du ar toniku.<br \/>\n2. Atveriet masku, iztaisnojiet pl\u0101ksn\u012bti, novietojiet to uz sejas atbilsto\u0161i acu formai un uzlieciet uz sejas.<br \/>\n3. Atst\u0101jiet uz 20\u201330 min\u016bt\u0113m un no\u0146emiet no sejas, kad t\u0101 ir da\u013c\u0113ji uzs\u016bkusies.<br \/>\n4. Iek\u013caujiet atliku\u0161o esenci \u0101d\u0101, lai t\u0101 uzs\u016bktos.<\/p>\n<p>Piesardz\u012bbas pas\u0101kumi:<br \/>\n1.\tJa lieto\u0161anas laik\u0101 vai p\u0113c uztur\u0113\u0161an\u0101s tie\u0161os saules staros par\u0101d\u0101s aps\u0101rtums, piet\u016bkums, nieze vai citas neparastas reakcijas, p\u0101rtrauciet lieto\u0161anu un konsult\u0113jieties ar speci\u0101listu.<br \/>\n2.\tNelietot uz boj\u0101tas \u0101das.<br \/>\n3.\tIzvair\u012bties no saskares ar ac\u012bm.<\/p>\n<p>Uzglab\u0101t b\u0113rniem nepieejam\u0101 viet\u0101, temperat\u016br\u0101 no +5 \u00b0\u0421 l\u012bdz +25 \u00b0\u0421, sarg\u0101jot no tie\u0161iem saules stariem, siltuma avotiem.<\/p>\n","protected":false},"excerpt":{"rendered":"<p>Maska aizsarg\u0101 un nomierina jut\u012bgu \u0101du, satur Aloe Barbadensis lapu ekstraktu un palielina mitruma l\u012bmeni saus\u0101 un dehidr\u0113t\u0101 \u0101d\u0101, padarot \u0101du mitrin\u0101tu un t\u012bru. Lieto\u0161ana: 1. P\u0113c sejas mazg\u0101\u0161anas no\u0146emiet mitrumu un not\u012briet \u0101du ar toniku. 2. Atveriet masku, iztaisnojiet pl\u0101ksn\u012bti, novietojiet to uz sejas atbilsto\u0161i acu formai un uzlieciet uz sejas. 3. Atst\u0101jiet uz [&#8230;]\n","protected":false},"featured_media":105836,"template":"","meta":[],"product_cat":[1369],"product_tag":[],"class_list":{"0":"post-105834","1":"product","2":"type-product","3":"status-publish","4":"has-post-thumbnail","6":"product_brand-replay_kr-lt","7":"product_cat-veido-kaukes","9":"first","10":"instock","11":"taxable","12":"shipping-taxable","13":"product-type-simple"},"_links":{"self":[{"href":"https:\/\/e.kosmolat.eu\/lt\/wp-json\/wp\/v2\/product\/105834","targetHints":{"allow":["GET"]}}],"collection":[{"href":"https:\/\/e.kosmolat.eu\/lt\/wp-json\/wp\/v2\/product"}],"about":[{"href":"https:\/\/e.kosmolat.eu\/lt\/wp-json\/wp\/v2\/types\/product"}],"wp:featuredmedia":[{"embeddable":true,"href":"https:\/\/e.kosmolat.eu\/lt\/wp-json\/wp\/v2\/media\/105836"}],"wp:attachment":[{"href":"https:\/\/e.kosmolat.eu\/lt\/wp-json\/wp\/v2\/media?parent=105834"}],"wp:term":[{"taxonomy":"product_cat","embeddable":true,"href":"https:\/\/e.kosmolat.eu\/lt\/wp-json\/wp\/v2\/product_cat?post=105834"},{"taxonomy":"product_tag","embeddable":true,"href":"https:\/\/e.kosmolat.eu\/lt\/wp-json\/wp\/v2\/product_tag?post=105834"}],"curies":[{"name":"wp","href":"https:\/\/api.w.org\/{rel}","templated":true}]}}